
{"id":1178,"date":"2023-07-13T15:58:42","date_gmt":"2023-07-13T06:58:42","guid":{"rendered":"http:\/\/xsbizx2023.xsrv.jp\/?page_id=1178"},"modified":"2023-10-31T13:13:31","modified_gmt":"2023-10-31T04:13:31","slug":"about-dealings","status":"publish","type":"page","link":"https:\/\/ohtavn.com\/vi\/about-dealings\/","title":{"rendered":"ABOUT DEALINGS &#8211; VI"},"content":{"rendered":"<ul class=\"anchor_link\">\n<li><a href=\"#about_ttl01\">Quy tr\u00ecnh K\u00fd h\u1ee3p \u0111\u1ed3ng<span class=\"path_anhchor\"><\/span><\/a><\/li>\n<li><a href=\"#about_ttl02\">H\u1ed7 tr\u1ee3 sau khi k\u00fd h\u1ee3p \u0111\u1ed3ng<span class=\"path_anhchor\"><\/span><\/a><\/li>\n<li><a href=\"#about_ttl03\">H\u1ecfi \u0111\u00e1p v\u1ec1 c\u00e1c v\u1ea5n \u0111\u1ec1<span class=\"path_anhchor\"><\/span><\/a><\/li>\n<\/ul>\n<section id=\"about_ttl01\" class=\"clearfix\">\n<div class=\"uttl3_01\">\n<p class=\"uttl3_en\">about dealings<\/p>\n<h3>Quy tr\u00ecnh K\u00fd h\u1ee3p \u0111\u1ed3ng<\/h3>\n<\/div>\n<div class=\"about_step\">\n<div class=\"about_step_detail\">\n<dl>\n<dt><img decoding=\"async\" src=\"https:\/\/ohtavn.com\/wp-content\/themes\/ohtavn\/images\/about_icon01.svg\" width=\"70\" height=\"70\" alt=\"STEP1\"><\/dt>\n<dd>STEP<span class=\"step_number\">1<\/span><\/dd>\n<\/dl>\n<p class=\"about_step_ttl\">Li\u00ean h\u1ec7 \/ Y\u00eau c\u1ea7u b\u00e1o gi\u00e1<\/p>\n<\/div>\n<div class=\"about_step_detail\">\n<dl>\n<dt><img decoding=\"async\" src=\"https:\/\/ohtavn.com\/wp-content\/themes\/ohtavn\/images\/about_icon02.svg\" width=\"70\" height=\"70\" alt=\"STEP2\"><\/dt>\n<dd>STEP<span class=\"step_number\">2<\/span><\/dd>\n<\/dl>\n<p class=\"about_step_ttl\">Th\u1ea3o lu\u1eadn \/ <br class=\"pc\">h\u1ecfi v\u1ec1 t\u00ecnh h\u00ecnh th\u1ef1c t\u1ebf<\/p>\n<\/div>\n<div class=\"about_step_detail\">\n<dl>\n<dt><img decoding=\"async\" src=\"https:\/\/ohtavn.com\/wp-content\/themes\/ohtavn\/images\/about_icon03.svg\" width=\"70\" height=\"70\" alt=\"STEP3\"><\/dt>\n<dd>STEP<span class=\"step_number\">3<\/span><\/dd>\n<\/dl>\n<p class=\"about_step_ttl\">\u0110\u1ec1 xu\u1ea5t \/ <br class=\"pc\">\u0111i\u1ec1u ch\u1ec9nh y\u00eau c\u1ea7u<\/p>\n<\/div>\n<div class=\"about_step_listmain\">\n<div class=\"about_step_box\">\n<div class=\"about_step_detail\">\n<dl>\n<dt><img decoding=\"async\" src=\"https:\/\/ohtavn.com\/wp-content\/themes\/ohtavn\/images\/about_icon04a.svg\" width=\"70\" height=\"70\" alt=\"STEP4\"><\/dt>\n<dd>STEP<span class=\"step_number\">4<\/span><\/dd>\n<\/dl>\n<p class=\"about_step_ttl\">N\u1ebfu l\u00e0 s\u1ea3n ph\u1ea9m c\u00f3 s\u1eb5n<\/p>\n<\/div>\n<div class=\"about_step_detail\">\n<p class=\"about_step_ttl\">X\u00e1c nh\u1eadn c\u00f3 m\u1eabu kh\u00f4ng<\/p>\n<\/div>\n<div class=\"about_step_detail\">\n<p class=\"about_step_ttl\">\u0110\u1eb7t h\u00e0ng s\u1ea3n xu\u1ea5t s\u1ed1 l\u01b0\u1ee3ng l\u1edbn<\/p>\n<\/div>\n<div class=\"about_step_detail\">\n<p class=\"about_step_ttl\">Ki\u1ec3m tra v\u00e0 \u0111\u00f3ng g\u00f3i tr\u01b0\u1edbc khi giao h\u00e0ng<\/p>\n<\/div>\n<div class=\"about_step_detail\">\n<dl>\n<dt><img decoding=\"async\" src=\"https:\/\/ohtavn.com\/wp-content\/themes\/ohtavn\/images\/about_icon05a.svg\" width=\"70\" height=\"70\" alt=\"STEP5\"><\/dt>\n<dd>STEP<span class=\"step_number\">5<\/span><\/dd>\n<\/dl>\n<p class=\"about_step_ttl\">Giao h\u00e0ng ngo\u00e0i Vi\u1ec7t Nam <br \/>(X\u1eed l\u00fd th\u1ee7 t\u1ee5c <br \/>h\u1ea3i quan xu\u1ea5t kh\u1ea9u)<\/p>\n<\/div>\n<\/div>\n<div class=\"about_step_box\">\n<div class=\"about_step_detail\">\n<dl>\n<dt><img decoding=\"async\" src=\"https:\/\/ohtavn.com\/wp-content\/themes\/ohtavn\/images\/about_icon04b.svg\" width=\"70\" height=\"70\" alt=\"STEP4\"><\/dt>\n<dd>STEP<span class=\"step_number\">4<\/span><\/dd>\n<\/dl>\n<p class=\"about_step_ttl\">N\u1ebfu l\u00e0 s\u1ea3n ph\u1ea9m gia c\u00f4ng<\/p>\n<\/div>\n<div class=\"about_step_detail\">\n<p class=\"about_step_ttl\">Xem x\u00e9t kh\u1ea3 n\u0103ng th\u1eed nghi\u1ec7m<\/p>\n<\/div>\n<div class=\"about_step_detail\">\n<p class=\"about_step_ttl\">\u0110\u1eb7t h\u00e0ng s\u1ea3n xu\u1ea5t s\u1ed1 l\u01b0\u1ee3ng l\u1edbn<\/p>\n<\/div>\n<div class=\"about_step_detail\">\n<p class=\"about_step_ttl\">Ki\u1ec3m tra v\u00e0 \u0111\u00f3ng g\u00f3i tr\u01b0\u1edbc khi giao h\u00e0ng<\/p>\n<\/div>\n<div class=\"about_step_detail\">\n<dl>\n<dt><img decoding=\"async\" src=\"https:\/\/ohtavn.com\/wp-content\/themes\/ohtavn\/images\/about_icon05b.svg\" width=\"70\" height=\"70\" alt=\"STEP5\"><\/dt>\n<dd>STEP<span class=\"step_number\">5<\/span><\/dd>\n<\/dl>\n<p class=\"about_step_ttl\">Giao h\u00e0ng trong n\u01b0\u1edbc Vi\u1ec7t Nam <br \/>(X\u1eed l\u00fd th\u1ee7 t\u1ee5c <br \/>h\u1ea3i quan khu v\u1ef1c gia c\u00f4ng xu\u1ea5t kh\u1ea9u)<\/p>\n<\/div>\n<\/div>\n<\/div>\n<\/div>\n<\/section>\n<section id=\"about_ttl02\" class=\"clearfix\">\n<div class=\"about_frame\">\n<div class=\"uttl3_01\">\n<p class=\"uttl3_en\">About after follow<\/p>\n<h3>H\u1ed7 tr\u1ee3 sau khi k\u00fd h\u1ee3p \u0111\u1ed3ng<\/h3>\n<\/div>\n<div class=\"about_frame_info\">\n<p class=\"\">T\u1ea1i Ohta Vi\u1ec7t Nam, ch\u00fang t\u00f4i cam k\u1ebft cung c\u1ea5p d\u1ecbch v\u1ee5 h\u1eadu m\u00e3i sau khi giao h\u00e0ng cho kh\u00e1ch h\u00e0ng. <br class=\"\"><br \/>\n\u0110\u1ed1i v\u1edbi c\u00e1c c\u00e2u h\u1ecfi ho\u1eb7c y\u00eau c\u1ea7u h\u1ed7 tr\u1ee3 k\u1ef9 thu\u1eadt li\u00ean quan \u0111\u1ebfn s\u1ea3n ph\u1ea9m, ch\u00fang t\u00f4i \u0111\u00e3 thi\u1ebft l\u1eadp m\u1ed9t \u0111\u1ed9i ng\u0169 k\u1ef9 thu\u1eadt vi\u00ean chuy\u00ean nghi\u1ec7p \u0111\u1ec3 h\u1ed7 tr\u1ee3 m\u1ed9t c\u00e1ch nhanh ch\u00f3ng v\u00e0 ch\u00ednh x\u00e1c.<\/p>\n<p class=\"\">Ngo\u00e0i ra, n\u1ebfu c\u00f3 b\u1ea5t k\u1ef3 c\u00e2u h\u1ecfi n\u00e0o v\u1ec1 th\u00f4ng s\u1ed1 k\u1ef9 thu\u1eadt ho\u1eb7c t\u00ednh n\u0103ng c\u1ee7a s\u1ea3n ph\u1ea9m, ch\u00fang t\u00f4i s\u1ebd cung c\u1ea5p l\u1eddi khuy\u00ean v\u00e0 \u0111\u01b0a ra gi\u1ea3i ph\u00e1p ph\u00f9 h\u1ee3p. <br class=\"\"><br \/>\nCh\u00fang t\u00f4i h\u1ed7 tr\u1ee3 \u0111\u00e0o t\u1ea1o v\u1ec1 c\u00e1ch s\u1eed d\u1ee5ng s\u1ea3n ph\u1ea9m, c\u00e1ch b\u1ea3o tr\u00ec s\u1ea3n ph\u1ea9m v\u00e0 c\u00e1ch x\u1eed l\u00fd s\u1ef1 c\u1ed1 theo y\u00eau c\u1ea7u c\u1ee7a kh\u00e1ch h\u00e0ng.<\/p>\n<p class=\"\">Ch\u00fang t\u00f4i c\u0169ng ch\u00fa tr\u1ecdng \u0111\u1ebfn s\u1ef1 h\u00e0i l\u00f2ng c\u1ee7a kh\u00e1ch h\u00e0ng v\u1ec1 ch\u1ebf \u0111\u1ed9 b\u1ea3o h\u00e0nh s\u1ea3n ph\u1ea9m. <br class=\"\"><br \/>\nN\u1ebfu s\u1ea3n ph\u1ea9m g\u1eb7p v\u1ea5n \u0111\u1ec1 trong th\u1eddi gian b\u1ea3o h\u00e0nh, ch\u00fang t\u00f4i s\u1ebd ti\u1ebfn h\u00e0nh s\u1eeda ch\u1eefa ho\u1eb7c \u0111\u1ed5i m\u1edbi m\u1ed9t c\u00e1ch nhanh ch\u00f3ng \u0111\u1ec3 \u0111\u1ea3m b\u1ea3o s\u1ef1 h\u00e0i l\u00f2ng c\u1ee7a kh\u00e1ch h\u00e0ng. \u0110\u1ed1i v\u1edbi c\u00e1c s\u1ea3n ph\u1ea9m v\u01b0\u1ee3t qu\u00e1 th\u1eddi gian b\u1ea3o h\u00e0nh, ch\u00fang t\u00f4i v\u1eabn th\u1ef1c hi\u1ec7n d\u1ecbch v\u1ee5 s\u1eeda ch\u1eefa v\u00e0 b\u1ea3o tr\u00ec v\u1edbi chi ph\u00ed ph\u00e1t sinh ph\u00f9 h\u1ee3p.<\/p>\n<p class=\"\">Ch\u00fang t\u00f4i lu\u00f4n n\u1ed7 l\u1ef1c c\u1ea3i thi\u1ec7n n\u1ed9i dung v\u00e0 c\u01a1 c\u1ea5u d\u1ecbch v\u1ee5 h\u1eadu m\u00e3i \u0111\u1ec3 c\u00f3 th\u1ec3 duy tr\u00ec m\u1ed1i quan h\u1ec7 l\u00e2u d\u00e0i v\u00e0 th\u00e2n thi\u1ec7n v\u1edbi kh\u00e1ch h\u00e0ng.<\/p>\n<\/div>\n<\/div>\n<\/section>\n","protected":false},"excerpt":{"rendered":"<p>Quy tr\u00ecnh K\u00fd h\u1ee3p \u0111\u1ed3ng H\u1ed7 tr\u1ee3 sau khi k\u00fd h\u1ee3p \u0111\u1ed3ng H\u1ecfi \u0111\u00e1p v\u1ec1 c\u00e1c v\u1ea5n \u0111\u1ec1 about dealings Quy tr\u00ecnh K\u00fd h\u1ee3p \u0111\u1ed3ng STEP1 Li\u00ean h\u1ec7 \/ Y\u00eau c\u1ea7u b\u00e1o gi\u00e1 STEP2 Th\u1ea3o lu\u1eadn \/ h\u1ecfi v\u1ec1 t\u00ecnh h\u00ecnh th\u1ef1c t\u1ebf STEP3 \u0110\u1ec1 xu\u1ea5t \/ \u0111i\u1ec1u ch\u1ec9nh y\u00eau c\u1ea7u STEP4 N\u1ebfu l\u00e0 s\u1ea3n [&hellip;]<\/p>\n","protected":false},"author":2,"featured_media":0,"parent":0,"menu_order":0,"comment_status":"closed","ping_status":"closed","template":"","meta":{"_acf_changed":false,"_locale":"vi","_original_post":"http:\/\/xsbizx2023.xsrv.jp\/?page_id=1171","footnotes":""},"class_list":["post-1178","page","type-page","status-publish","hentry","vi"],"acf":[],"_links":{"self":[{"href":"https:\/\/ohtavn.com\/wp-json\/wp\/v2\/pages\/1178","targetHints":{"allow":["GET"]}}],"collection":[{"href":"https:\/\/ohtavn.com\/wp-json\/wp\/v2\/pages"}],"about":[{"href":"https:\/\/ohtavn.com\/wp-json\/wp\/v2\/types\/page"}],"author":[{"embeddable":true,"href":"https:\/\/ohtavn.com\/wp-json\/wp\/v2\/users\/2"}],"replies":[{"embeddable":true,"href":"https:\/\/ohtavn.com\/wp-json\/wp\/v2\/comments?post=1178"}],"version-history":[{"count":0,"href":"https:\/\/ohtavn.com\/wp-json\/wp\/v2\/pages\/1178\/revisions"}],"wp:attachment":[{"href":"https:\/\/ohtavn.com\/wp-json\/wp\/v2\/media?parent=1178"}],"curies":[{"name":"wp","href":"https:\/\/api.w.org\/{rel}","templated":true}]}}