
{"id":1199,"date":"2023-07-13T16:26:01","date_gmt":"2023-07-13T07:26:01","guid":{"rendered":"http:\/\/xsbizx2023.xsrv.jp\/?page_id=1199"},"modified":"2023-10-05T18:01:48","modified_gmt":"2023-10-05T09:01:48","slug":"faq","status":"publish","type":"page","link":"https:\/\/ohtavn.com\/vi\/about-dealings\/faq\/","title":{"rendered":"FAQ"},"content":{"rendered":"<section class=\"clearfix \">\n<div class=\"faq_frame\">\n<div class=\"uttl4_01\">\n<p class=\"uttl4_en\">faq<\/p>\n<h3>C\u00e2u h\u1ecfi th\u01b0\u1eddng g\u1eb7p<\/h3>\n<\/div>\n<div class=\"faq_info\">\n<p class=\"faq_txt\">C\u00e2u h\u1ecfi th\u01b0\u1eddng g\u1eb7p t\u1eeb kh\u00e1ch h\u00e0ng v\u00e0 c\u00e2u tr\u1ea3 l\u1eddi t\u01b0\u01a1ng \u1ee9ng c\u1ee7a <br class=\"pc\">ch\u00fang t\u00f4i \u0111\u01b0\u1ee3c gi\u1edbi thi\u1ec7u \u1edf b\u00ean d\u01b0\u1edbi \u0111\u00e2y.<br \/>\nN\u1ebfu b\u1ea1n c\u00f3 b\u1ea5t k\u1ef3 c\u00e2u h\u1ecfi n\u00e0o kh\u00f4ng \u0111\u01b0\u1ee3c \u0111\u1ec1 c\u1eadp \u1edf \u0111\u00e2y, \u0111\u1eebng ng\u1ea7n ng\u1ea1i li\u00ean h\u1ec7 v\u1edbi ch\u00fang t\u00f4i<\/p>\n<p class=\"btn\"><a href=\"https:\/\/ohtavn.com\/contact\/\">Li\u00ean h\u1ec7 t\u1ea1i \u0111\u00e2y<span class=\"btnarr\"><\/span><\/a><\/p>\n<\/div>\n<\/div>\n<\/section>\n<section class=\"clearfix\">\n<dl class=\"faq_box\">\n<dt>C\u00f3 th\u1ec3 nh\u1eadn t\u00e0i li\u1ec7u ho\u1eb7c catalog v\u1ec1 s\u1ea3n ph\u1ea9m \u0111\u01b0\u1ee3c kh\u00f4ng?<span class=\"click\"><\/span><\/dt>\n<dd>V\u00e2ng, C\u00f3 th\u1ec3. Ch\u00fang t\u00f4i \u0111\u00e3 chu\u1ea9n b\u1ecb v\u00e0 t\u1ea1o c\u00e1c catalog v\u00e0 t\u00e0i li\u1ec7u c\u1ee7a t\u1eebng nh\u00e0 s\u1ea3n xu\u1ea5t v\u1edbi th\u00f4ng tin chi ti\u1ebft v\u1ec1 s\u1ea3n ph\u1ea9m. N\u1ebfu b\u1ea1n c\u00f3 nhu c\u1ea7u, ch\u00fang t\u00f4i c\u00f3 th\u1ec3 g\u1eedi cho b\u1ea1n.<\/dd>\n<\/dl>\n<dl class=\"faq_box\">\n<dt>B\u00e1o gi\u00e1 \u0111\u01b0\u1ee3c x\u00e1c \u0111\u1ecbnh nh\u01b0 th\u1ebf n\u00e0o?<span class=\"click\"><\/span><\/dt>\n<dd>Gi\u00e1 c\u1ea3 \u0111\u01b0\u1ee3c x\u00e1c \u0111\u1ecbnh d\u1ef1a tr\u00ean c\u00e1c y\u1ebfu t\u1ed1 nh\u01b0 nguy\u00ean li\u1ec7u, chi ph\u00ed gia c\u00f4ng, th\u1eddi gian giao h\u00e0ng v\u00e0 nhi\u1ec1u y\u1ebfu t\u1ed1 kh\u00e1c. Ch\u00fang t\u00f4i lu\u00f4n n\u1ed7 l\u1ef1c \u0111\u1ec3 cung c\u1ea5p gi\u00e1 t\u1ed1t nh\u1ea5t cho kh\u00e1ch h\u00e0ng c\u1ee7a m\u00ecnh.<\/dd>\n<\/dl>\n<dl class=\"faq_box\">\n<dt>S\u1ea3n ph\u1ea9m c\u00f3 th\u1ec3 \u0111\u01b0\u1ee3c l\u00e0m t\u1eeb c\u00e1c lo\u1ea1i v\u1eadt li\u1ec7u n\u00e0o?<span class=\"click\"><\/span><\/dt>\n<dd>Ch\u00fang t\u00f4i c\u00f3 kh\u1ea3 n\u0103ng l\u00e0m s\u1ea3n ph\u1ea9m t\u1eeb nhi\u1ec1u lo\u1ea1i v\u1eadt li\u1ec7u nh\u01b0 s\u1eaft, th\u00e9p kh\u00f4ng g\u1ec9, \u0111\u1ed3ng, nh\u00f4m, \u0111\u1ed3ng thau, v\u1eadt li\u1ec7u si\u00eau c\u1ee9ng, nh\u1ef1a, cao su, c\u00e1c lo\u1ea1i x\u1eed l\u00fd nhi\u1ec7t kh\u00e1c nhau v\u00e0 nhi\u1ec1u lo\u1ea1i x\u1eed l\u00fd b\u1ec1 m\u1eb7t kh\u00e1c nhau.<\/dd>\n<\/dl>\n<dl class=\"faq_box\">\n<dt>C\u00f3 h\u1ed7 tr\u1ee3 t\u00f9y ch\u1ec9nh s\u1ea3n ph\u1ea9m kh\u00f4ng?<span class=\"click\"><\/span><\/dt>\n<dd>V\u00e2ng, C\u00f3. Ch\u00fang t\u00f4i c\u0169ng h\u1ed7 tr\u1ee3 t\u00f9y ch\u1ec9nh s\u1ea3n ph\u1ea9m. N\u1ebfu b\u1ea1n cung c\u1ea5p y\u00eau c\u1ea7u ho\u1eb7c b\u1ea3n v\u1ebd, ch\u00fang t\u00f4i c\u00f3 th\u1ec3 cung c\u1ea5p s\u1ea3n ph\u1ea9m ph\u00f9 h\u1ee3p v\u1edbi nhu c\u1ea7u c\u1ee7a b\u1ea1n.<\/dd>\n<\/dl>\n<dl class=\"faq_box\">\n<dt>C\u00f3 th\u1ec3 nh\u1eadn m\u1eabu s\u1ea3n ph\u1ea9m kh\u00f4ng?<span class=\"click\"><\/span><\/dt>\n<dd>V\u00e2ng, c\u00f3. Ch\u00fang t\u00f4i c\u0169ng h\u1ed7 tr\u1ee3 cung c\u1ea5p m\u1eabu s\u1ea3n ph\u1ea9m. N\u1ebfu b\u1ea1n c\u00f3 c\u00e2u h\u1ecfi v\u1ec1 quy tr\u00ecnh chi ti\u1ebft, ch\u00fang t\u00f4i s\u1ebd c\u00f3 h\u01b0\u1edbng d\u1eabn.<\/dd>\n<\/dl>\n<dl class=\"faq_box\">\n<dt>C\u00f3 th\u1ec3 c\u00f3 b\u1ea3n demo s\u1ea3n ph\u1ea9m kh\u00f4ng?<span class=\"click\"><\/span><\/dt>\n<dd>V\u00e2ng, C\u00f3 th\u1ec3. Ch\u00fang t\u00f4i \u0111\u00e3 chu\u1ea9n b\u1ecb c\u00e1c thi\u1ebft b\u1ecb demo \u0111\u1ec3 cho ph\u00e9p kh\u00e1ch h\u00e0ng ki\u1ec3m tra qu\u00e1 tr\u00ecnh v\u1eadn h\u00e0nh v\u00e0 hi\u1ec7u su\u1ea5t c\u1ee7a s\u1ea3n ph\u1ea9m. Vui l\u00f2ng li\u00ean h\u1ec7 qua bi\u1ec3u m\u1eabu \u0111\u1ec3 bi\u1ebft th\u00eam th\u00f4ng tin chi ti\u1ebft.<\/dd>\n<\/dl>\n<dl class=\"faq_box\">\n<dt>C\u00f3 h\u1ed7 tr\u1ee3 xu\u1ea5t kh\u1ea9u kh\u00f4ng?<span class=\"click\"><\/span><\/dt>\n<dd>V\u00e2ng, C\u00f3. Ch\u00fang t\u00f4i c\u0169ng h\u1ed7 tr\u1ee3 xu\u1ea5t kh\u1ea9u. Ch\u00fang t\u00f4i c\u00f3 nh\u00e2n vi\u00ean hi\u1ec3u bi\u1ebft v\u1ec1 c\u00e1c t\u00e0i li\u1ec7u v\u00e0 th\u1ee7 t\u1ee5c c\u1ea7n thi\u1ebft cho logistics qu\u1ed1c t\u1ebf, bao g\u1ed3m nh\u00f3m th\u00f4ng quan, \u0111\u1ec3 \u0111\u1ea3m b\u1ea3o quy tr\u00ecnh di\u1ec5n ra thu\u1eadn l\u1ee3i.<\/dd>\n<\/dl>\n<dl class=\"faq_box\">\n<dt>C\u00f3 th\u1ec3 ch\u1ec9 \u0111\u1ecbnh \u0111\u01a1n v\u1ecb v\u1eadn chuy\u1ec3n kh\u00f4ng?<span class=\"click\"><\/span><\/dt>\n<dd>Ch\u00fang t\u00f4i cho ph\u00e9p b\u1ea1n ch\u1ec9 \u0111\u1ecbnh \u0111\u01a1n v\u1ecb v\u1eadn chuy\u1ec3n m\u00e0 b\u1ea1n mong mu\u1ed1n s\u1eed d\u1ee5ng. N\u1ebfu b\u1ea1n mu\u1ed1n ch\u1ec9 \u0111\u1ecbnh \u0111\u01a1n v\u1ecb v\u1eadn chuy\u1ec3n, vui l\u00f2ng li\u00ean h\u1ec7 tr\u01b0\u1edbc \u0111\u1ec3 th\u00f4ng b\u00e1o cho ch\u00fang t\u00f4i.<\/dd>\n<\/dl>\n<dl class=\"faq_box\">\n<dt>C\u00f3 th\u1ec3 giao h\u00e0ng tr\u1ef1c ti\u1ebfp \u0111\u1ebfn \u0111\u1ecba \u0111i\u1ec3m nh\u1eadn h\u00e0ng v\u00e0 c\u00f3 th\u1ec3 cung c\u1ea5p th\u00f4ng tin theo d\u00f5i kh\u00f4ng?<span class=\"click\"><\/span><\/dt>\n<dd>V\u00e2ng, c\u00f3, ch\u00fang t\u00f4i c\u00f3 th\u1ec3 giao h\u00e0ng tr\u1ef1c ti\u1ebfp \u0111\u1ebfn \u0111\u1ecba \u0111i\u1ec3m nh\u1eadn h\u00e0ng c\u1ee7a b\u1ea1n. C\u00f3 m\u1ed9t s\u1ed1 \u0111\u01a1n v\u1ecb v\u1eadn chuy\u1ec3n cung c\u1ea5p th\u00f4ng tin theo d\u00f5i. Ch\u00fang t\u00f4i cung c\u1ea5p th\u00f4ng tin theo d\u00f5i \u0111\u1ec3 b\u1ea1n c\u00f3 th\u1ec3 ki\u1ec3m tra t\u00ecnh tr\u1ea1ng s\u1ea3n ph\u1ea9m sau khi chuy\u1ec3n \u0111i v\u00e0 th\u1eddi gian d\u1ef1 ki\u1ebfn nh\u1eadn h\u00e0ng<\/dd>\n<\/dl>\n<dl class=\"faq_box\">\n<dt>Th\u1eddi gian giao h\u00e0ng m\u1ea5t bao l\u00e2u?<span class=\"click\"><\/span><\/dt>\n<dd>Th\u1eddi gian giao h\u00e0ng ph\u1ee5 thu\u1ed9c v\u00e0o lo\u1ea1i s\u1ea3n ph\u1ea9m v\u00e0 s\u1ed1 l\u01b0\u1ee3ng, nh\u01b0ng ch\u00fang t\u00f4i lu\u00f4n c\u1ed1 g\u1eafng cung c\u1ea5p th\u1eddi gian giao h\u00e0ng c\u00e0ng nhanh c\u00e0ng t\u1ed1t. Vui l\u00f2ng li\u00ean h\u1ec7 ch\u00fang t\u00f4i \u0111\u1ec3 bi\u1ebft th\u00eam chi ti\u1ebft.<\/dd>\n<\/dl>\n<dl class=\"faq_box\">\n<dt>N\u1ebfu giao h\u00e0ng b\u1ecb tr\u1ec5 th\u00ec s\u1ebd x\u1eed l\u00fd nh\u01b0 th\u1ebf n\u00e0o?<span class=\"click\"><\/span><\/dt>\n<dd>Ch\u00fang t\u00f4i lu\u00f4n c\u1ed1 g\u1eafng cung c\u1ea5p th\u1eddi gian giao h\u00e0ng ph\u00f9 h\u1ee3p v\u1edbi y\u00eau c\u1ea7u c\u1ee7a b\u1ea1n, nh\u01b0ng \u0111\u00f4i khi th\u1eddi gian giao h\u00e0ng c\u00f3 th\u1ec3 tr\u1ec5 do v\u1ea5n \u0111\u1ec1 v\u1ec1 nguy\u00ean li\u1ec7u v\u00e0 quy tr\u00ecnh s\u1ea3n xu\u1ea5t. Trong tr\u01b0\u1eddng h\u1ee3p \u0111\u00f3, ch\u00fang t\u00f4i s\u1ebd th\u00f4ng b\u00e1o cho b\u1ea1n s\u1edbm nh\u1ea5t c\u00f3 th\u1ec3.<\/dd>\n<\/dl>\n<dl class=\"faq_box\">\n<dt>L\u00e0m th\u1ebf n\u00e0o \u0111\u1ec3 qu\u1ea3n l\u00fd ch\u1ea5t l\u01b0\u1ee3ng s\u1ea3n ph\u1ea9m?<span class=\"click\"><\/span><\/dt>\n<dd>C\u00f4ng ty ch\u00fang t\u00f4i \u0111\u00e3 tri\u1ec3n khai h\u1ec7 th\u1ed1ng qu\u1ea3n l\u00fd ch\u1ea5t l\u01b0\u1ee3ng nghi\u00eam ng\u1eb7t v\u00e0 th\u1ef1c hi\u1ec7n ki\u1ec3m tra ch\u1ea5t l\u01b0\u1ee3ng cho t\u1ea5t c\u1ea3 c\u00e1c s\u1ea3n ph\u1ea9m. H\u01a1n n\u1eefa, ch\u00fang t\u00f4i t\u0103ng c\u01b0\u1eddng \u0111\u1ed9 tin c\u1eady v\u1ec1 ch\u1ea5t l\u01b0\u1ee3ng b\u1eb1ng c\u00e1ch k\u1ebft h\u1ee3p v\u1edbi c\u00e1c c\u00f4ng ty \u0111\u1ed1i t\u00e1c \u0111\u00e1ng tin c\u1eady.<\/dd>\n<\/dl>\n<dl class=\"faq_box\">\n<dt>C\u00f3 b\u1ea5t k\u1ef3 cam k\u1ebft n\u00e0o v\u1ec1 ch\u1ea5t l\u01b0\u1ee3ng s\u1ea3n ph\u1ea9m kh\u00f4ng?<span class=\"click\"><\/span><\/dt>\n<dd>C\u00f4ng ty ch\u00fang t\u00f4i \u0111\u00e3 tri\u1ec3n khai h\u1ec7 th\u1ed1ng qu\u1ea3n l\u00fd ch\u1ea5t l\u01b0\u1ee3ng nghi\u00eam ng\u1eb7t \u0111\u1ec3 \u0111\u1ea3m b\u1ea3o ch\u1ea5t l\u01b0\u1ee3ng s\u1ea3n ph\u1ea9m. N\u1ebfu s\u1ea3n ph\u1ea9m c\u00f3 l\u1ed7i, ch\u00fang t\u00f4i s\u1ebd x\u1eed l\u00fd nhanh nh\u1ea5t c\u00f3 th\u1ec3.<\/dd>\n<\/dl>\n<dl class=\"faq_box\">\n<dt>B\u1ea3o h\u00e0nh s\u1ea3n ph\u1ea9m trong bao l\u00e2u? V\u00e0 ph\u1ea3i l\u00e0m g\u00ec n\u1ebfu c\u00f3 v\u1ea5n \u0111\u1ec1 v\u1edbi s\u1ea3n ph\u1ea9m trong th\u1eddi gian \u0111\u00f3?<span class=\"click\"><\/span><\/dt>\n<dd>S\u1ea3n ph\u1ea9m c\u1ee7a ch\u00fang t\u00f4i c\u00f3 th\u1eddi gian b\u1ea3o h\u00e0nh kh\u00e1c nhau t\u00f9y t\u1eebng lo\u1ea1i s\u1ea3n ph\u1ea9m.<br \/>\nN\u1ebfu c\u00f3 v\u1ea5n \u0111\u1ec1 v\u1edbi s\u1ea3n ph\u1ea9m trong th\u1eddi gian b\u1ea3o h\u00e0nh, ch\u00fang t\u00f4i s\u1ebd s\u1eeda ch\u1eefa ho\u1eb7c \u0111\u1ed5i s\u1ea3n ph\u1ea9m \u0111\u1ec3 \u0111\u1ea3m b\u1ea3o quy\u1ec1n l\u1ee3i cho b\u1ea1n. Vui l\u00f2ng ki\u1ec3m tra h\u1ee3p \u0111\u1ed3ng ho\u1eb7c th\u1ebb b\u1ea3o h\u00e0nh s\u1ea3n ph\u1ea9m \u0111\u1ec3 bi\u1ebft th\u00eam chi ti\u1ebft.<\/dd>\n<\/dl>\n<dl class=\"faq_box\">\n<dt>C\u00f3 h\u1ed7 tr\u1ee3 k\u1ef9 thu\u1eadt cho s\u1ea3n ph\u1ea9m sau khi mua h\u00e0ng kh\u00f4ng?<span class=\"click\"><\/span><\/dt>\n<dd>C\u00f3, ch\u00fang t\u00f4i cung c\u1ea5p h\u1ed7 tr\u1ee3 k\u1ef9 thu\u1eadt cho s\u1ea3n ph\u1ea9m sau khi mua. Ch\u00fang t\u00f4i s\u1ebd h\u1ed7 tr\u1ee3 b\u1ea1n v\u1ec1 c\u00e1ch s\u1eed d\u1ee5ng s\u1ea3n ph\u1ea9m, b\u1ea3o d\u01b0\u1ee1ng v\u00e0 x\u1eed l\u00fd s\u1ef1 c\u1ed1, bao g\u1ed3m c\u1ea3 h\u1ee3p t\u00e1c v\u1edbi d\u1ecbch v\u1ee5 h\u1ed7 tr\u1ee3 t\u1eeb nh\u00e0 s\u1ea3n xu\u1ea5t n\u1ebfu c\u1ea7n.<\/dd>\n<\/dl>\n<dl class=\"faq_box\">\n<dt>N\u1ebfu c\u00f3 v\u1ea5n \u0111\u1ec1 v\u1ec1 ch\u1ea5t l\u01b0\u1ee3ng ho\u1eb7c v\u1ea5n \u0111\u1ec1 kh\u00e1c, t\u00f4i n\u00ean li\u00ean h\u1ec7 v\u1edbi ai?<span class=\"click\"><\/span><\/dt>\n<dd>N\u1ebfu c\u00f3 v\u1ea5n \u0111\u1ec1 v\u1ec1 ch\u1ea5t l\u01b0\u1ee3ng ho\u1eb7c v\u1ea5n \u0111\u1ec1 kh\u00e1c, vui l\u00f2ng li\u00ean h\u1ec7 v\u1edbi nh\u00e2n vi\u00ean kinh doanh c\u1ee7a ch\u00fang t\u00f4i. Ch\u00fang t\u00f4i s\u1ebd gi\u1ea3i quy\u1ebft s\u1edbm nh\u1ea5t c\u00f3 th\u1ec3.<\/dd>\n<\/dl>\n<dl class=\"faq_box\">\n<dt>C\u00f3 h\u01b0\u1edbng d\u1eabn v\u1ec1 s\u1ea3n ph\u1ea9m sau khi mua h\u00e0ng kh\u00f4ng? L\u00e0m th\u1ebf n\u00e0o \u0111\u1ec3 tham gia h\u01b0\u1edbng d\u1eabn?<span class=\"click\"><\/span><\/dt>\n<dd>H\u01b0\u1edbng d\u1eabn v\u1ec1 s\u1ea3n ph\u1ea9m v\u00e0 h\u1ed7 tr\u1ee3 k\u1ef9 thu\u1eadt li\u00ean quan \u0111\u1ebfn s\u1ea3n ph\u1ea9m s\u1ebd \u0111\u01b0\u1ee3c cung c\u1ea5p b\u1edfi \u0111\u1ed9i ng\u0169 chuy\u00ean gia c\u1ee7a ch\u00fang t\u00f4i. Ch\u00fang t\u00f4i c\u0169ng cung c\u1ea5p h\u1ed7 tr\u1ee3 qua \u0111i\u1ec7n tho\u1ea1i ho\u1eb7c email n\u1ebfu c\u1ea7n.<\/dd>\n<\/dl>\n<dl class=\"faq_box\">\n<dt>Sau khi giao h\u00e0ng, c\u00f3 th\u1ec3 b\u1ea3o d\u01b0\u1ee1ng s\u1ea3n ph\u1ea9m kh\u00f4ng?<span class=\"click\"><\/span><\/dt>\n<dd>V\u00e2ng, c\u00f3. Ch\u00fang t\u00f4i c\u00f3 th\u1ec3 cung c\u1ea5p d\u1ecbch v\u1ee5 b\u1ea3o d\u01b0\u1ee1ng s\u1ea3n ph\u1ea9m sau khi giao h\u00e0ng. Ch\u00fang t\u00f4i \u0111\u01b0a ra d\u1ecbch v\u1ee5 b\u1ea3o d\u01b0\u1ee1ng ph\u00f9 h\u1ee3p \u0111\u1ec3 \u0111\u1ea3m b\u1ea3o s\u1ea3n ph\u1ea9m ho\u1ea1t \u0111\u1ed9ng \u1ed5n \u0111\u1ecbnh trong th\u1eddi gian d\u00e0i.<\/dd>\n<\/dl>\n<dl class=\"faq_box\">\n<dt>Ph\u01b0\u01a1ng th\u1ee9c thanh to\u00e1n nh\u01b0 th\u1ebf n\u00e0o?<span class=\"click\"><\/span><\/dt>\n<dd>Th\u00f4ng th\u01b0\u1eddng, ch\u00fang t\u00f4i ch\u1ea5p nh\u1eadn thanh to\u00e1n qua chuy\u1ec3n kho\u1ea3n ng\u00e2n h\u00e0ng. Vui l\u00f2ng li\u00ean h\u1ec7 \u0111\u1ec3 bi\u1ebft th\u00eam chi ti\u1ebft.<\/dd>\n<\/dl>\n<dl class=\"faq_box\">\n<dt>Th\u1eddi h\u1ea1n thanh to\u00e1n tr\u00ean h\u00f3a \u0111\u01a1n l\u00e0 bao nhi\u00eau ng\u00e0y?<span class=\"click\"><\/span><\/dt>\n<dd>Th\u00f4ng th\u01b0\u1eddng, ch\u00fang t\u00f4i y\u00eau c\u1ea7u thanh to\u00e1n trong v\u00f2ng 30 ng\u00e0y k\u1ec3 t\u1eeb ng\u00e0y ph\u00e1t h\u00e0nh h\u00f3a \u0111\u01a1n.<\/dd>\n<\/dl>\n<dl class=\"faq_box\">\n<dt>Th\u00f4ng tin v\u00e0 t\u00e0i li\u1ec7u c\u1ea7n thi\u1ebft \u0111\u1ec3 l\u00e0m h\u1ee3p \u0111\u1ed3ng l\u00e0 g\u00ec?<span class=\"click\"><\/span><\/dt>\n<dd>Th\u00f4ng tin v\u00e0 t\u00e0i li\u1ec7u c\u1ea7n cho h\u1ee3p \u0111\u1ed3ng bao g\u1ed3m th\u00f4ng s\u1ed1 k\u1ef9 thu\u1eadt s\u1ea3n ph\u1ea9m, s\u1ed1 l\u01b0\u1ee3ng, gi\u00e1 c\u1ea3, \u0111i\u1ec1u ki\u1ec7n thanh to\u00e1n, th\u1eddi gian giao h\u00e0ng, \u0111\u1ecba ch\u1ec9 giao h\u00e0ng,&#8230; \u0110\u00f4i khi, c\u00e1c v\u0103n b\u1ea3n v\u00e0 ch\u1ee9ng t\u1eeb ph\u00e1p l\u00fd c\u0169ng c\u1ea7n thi\u1ebft. Ch\u00fang t\u00f4i c\u00f3 s\u1eb5n m\u1eabu h\u1ee3p \u0111\u1ed3ng giao d\u1ecbch c\u01a1 b\u1ea3n \u0111\u1ec3 b\u1ea1n tham kh\u1ea3o.<\/dd>\n<\/dl>\n<dl class=\"faq_box\">\n<dt>C\u00f3 t\u00e0i li\u1ec7u n\u00e0o c\u00f3 th\u1ec3 xem x\u00e9t tr\u01b0\u1edbc khi k\u00fd h\u1ee3p \u0111\u1ed3ng kh\u00f4ng?<span class=\"click\"><\/span><\/dt>\n<dd>V\u00e2ng, c\u00f3. Tr\u01b0\u1edbc khi k\u00fd h\u1ee3p \u0111\u1ed3ng, ch\u00fang t\u00f4i s\u1ebd cung c\u1ea5p c\u00e1c t\u00e0i li\u1ec7u nh\u01b0 b\u00e1o gi\u00e1 v\u00e0 h\u1ee3p \u0111\u1ed3ng \u0111\u1ec3 b\u1ea1n xem x\u00e9t. Ngo\u00e0i ra, ch\u00fang t\u00f4i c\u00f3 th\u1ec3 cung c\u1ea5p th\u00eam c\u00e1c t\u00e0i li\u1ec7u kh\u00e1c theo y\u00eau c\u1ea7u.<\/dd>\n<\/dl>\n<dl class=\"faq_box\">\n<dt>L\u00e0m th\u1ebf n\u00e0o \u0111\u1ec3 ki\u1ec3m tra xem s\u1ea3n ph\u1ea9m \u0111\u00e3 \u0111\u01b0\u1ee3c giao c\u00f3 \u0111\u00fang v\u1edbi s\u1ea3n ph\u1ea9m trong h\u1ee3p \u0111\u1ed3ng kh\u00f4ng?<span class=\"click\"><\/span><\/dt>\n<dd>V\u00e2ng, c\u00f3. Sau khi nh\u1eadn s\u1ea3n ph\u1ea9m, b\u1ea1n c\u00f3 th\u1ec3 ki\u1ec3m tra s\u1ea3n ph\u1ea9m v\u00e0 so s\u00e1nh n\u00f3 v\u1edbi n\u1ed9i dung h\u1ee3p \u0111\u1ed3ng. Trong tr\u01b0\u1eddng h\u1ee3p s\u1ea3n ph\u1ea9m kh\u00f4ng kh\u1edbp v\u1edbi n\u1ed9i dung h\u1ee3p \u0111\u1ed3ng, vui l\u00f2ng li\u00ean h\u1ec7 ch\u00fang t\u00f4i ngay l\u1eadp t\u1ee9c.<\/dd>\n<\/dl>\n<dl class=\"faq_box\">\n<dt>C\u00f3 th\u1ec3 tr\u1ea3 l\u1ea1i ho\u1eb7c \u0111\u1ed5i s\u1ea3n ph\u1ea9m kh\u00f4ng?<span class=\"click\"><\/span><\/dt>\n<dd>Trong tr\u01b0\u1eddng h\u1ee3p s\u1ea3n ph\u1ea9m b\u1ecb l\u1ed7i ho\u1eb7c c\u00f3 khuy\u1ebft \u0111i\u1ec3m, ch\u00fang t\u00f4i cam k\u1ebft x\u1eed l\u00fd m\u1ed9t c\u00e1ch nhanh ch\u00f3ng v\u00e0 chu \u0111\u00e1o. Ch\u00fang t\u00f4i s\u1ebd xem x\u00e9t vi\u1ec7c tr\u1ea3 l\u1ea1i ho\u1eb7c \u0111\u1ed5i s\u1ea3n ph\u1ea9m trong v\u00f2ng 7 ng\u00e0y k\u1ec3 t\u1eeb khi s\u1ea3n ph\u1ea9m \u0111\u01b0\u1ee3c giao.<\/dd>\n<\/dl>\n<dl class=\"faq_box\">\n<dt>N\u1ebfu t\u00f4i mu\u1ed1n thay \u0111\u1ed5i s\u1ed1 l\u01b0\u1ee3ng \u0111\u1eb7t h\u00e0ng, t\u00f4i ph\u1ea3i l\u00e0m g\u00ec?<span class=\"click\"><\/span><\/dt>\n<dd>N\u1ebfu b\u1ea1n mu\u1ed1n thay \u0111\u1ed5i s\u1ed1 l\u01b0\u1ee3ng \u0111\u1eb7t h\u00e0ng v\u00e0 s\u1ea3n ph\u1ea9m ch\u01b0a \u0111\u01b0\u1ee3c giao \u0111i, vui l\u00f2ng li\u00ean h\u1ec7 v\u1edbi chsung t\u00f4i s\u1edbm nh\u1ea5t c\u00f3 th\u1ec3. Ch\u00fang t\u00f4i s\u1ebd c\u1ed1 g\u1eafng h\u1ed7 tr\u1ee3 linh ho\u1ea1t. <\/dd>\n<\/dl>\n<\/section>\n","protected":false},"excerpt":{"rendered":"<p>faq C\u00e2u h\u1ecfi th\u01b0\u1eddng g\u1eb7p C\u00e2u h\u1ecfi th\u01b0\u1eddng g\u1eb7p t\u1eeb kh\u00e1ch h\u00e0ng v\u00e0 c\u00e2u tr\u1ea3 l\u1eddi t\u01b0\u01a1ng \u1ee9ng c\u1ee7a ch\u00fang t\u00f4i \u0111\u01b0\u1ee3c gi\u1edbi thi\u1ec7u \u1edf b\u00ean d\u01b0\u1edbi \u0111\u00e2y. N\u1ebfu b\u1ea1n c\u00f3 b\u1ea5t k\u1ef3 c\u00e2u h\u1ecfi n\u00e0o kh\u00f4ng \u0111\u01b0\u1ee3c \u0111\u1ec1 c\u1eadp \u1edf \u0111\u00e2y, \u0111\u1eebng ng\u1ea7n ng\u1ea1i li\u00ean h\u1ec7 v\u1edbi ch\u00fang t\u00f4i Li\u00ean h\u1ec7 t\u1ea1i \u0111\u00e2y C\u00f3 [&hellip;]<\/p>\n","protected":false},"author":2,"featured_media":0,"parent":1178,"menu_order":0,"comment_status":"closed","ping_status":"closed","template":"","meta":{"_acf_changed":false,"_locale":"vi","_original_post":"http:\/\/xsbizx2023.xsrv.jp\/?page_id=1196","footnotes":""},"class_list":["post-1199","page","type-page","status-publish","hentry","vi"],"acf":[],"_links":{"self":[{"href":"https:\/\/ohtavn.com\/wp-json\/wp\/v2\/pages\/1199","targetHints":{"allow":["GET"]}}],"collection":[{"href":"https:\/\/ohtavn.com\/wp-json\/wp\/v2\/pages"}],"about":[{"href":"https:\/\/ohtavn.com\/wp-json\/wp\/v2\/types\/page"}],"author":[{"embeddable":true,"href":"https:\/\/ohtavn.com\/wp-json\/wp\/v2\/users\/2"}],"replies":[{"embeddable":true,"href":"https:\/\/ohtavn.com\/wp-json\/wp\/v2\/comments?post=1199"}],"version-history":[{"count":0,"href":"https:\/\/ohtavn.com\/wp-json\/wp\/v2\/pages\/1199\/revisions"}],"up":[{"embeddable":true,"href":"https:\/\/ohtavn.com\/wp-json\/wp\/v2\/pages\/1178"}],"wp:attachment":[{"href":"https:\/\/ohtavn.com\/wp-json\/wp\/v2\/media?parent=1199"}],"curies":[{"name":"wp","href":"https:\/\/api.w.org\/{rel}","templated":true}]}}