
{"id":1208,"date":"2023-07-13T16:29:35","date_gmt":"2023-07-13T07:29:35","guid":{"rendered":"http:\/\/xsbizx2023.xsrv.jp\/?page_id=1208"},"modified":"2026-01-26T13:05:13","modified_gmt":"2026-01-26T04:05:13","slug":"company","status":"publish","type":"page","link":"https:\/\/ohtavn.com\/vi\/company\/","title":{"rendered":"COMPANY &#8211; VI"},"content":{"rendered":"<section class=\"clearfix boxccom01\">\n<div class=\"uttl3_01\">\n<p class=\"uttl3_en\">COMPANY<\/p>\n<h3>V\u1ec1 Ohta Vi\u1ec7t Nam<\/h3>\n<\/div>\n<p class=\"image_r\"><img decoding=\"async\" src=\"https:\/\/ohtavn.com\/wp-content\/themes\/ohtavn\/images\/company_img01.png\" alt=\"\u30aa\u30fc\u30bf\u30d9\u30c8\u30ca\u30e0\u3068\u306f\" width=\"700\" height=\"574\" \/><\/p>\n<p class=\"\">Ohta Vi\u1ec7t Nam l\u00e0 c\u00f4ng ty Nh\u1eadt B\u1ea3n t\u1ea1i Vi\u1ec7t Nam v\u1edbi 100% v\u1ed1n \u0111\u1ea7u t\u01b0 c\u00f4ng ty m\u1eb9 Ohta Holding<\/p>\n<p class=\"\">Ch\u00fang t\u00f4i gi\u1ea3i quy\u1ebft c\u00e1c v\u1ea5n \u0111\u1ec1 v\u1ec1 cung c\u1ea5p linh ki\u1ec7n cho ng\u00e0nh s\u1ea3n xu\u1ea5t cho c\u00e1c doanh nghi\u1ec7p s\u1ea3n xu\u1ea5t t\u1ea1i Ch\u00e2u \u00c1,<br \/>\nCh\u00fang t\u00f4i h\u1ed7 tr\u1ee3 c\u00e1c doanh nghi\u1ec7p s\u1ea3n xu\u1ea5t gi\u1ea3i quy\u1ebft ngu\u1ed3n cung linh ki\u1ec7n\/ t\u00ednh linh \u0111\u1ed9ng\/ ch\u1ea5t l\u01b0\u1ee3ng v\u1edbi chi ph\u00ed h\u1ee3p l\u00fd,<\/p>\n<p class=\"\">Ch\u00fang t\u00f4i c\u00f3 th\u1ec3 cung c\u1ea5p s\u1ea3n ph\u1ea9m m\u1ed9t c\u00e1ch \u0111a d\u1ea1ng v\u00e0 \u1ed5n \u0111\u1ecbnh, m\u00e0 nh\u1eefng doanh nghi\u1ec7p kh\u00e1c kh\u00f4ng th\u1ec3,<br \/>\nV\u1edbi t\u01b0 c\u00e1ch l\u00e0 &#8220;\u0110\u01a1n v\u1ecb gia c\u00f4ng&#8221; cho m\u1ecdi doanh nghi\u1ec7p trong ng\u00e0nh s\u1ea3n xu\u1ea5t \u1edf Ch\u00e2u \u00c1, ch\u00fang t\u00f4i s\u1ebd gi\u00fap qu\u00fd doanh nghi\u1ec7p n\u00e2ng cao n\u0103ng su\u1ea5t s\u1ea3n xu\u1ea5t.<\/p>\n<\/section>\n<section class=\"clearfix\">\n<p class=\"boxcom_iframe\"><iframe loading=\"lazy\" width=\"560\" height=\"315\" src=\"https:\/\/www.youtube.com\/embed\/jtDnObXZyG4?si=Ow6UdTRFRo_5YaoB\" title=\"YouTube video player\" frameborder=\"0\" allow=\"accelerometer; autoplay; clipboard-write; encrypted-media; gyroscope; picture-in-picture; web-share\" referrerpolicy=\"strict-origin-when-cross-origin\" allowfullscreen><\/iframe><\/p>\n<\/section>\n<section class=\"clearfix\">\n<div class=\"uttl3_01\">\n<p class=\"uttl3_en\">Profile<\/p>\n<h3>H\u1ed3 s\u01a1 doanh nghi\u1ec7p<\/h3>\n<\/div>\n<div class=\"boxccom02_top\">\n<p class=\"boxcom_img\"><img decoding=\"async\" src=\"https:\/\/ohtavn.com\/wp-content\/themes\/ohtavn\/images\/company_img02.png\" alt=\"\u4f1a\u793e\u6982\u8981\" width=\"688\" height=\"577\" \/><\/p>\n<div class=\"boxcom_tb\">\n<table class=\"boxcom_tb01\">\n<tbody>\n<tr>\n<th>T\u00ean c\u00f4ng ty<\/th>\n<td colspan=\"3\">OHTA VIETNAM Co., Ltd.<\/td>\n<\/tr>\n<tr>\n<th>T\u00ean \u0111\u1ea1i di\u1ec7n doanh nghi\u1ec7p<\/th>\n<td>\u5b87\u4f50\u7f8e \u6d69\u4e8c \/ Usami Koji<\/td>\n<th>Th\u00e0nh l\u1eadp<\/th>\n<td>Ng\u00e0y 13 Th\u00e1ng 6 N\u0103m 2012<\/td>\n<\/tr>\n<tr>\n<th>Ng\u00e0nh ngh\u1ec1 kinh doanh<\/th>\n<td colspan=\"3\">B\u00e1n bu\u00f4n c\u00e1c s\u1ea3n ph\u1ea9m trong n\u01b0\u1edbc v\u00e0 nh\u1eadp kh\u1ea9u c\u00e1c b\u1ed9 ph\u1eadn linh ki\u1ec7n (\u1ed1c nh\u1ecf, bu l\u00f4ng, \u0111ai \u1ed1c, v\u00f2ng \u0111\u1ec7m).<br \/>\nS\u1ea3n xu\u1ea5t v\u00e0 b\u00e1n bu\u00f4n c\u00e1c b\u1ed9 ph\u1eadn gia c\u00f4ng nh\u01b0 kim lo\u1ea1i v\u00e0 v\u1eadt li\u1ec7u nh\u1ef1a.<br \/>\nB\u00e1n bu\u00f4n c\u00e1c b\u1ed9 ph\u1eadn gia c\u00f4ng \u0111\u01b0\u1ee3c s\u1ea3n xu\u1ea5t trong n\u01b0\u1edbc nh\u01b0 v\u1eadt li\u1ec7u kim lo\u1ea1i v\u00e0 nh\u1ef1a.<\/td>\n<\/tr>\n<tr>\n<th>Th\u00f4ng tin li\u00ean l\u1ea1c<\/th>\n<td colspan=\"3\">(+84) 251 393 6218 \/ 19<\/td>\n<\/tr>\n<tr>\n<th>FAX<\/th>\n<td>(+84) 251 393 6220<\/td>\n<th>Tax Code<\/th>\n<td>1101 582 892<\/td>\n<\/tr>\n<tr>\n<th>Email Address<\/th>\n<td>contact@ohtavn.com<\/td>\n<th>URL<\/th>\n<td>https:\/\/ohtavn.com\/<\/td>\n<\/tr>\n<\/tbody>\n<\/table>\n<\/div>\n<\/div>\n<div class=\"boxccom02_bot\">\n<p class=\"boxccom02_bot_ttl\">\u0110\u1ecba ch\u1ec9<\/p>\n<div class=\"boxccom02_bot_list\">\n<dl>\n<dt>V\u0103n pho\u0300ng \u0111a\u0323i di\u1ec7n &amp; X\u01b0\u01a1\u0309ng \u01a1\u0309 \u0110\u00f4\u0300ng Nai<\/dt>\n<dd>L\u00f4 246, \u0110\u01b0\u01a1\u0300ng s\u00f4\u0301 12, KCN. Long Bi\u0300nh (Amata), P. Long Bi\u0300nh, TP. Bi\u00ean Ho\u0300a, Ti\u0309nh \u0110\u00f4\u0300ng Nai, Vi\u1ec7t Nam<\/dd>\n<\/dl>\n<dl>\n<dt>Tr\u1ee5 s\u1edf ch\u00ednh<\/dt>\n<dd>5-1-36 Shimorenjaku, Mitaka-shi, Tokyo, Japan<\/dd>\n<\/dl>\n<\/div>\n<\/div>\n<\/section>\n<section class=\"clearfix \">\n<div class=\"boxccom03\">\n<div class=\"uttl4_01\">\n<p class=\"uttl4_en\">license<\/p>\n<h4>V\u1ec1 gi\u1ea5y ph\u00e9p\/Ch\u1ee9ng ch\u1ec9<\/h4>\n<\/div>\n<ul class=\"boxccom03_list\">\n<li><img decoding=\"async\" src=\"https:\/\/ohtavn.com\/wp-content\/themes\/ohtavn\/images\/company_logo01.png\" alt=\"JQA-QMA16533\" width=\"100\" height=\"130\" \/><span class=\"\">JQA-QMA16533<\/span><\/li>\n<li><img decoding=\"async\" src=\"https:\/\/ohtavn.com\/wp-content\/themes\/ohtavn\/images\/company_logo02.png\" alt=\"JQA-EM7764\" width=\"100\" height=\"130\" \/><span class=\"\">JQA-EM7764<\/span><\/li>\n<li><img decoding=\"async\" src=\"https:\/\/ohtavn.com\/wp-content\/themes\/ohtavn\/images\/company_logo03.png\" alt=\"MS CM009\" width=\"123\" height=\"130\" \/><span class=\"\">MS CM009<\/span><\/li>\n<li><img decoding=\"async\" src=\"https:\/\/ohtavn.com\/wp-content\/themes\/ohtavn\/images\/company_logo04.png\" alt=\"091\" width=\"100\" height=\"130\" \/><span class=\"\">091<\/span><\/li>\n<li><img decoding=\"async\" src=\"https:\/\/ohtavn.com\/wp-content\/themes\/ohtavn\/images\/company_logo05.png\" alt=\"\u0110\u1ea1i l\u00fd \u1ee7y quy\u1ec1n c\u1ee7a Trusco Nakayama\" width=\"218\" height=\"130\" \/><span class=\"\">\u0110\u1ea1i l\u00fd \u1ee7y quy\u1ec1n c\u1ee7a Trusco Nakayama<\/span><\/li>\n<\/ul>\n<\/div>\n<\/section>\n<section class=\"clearfix\">\n<div class=\"boxccom04_top\">\n<div class=\"uttl4_01 uttl4_access\">\n<p class=\"uttl4_en\">Access<\/p>\n<h3>Li\u00ean h\u1ec7<\/h3>\n<\/div>\n<p class=\"boxccom04_address\"><strong>L\u00f4 246, \u0110\u01b0\u01a1\u0300ng s\u00f4\u0301 12, KCN. Long Bi\u0300nh (Amata), P. Ling Bi\u0300nh, TP. Bi\u00ean Ho\u0300a, <br class=\"pc\" \/>Ti\u0309nh \u0110\u00f4\u0300ng Nai, Vi\u1ec7t Nam<\/strong><br \/>\nV\u0103n ph\u00f2ng ch\u00ednh v\u00e0 nh\u00e0 m\u00e1y\u3001Khu C\u00f4ng Nghi\u1ec7p Amata, \u0110\u1ed3ng Nai.<br \/>\n*C\u00e1ch kho\u1ea3ng 90 ph\u00fat t\u1eeb Qu\u1eadn 1, th\u00e0nh ph\u1ed1 H\u1ed3 Ch\u00ed Minh.<br \/>\n*C\u00e1ch kho\u1ea3ng 60 ph\u00fat t\u1eeb s\u00e2n bay T\u00e2n S\u01a1n Nh\u1ea5t.<\/p>\n<\/div>\n<div class=\"boxccom04_bot\">\n<p class=\"under_map\"><iframe loading=\"lazy\" style=\"border: 0;\" src=\"https:\/\/www.google.com\/maps\/embed?pb=!1m14!1m8!1m3!1d15668.683401796781!2d106.8860869893799!3d10.950463580667284!3m2!1i1024!2i768!4f13.1!3m3!1m2!1s0x3174de0a9b2dff1d%3A0x7b5a8f186b1087c7!2sOhta%20VIETNAM%20COMPANY%20LIMITED!5e0!3m2!1sja!2sus!4v1687493484825!5m2!1sja!2sus\" width=\"600\" height=\"450\" allowfullscreen=\"allowfullscreen\"><\/iframe><\/p>\n<p class=\"umap_illust\"><img decoding=\"async\" src=\"https:\/\/ohtavn.com\/wp-content\/themes\/ohtavn\/images\/map_illust.svg\" alt=\"Li\u00ean h\u1ec7\" width=\"650\" height=\"\" \/><\/p>\n<\/div>\n<\/section>\n<section class=\"clearfix unbr_list01_main mb0\">\n<div class=\"unbr_list01\">\n<div class=\"unbr_list01_bnr\">\n<p>&nbsp;<\/p>\n<p class=\"unbr_list01_img\"><img decoding=\"async\" src=\"https:\/\/ohtavn.com\/wp-content\/themes\/ohtavn\/images\/company-bnr01.png\" alt=\"Gi\u1edbi thi\u1ec7u v\u1ec1 nh\u00e2n s\u1ef1\/ C\u01a1 s\u1edf v\u1eadt ch\u1ea5t\" width=\"960\" height=\"280\" \/><\/p>\n<div class=\"ubnr_list01_info\">\n<dl>\n<dt>Gi\u1edbi thi\u1ec7u v\u1ec1 nh\u00e2n s\u1ef1\/ <br class=\"\" \/>C\u01a1 s\u1edf v\u1eadt ch\u1ea5t<\/dt>\n<dd>Gi\u1edbi thi\u1ec7u v\u1ec1 nh\u00e2n s\u1ef1 v\u00e0<br \/>\nc\u01a1 s\u1edf v\u1eadt ch\u1ea5t c\u1ee7a Ohta Vi\u1ec7t nam<\/dd>\n<\/dl>\n<p class=\"btn\"><span class=\"btn_nota\">Xem chi ti\u1ebft t\u1ea1i \u0111\u00e2y<\/span><\/p>\n<\/div>\n<\/div>\n<div class=\"unbr_list01_bnr\">\n<p>&nbsp;<\/p>\n<p class=\"unbr_list01_img\"><img decoding=\"async\" src=\"https:\/\/ohtavn.com\/wp-content\/themes\/ohtavn\/images\/company-bnr02.png\" alt=\"D\u00e0nh cho kh\u00e1ch h\u00e0ng li\u00ean h\u1ec7 l\u1ea7n \u0111\u1ea7u\" width=\"960\" height=\"280\" \/><\/p>\n<div class=\"ubnr_list01_info\">\n<dl>\n<dt>D\u00e0nh cho kh\u00e1ch h\u00e0ng<br \/>\nli\u00ean h\u1ec7 l\u1ea7n \u0111\u1ea7u<\/dt>\n<dd>Tri\u1ebft l\u00fd kinh doanh<br \/>\nc\u1ee7a Ohta Vi\u1ec7t nam<\/dd>\n<\/dl>\n<p class=\"btn\"><span class=\"btn_nota\">Xem chi ti\u1ebft t\u1ea1i \u0111\u00e2y<\/span><\/p>\n<\/div>\n<\/div>\n<\/div>\n<\/section>\n<section class=\"clearfix boxccom05\">\n<div class=\"uttl4_01 uttl4_02\">\n<h4>Ho\u1ea1t \u0111\u1ed9ng kinh doanh c\u1ee7a Ohta Vi\u1ec7t Nam<\/h4>\n<\/div>\n<div class=\"frame01\">\n<p class=\"\">B\u1ed1n ng\u00e0nh ngh\u1ec1 kinh doanh ch\u00ednh c\u1ee7a Ohta Vi\u1ec7t Nam nh\u1eb1m h\u1ed7 tr\u1ee3 c\u00e1c c\u00f4ng ty s\u1ea3n xu\u1ea5t t\u1ea1i ch\u00e2u \u00c1 l\u00e0:<br \/>\nB\u00e1n Linh Ki\u1ec7n (\u1ed1c v\u00edt \/ bu l\u00f4ng), x\u1eed l\u00fd c\u1eaft ch\u00ednh x\u00e1c, c\u00f4ng c\u1ee5 chuy\u00ean nghi\u1ec7p v\u00e0 linh ki\u1ec7n kh\u00e1c.<\/p>\n<\/div>\n<div class=\"sec04_list\">\n<div class=\"sec04_detail\">\n<dl>\n<dt><img decoding=\"async\" src=\"https:\/\/ohtavn.com\/wp-content\/themes\/ohtavn\/images\/illust01.svg\" alt=\"\u1ed0c v\u00edt-Bu l\u00f4ng\" width=\"260\" height=\"260\" \/><\/dt>\n<dd>\n<h4>\u1ed0c v\u00edt-Bu l\u00f4ng<\/h4>\n<\/dd>\n<\/dl>\n<p class=\"sec04_btn\"><a href=\"https:\/\/ohtavn.com\/business-cat\/screw\/\">Chi ti\u1ebft<\/a><\/p>\n<\/div>\n<div class=\"sec04_detail\">\n<dl>\n<dt><img decoding=\"async\" src=\"https:\/\/ohtavn.com\/wp-content\/themes\/ohtavn\/images\/illust03.svg\" alt=\"C\u00f4ng c\u1ee5 chuy\u00ean nghi\u1ec7p\" width=\"260\" height=\"260\" \/><\/dt>\n<dd>\n<h4>C\u00f4ng c\u1ee5 chuy\u00ean nghi\u1ec7p<\/h4>\n<\/dd>\n<\/dl>\n<p class=\"sec04_btn\"><a href=\"https:\/\/ohtavn.com\/business-cat\/pro-tools\/\">Chi ti\u1ebft<\/a><\/p>\n<\/div>\n<div class=\"sec04_detail\">\n<dl>\n<dt><img decoding=\"async\" src=\"https:\/\/ohtavn.com\/wp-content\/themes\/ohtavn\/images\/illust02.svg\" alt=\"Gia c\u00f4ng ch\u00ednh x\u00e1c\" width=\"260\" height=\"260\" \/><\/dt>\n<dd>\n<h4>Gia c\u00f4ng ch\u00ednh x\u00e1c<\/h4>\n<\/dd>\n<\/dl>\n<p class=\"sec04_btn\"><a href=\"https:\/\/ohtavn.com\/business-cat\/precision-work\/\">Chi ti\u1ebft<\/a><\/p>\n<\/div>\n<div class=\"sec04_detail\">\n<dl>\n<dt><img decoding=\"async\" src=\"https:\/\/ohtavn.com\/wp-content\/themes\/ohtavn\/images\/illust04.svg\" alt=\"B\u00e1n linh ki\u1ec7n\" width=\"260\" height=\"260\" \/><\/dt>\n<dd>\n<h4>B\u00e1n linh ki\u1ec7n<\/h4>\n<\/dd>\n<\/dl>\n<p class=\"sec04_btn\"><a href=\"https:\/\/ohtavn.com\/business-cat\/parts-sales\/\">Chi ti\u1ebft<\/a><\/p>\n<\/div>\n<\/div>\n<\/section>\n","protected":false},"excerpt":{"rendered":"<p>COMPANY V\u1ec1 Ohta Vi\u1ec7t Nam Ohta Vi\u1ec7t Nam l\u00e0 c\u00f4ng ty Nh\u1eadt B\u1ea3n t\u1ea1i Vi\u1ec7t Nam v\u1edbi 100% v\u1ed1n \u0111\u1ea7u t\u01b0 c\u00f4ng ty m\u1eb9 Ohta Holding Ch\u00fang t\u00f4i gi\u1ea3i quy\u1ebft c\u00e1c v\u1ea5n \u0111\u1ec1 v\u1ec1 cung c\u1ea5p linh ki\u1ec7n cho ng\u00e0nh s\u1ea3n xu\u1ea5t cho c\u00e1c doanh nghi\u1ec7p s\u1ea3n xu\u1ea5t t\u1ea1i Ch\u00e2u \u00c1, Ch\u00fang t\u00f4i h\u1ed7 tr\u1ee3 [&hellip;]<\/p>\n","protected":false},"author":2,"featured_media":0,"parent":0,"menu_order":0,"comment_status":"closed","ping_status":"closed","template":"","meta":{"_acf_changed":false,"_locale":"vi","_original_post":"http:\/\/xsbizx2023.xsrv.jp\/?page_id=1205","footnotes":""},"class_list":["post-1208","page","type-page","status-publish","hentry","vi"],"acf":[],"_links":{"self":[{"href":"https:\/\/ohtavn.com\/wp-json\/wp\/v2\/pages\/1208","targetHints":{"allow":["GET"]}}],"collection":[{"href":"https:\/\/ohtavn.com\/wp-json\/wp\/v2\/pages"}],"about":[{"href":"https:\/\/ohtavn.com\/wp-json\/wp\/v2\/types\/page"}],"author":[{"embeddable":true,"href":"https:\/\/ohtavn.com\/wp-json\/wp\/v2\/users\/2"}],"replies":[{"embeddable":true,"href":"https:\/\/ohtavn.com\/wp-json\/wp\/v2\/comments?post=1208"}],"version-history":[{"count":1,"href":"https:\/\/ohtavn.com\/wp-json\/wp\/v2\/pages\/1208\/revisions"}],"predecessor-version":[{"id":5625,"href":"https:\/\/ohtavn.com\/wp-json\/wp\/v2\/pages\/1208\/revisions\/5625"}],"wp:attachment":[{"href":"https:\/\/ohtavn.com\/wp-json\/wp\/v2\/media?parent=1208"}],"curies":[{"name":"wp","href":"https:\/\/api.w.org\/{rel}","templated":true}]}}