
{"id":1214,"date":"2023-07-13T16:33:15","date_gmt":"2023-07-13T07:33:15","guid":{"rendered":"http:\/\/xsbizx2023.xsrv.jp\/?page_id=1214"},"modified":"2023-11-13T12:41:33","modified_gmt":"2023-11-13T03:41:33","slug":"vision","status":"publish","type":"page","link":"https:\/\/ohtavn.com\/vi\/company\/vision\/","title":{"rendered":"Vision &#8211; VI"},"content":{"rendered":"<section class=\"clearfix\">\n<div class=\"uttl3_01\">\n<p class=\"uttl3_en\">vision<\/p>\n<h3>L\u1eddi ch\u00e0o t\u1eeb Gi\u00e1m \u0110\u1ed1c<\/h3>\n<\/div>\n<div class=\"boxvis01\">\n<div class=\"boxvis01_l\">\n<p class=\"boxvis01_l_ttl01\">\u0110\u01b0a ng\u00e0nh s\u1ea3n xu\u1ea5t c\u1ee7a ch\u00e2u \u00c1 l\u00ean m\u1ed9t t\u1ea7m cao m\u1edbi<\/p>\n<p class=\"\">Ng\u00e0nh s\u1ea3n xu\u1ea5t ch\u00ednh l\u00e0 ni\u1ec1m t\u1ef1 h\u00e0o c\u1ee7a Nh\u1eadt B\u1ea3n v\u1edbi th\u1ebf gi\u1edbi, m\u1ee5c ti\u00eau ban \u0111\u1ea7u c\u1ee7a ng\u00e0nh s\u1ea3n xu\u1ea5t Nh\u1eadt B\u1ea3n l\u00e0 \u0111\u1ec3 b\u1eaft k\u1ecbp th\u1ebf gi\u1edbi,<br \/>\nnh\u01b0ng sau \u0111\u00f3 \u0111\u00e3 tr\u1edf th\u00e0nh d\u1eabn d\u1ea7u th\u1ebf gi\u1edbi v\u00e0 x\u00e2y d\u1ef1ng \u0111\u01b0\u1ee3c th\u01b0\u01a1ng hi\u1ec7u n\u1ed5i ti\u1ebfng to\u00e0n th\u1ebf gi\u1eddi l\u00e0 h\u00e0ng s\u1ea3n xu\u1ea5t t\u1ea1i Nh\u1eadt B\u1ea3n ch\u1ea5t l\u01b0\u1ee3ng cao.<\/p>\n<p class=\"\">Trong khi \u0111\u00f3, ng\u00e0nh s\u1ea3n xu\u1ea5t c\u1ee7a th\u1ebf gi\u1edbi c\u0169ng c\u00f3 nh\u1eefng s\u1ef1 ph\u00e2n h\u00f3a, c\u00f3 nh\u1eefng ng\u01b0\u1eddi mua h\u1ecd t\u00ecm ki\u1ebfm h\u00e0ng h\u00f3a ch\u1ea5t l\u01b0\u1ee3ng cao v\u00e0 c\u00f3 nh\u1eefng ng\u01b0\u1eddi mua l\u1ea1i t\u00ecm ki\u1ebfm gi\u00e1 th\u00e0nh th\u1ea5p.<br \/>\nv\u1edbi s\u1ef1 ph\u1ed5 bi\u1ebfn c\u1ee7a m\u1ea1ng internet v\u00e0 m\u1ea1ng x\u00e3 h\u1ed9i vi\u1ec7c t\u00ecm ki\u1ebfm v\u00e0 trao \u0111\u1ed5i th\u00f4ng tin tr\u1edf n\u00ean d\u1ec5 d\u00e0ng h\u01a1n bao gi\u1edd h\u1ebft, v\u00e0 c\u00e1c y\u00eau c\u1ea7u c\u0169ng tr\u1edf n\u00ean \u0111a d\u1ea1ng h\u01a1n.<\/p>\n<p class=\"\">V\u1eady n\u00ean, th\u1ebf h\u1ec7 ti\u1ebfp theo c\u1ee7a ng\u00e0nh s\u1ea3n xu\u1ea5t Nh\u1eadt B\u1ea3n, ho\u1eb7c t\u1eadp trung v\u00e0o th\u1ebf m\u1ea1nh c\u1ee7a Nh\u1eadt B\u1ea3n l\u00e0 s\u1ea3n xu\u1ea5t h\u00e0ng ch\u1ea5t l\u01b0\u1ee3ng c\u1ef1c cao, ho\u1eb7c s\u1ea3n xu\u1ea5t h\u00e0ng ch\u1ea5t l\u01b0\u1ee3ng cao v\u1edbi gi\u00e1 th\u00e0nh h\u1ee3p l\u00fd \u0111\u1ec3 c\u00f3 th\u1ec3 h\u01b0\u1edbng \u0111\u1ebfn th\u1ecb tr\u01b0\u1eddng ngo\u00e0i Nh\u1eadt B\u1ea3n, \u0111\u00e2y s\u1ebd l\u00e0 v\u1ea5n \u0111\u1ec1 then ch\u1ed1t c\u1ee7a m\u1ed7i c\u00f4ng ty s\u1ea3n xu\u1ea5t \u0111\u1ec3 m\u1edf r\u1ed9ng k\u00eanh b\u00e1n h\u00e0ng trong t\u01b0\u01a1ng lai.<br \/>\nVai tr\u00f2 c\u1ee7a Ohta Vi\u1ec7t Nam l\u00e0 h\u1ed7 tr\u1ee3 h\u1ebft m\u00ecnh cho th\u1ebf h\u1ec7 ti\u1ebfp theo c\u1ee7a ng\u00e0nh s\u1ea3n xu\u1ea5t, ch\u00fang t\u00f4i ho\u1ea1t \u0111\u1ed9ng nh\u01b0 m\u1ed9t si\u00eau doanh nghi\u1ec7p h\u1ed7 tr\u1ee3 c\u00e1c doanh nghi\u1ec7p t\u1eeb m\u1ea3nh \u0111\u1ea5t Vi\u1ec7t nam n\u00e0y.<\/p>\n<\/div>\n<div class=\"boxvis01_r\">\n<p class=\"boxvis01_img\"><img decoding=\"async\" src=\"https:\/\/ohtavn.com\/wp-content\/themes\/ohtavn\/images\/vision_img01.jpg\" width=\"420\" height=\"424\" alt=\"\u5b87\u4f50\u7f8e \u6d69\u4e8c\"><\/p>\n<p class=\"boxvis01_lv\">Gi\u00e1m \u0111\u1ed1c \u0111\u1ea1i di\u1ec7n v\u00e0 Ch\u1ee7 t\u1ecbch<\/p>\n<dl>\n<dt><img decoding=\"async\" src=\"https:\/\/ohtavn.com\/wp-content\/themes\/ohtavn\/images\/name_koji.svg\" alt=\"\u5b87\u4f50\u7f8e \u6d69\u4e8c\"><\/dt>\n<dd> (Usami Koji)<\/dd>\n<\/dl>\n<\/div>\n<\/div>\n<\/section>\n<section class=\"clearfix ubox_main\">\n<p class=\"ubox_main_top\">Our Philosophy<\/p>\n<div class=\"ubox_main_bot\">\n<div class=\"ubox_main_botl\">\n<p class=\"ubox_main_botl_ttl01\">Cam k\u1ebft c\u1ee7a<br \/>\nOhta Vi\u1ec7t Nam<\/p>\n<\/div>\n<div class=\"ubox_main_botr\">\n<dl>\n<dt>01.<\/dt>\n<dd>Ch\u00fang t\u00f4i theo \u0111u\u1ed5i d\u1ecbch v\u1ee5 d\u1ef1a tr\u00ean kh\u00e1i ni\u1ec7m: Nh\u1eefng g\u00ec kh\u00e1ch h\u00e0ng mu\u1ed1n,<br \/>\nv\u00e0o Th\u1eddi \u0111i\u1ec3m kh\u00e1ch h\u00e0ng mu\u1ed1n v\u00e0 S\u1ed1 l\u01b0\u1ee3ng kh\u00e1ch h\u00e0ng mu\u1ed1n.<\/dd>\n<\/dl>\n<dl>\n<dt>02.<\/dt>\n<dd>Theo \u0111u\u1ed5i vi\u1ec7c c\u1eaft gi\u1ea3m chi ph\u00ed ch\u00fa tr\u1ecdng v\u00e0o t\u00ednh n\u0103ng.<br \/>\n(Thay v\u00ec s\u1ea3n xu\u1ea5t d\u1ef1a theo h\u00ecnh d\u1ea1ng, ch\u00fang t\u00f4i s\u1ebd t\u1ed1i \u0111a h\u00f3a c\u00e1c t\u00ednh n\u0103ng m\u00e0 nh\u00e0 thi\u1ebft k\u1ebf k\u1ef3 v\u1ecdng v\u00e0 c\u1ed1 g\u1eafng c\u1eaft gi\u1ea3m chi ph\u00ed nhi\u1ec1u nh\u1ea5t c\u00f3 th\u1ec3)<\/dd>\n<\/dl>\n<dl>\n<dt>03.<\/dt>\n<dd>S\u1ea3n ph\u1ea9m c\u1ee7a qu\u00fd kh\u00e1ch \u0111\u01b0\u1ee3c s\u1ea3n xu\u1ea5t, v\u1eadn chuy\u1ec3n v\u00e0 qu\u1ea3n l\u00fd b\u1edfi \u0111\u1ed9i ng\u0169 nh\u00e2n vi\u00ean nhi\u1ec7t huy\u1ebft v\u00e0 tr\u00e0n \u0111\u1ea7y n\u0103ng l\u01b0\u1ee3ng v\u00e0 l\u00e0m vi\u1ec7c trong m\u1ed9t m\u00f4i tr\u01b0\u1eddng s\u1ea1ch s\u1ebd v\u00e0 \u0111\u01b0\u1ee3c t\u1ed5 ch\u1ee9c t\u1ed1t.<\/dd>\n<\/dl>\n<\/div>\n<\/div>\n<\/section>\n<section class=\"clearfix boxvis02_main\">\n<div class=\"boxvis02_in\">\n<p class=\"boxvis02_img\"><img decoding=\"async\" src=\"https:\/\/ohtavn.com\/wp-content\/themes\/ohtavn\/images\/vision_img02.jpg\" width=\"550\" height=\"450\" alt=\"T\u1ea7m nh\u00ecn\"><\/p>\n<dl>\n<dt>T\u1ea7m nh\u00ecn<\/dt>\n<dd>Tr\u1edf th\u00e0nh doanh nghi\u1ec7p t\u1ea1o ra c\u00e1c h\u1ec7 th\u1ed1ng m\u1edbi<\/dd>\n<\/dl>\n<\/div>\n<div class=\"boxvis02_in\">\n<p class=\"boxvis02_img\"><img decoding=\"async\" src=\"https:\/\/ohtavn.com\/wp-content\/themes\/ohtavn\/images\/vision_img03.jpg\" width=\"550\" height=\"450\" alt=\"Tri\u1ebft l\u00fd doanh nghi\u1ec7p\"><\/p>\n<dl>\n<dt>Tri\u1ebft l\u00fd doanh nghi\u1ec7p<\/dt>\n<dd>Kh\u00f4ng c\u00f3 kh\u00e1i ni\u1ec7n c\u1ed1 \u0111\u1ecbnh, lu\u00f4n ph\u00e1t tri\u1ec3n(c\u1ea3i ti\u1ebfn), lu\u00f4n tr\u01b0\u1edfng th\u00e0nh. Trong m\u1ed9t th\u1ebf gi\u1edbi lu\u00f4n thay \u0111\u1ed5i nh\u01b0 hi\u1ec7n nay, ch\u00fang t\u00f4i s\u1ebd lu\u00f4n ph\u1ea3n \u1ee9ng linh ho\u1ea1t \u0111\u1ec3 th\u00edch nghi, ch\u00fang t\u00f4i s\u1ebd n\u1ed7 l\u1ef1c \u0111\u00f3ng g\u00f3p cho x\u00e3 h\u1ed9i th\u00f4ng qua c\u00e1c h\u1ec7 th\u1ed1ng s\u1ea3n xu\u1ea5t v\u00e0 ph\u00e2n ph\u1ed1i r\u1ed9ng kh\u1eafp.<\/dd>\n<\/dl>\n<\/div>\n<\/section>\n<section class=\"clearfix boxvis03_main\">\n<div class=\"boxvis03_top\">\n<div class=\"uttl4_01\">\n<p class=\"uttl4_en\">philosophy<\/p>\n<h4>Tri\u1ebft l\u00fd kinh doanh<\/h4>\n<\/div>\n<p class=\"vision_ttl01\">Ch\u00fang t\u00f4i s\u1ebd lu\u00f4n h\u01b0\u1edbng t\u1edbi<br \/>\nm\u1ee5c ti\u00eau tr\u1edf th\u00e0nh m\u1ed9t t\u1ed5 ch\u1ee9c m\u00e0<br \/>\nc\u00e1c doanh nghi\u1ec7p <span class=\"pink\">&#8220;mu\u1ed1n l\u00e0m vi\u1ec7c c\u00f9ng&#8221;<\/span>.<\/p>\n<\/div>\n<div class=\"frame02\">\n<dl class=\"vision_in\">\n<dt>B\u1eb1ng vi\u1ec7c duy tr\u00ec m\u1ed9t m\u1ee9c t\u0103ng tr\u01b0\u1edfng tuy th\u1ea5p nh\u01b0ng ph\u00e1t tri\u1ec3n \u0111\u1ec1u \u0111\u1eb7n nh\u01b0 m\u1ed9t v\u00f2ng \u0111\u1eddi c\u1ee7a m\u1ed9t c\u00e1i c\u00e2y, <\/dt>\n<dd>\n<ul class=\"list01\">\n<li>\n<p class=\"\">C\u00f4ng ty ch\u00fang t\u00f4i s\u1ebd m\u00e3i m\u00e3i t\u1ed3n t\u1ea1i v\u00e0 mang l\u1ea1i h\u1ea1nh ph\u00fac cho nh\u1eefng ng\u01b0\u1eddi gia nh\u1eadp v\u00e0o doanh nghi\u1ec7p c\u1ee7a ch\u00fang t\u00f4i.<br \/>\nT\u1ea1i Ohta ch\u00fang t\u00f4i h\u01b0\u1edbng \u0111\u1ebfn s\u1ef1 ph\u00e1t tri\u1ec3n nh\u1eb9 nh\u00e0ng t\u1eebng b\u01b0\u1edbc, t\u1eebng b\u01b0\u1edbc m\u1ed9t. nh\u01b0 m\u1ed9t ch\u00fa r\u00f9a c\u1ea7n m\u1eabn kh\u00f4ng c\u1ea7n c\u1ed1 g\u1eafng qu\u00e1 s\u1ee9c.<br \/>\nCh\u00fang t\u00f4i tin r\u1eb1ng gi\u00e1 tr\u1ecb v\u00e0 s\u1ef1 y\u00eau m\u1ebfn \u0111\u1ed1i v\u1edbi m\u1ed9t doanh nghi\u1ec7p s\u1ebd \u0111\u01b0\u1ee3c x\u00e2y d\u1ef1ng theo th\u1eddi gian v\u00e0 khi t\u1ea5t c\u1ea3 m\u1ecdi ng\u01b0\u1eddi tham gia v\u00e0o t\u1ed5 ch\u1ee9c \u0111\u00f3 \u0111\u1ec1u c\u1ea3m th\u1ea5y vui v\u1ebb.<\/p>\n<\/li>\n<\/ul>\n<\/dd>\n<\/dl>\n<dl class=\"vision_in\">\n<dt>N\u1ebfu kh\u00f4ng c\u00f3 s\u1ef1 h\u00e0i l\u00f2ng c\u1ee7a nh\u00e2n vi\u00ean, th\u00ec s\u1ef1 h\u00e0i l\u00f2ng c\u1ee7a kh\u00e1ch h\u00e0ng v\u00e0 s\u1ef1 ph\u00e1t tri\u1ec3n c\u1ee7a doanh nghi\u1ec7p \u0111\u1ec1u kh\u00f3 c\u00f3 th\u1ec3 \u0111\u1ea1t \u0111\u01b0\u1ee3c<\/dt>\n<dd>\n<ul class=\"list01\">\n<li>\n<p class=\"\">Ch\u00fang t\u00f4i tin r\u1eb1ng con ng\u01b0\u1eddi sinh ra l\u00e0 \u0111\u1ec3 ch\u1ea1y theo nh\u1eefng con s\u1ed1, v\u00ec v\u1eady thay v\u00ec h\u1ea1n ch\u1ebf nh\u00e2n vi\u00ean b\u1eb1ng nh\u1eefng m\u1ee5c ti\u00eau t\u1eeb c\u1ea5p tr\u00ean \u0111\u01b0a ra, h\u00e3y \u0111\u1ec3 nh\u00e2n vi\u00ean t\u1ef1 m\u00ecnh ra quy\u1ebft \u0111\u1ecbnh.<br \/>\n Ch\u00fang t\u00f4i tr\u00e2n tr\u1ecdng nh\u1eefng h\u00e0nh \u0111\u1ed9ng t\u1ef1 ph\u00e1t, \u0111\u1ed9ng c\u01a1 t\u1ef1 ph\u00e1t mang l\u1ea1i l\u1ee3i \u00edch.<\/p>\n<\/li>\n<\/ul>\n<\/dd>\n<\/dl>\n<\/div>\n<\/section>\n<section class=\"clearfix boxvis04\">\n<div class=\"boxvis04_top\">\n<div class=\"uttl4_01 uttl4_w\">\n<p class=\"uttl4_en\">rules<\/p>\n<h4>Quy t\u1eafc \u1ee9ng x\u1eed c\u1ee7a nh\u00e2n vi\u00ean<\/h4>\n<\/div>\n<\/div>\n<div class=\"boxvis04_txt\">\n<p class=\"\">T\u1ef1 t\u00ecm hi\u1ec3u, t\u1ef1 suy ngh\u0129<br \/>\nT\u1eadp trung v\u00e0o c\u00f4ng vi\u1ec7c<br \/>\nL\u00e0m vi\u1ec7c trung th\u1ef1c<\/p>\n<\/div>\n<\/section>\n<section class=\"clearfix\">\n<div class=\"frame03\">\n<div class=\"frame03_top\">\n<div class=\"uttl4_01\">\n<p class=\"uttl4_en\">Quality<\/p>\n<h4>Ch\u00ednh s\u00e1ch v\u1ec1 M\u00f4i tr\u01b0\u1eddng\/Ch\u1ea5t l\u01b0\u1ee3ng<\/h4>\n<\/div>\n<p class=\"frame03_top_txt\">L\u00e0 m\u1ed9t doanh nghi\u1ec7p cung c\u1ea5p linh ki\u1ec7n cho nhi\u1ec1u ng\u00e0nh c\u00f4ng nghi\u1ec7p kh\u00e1c nhau, ch\u00fang t\u00f4i \u0111\u00e3 thi\u1ebft l\u1eadp h\u1ec7 th\u1ed1ng qu\u1ea3n l\u00fd ch\u1ea5t l\u01b0\u1ee3ng v\u00e0 h\u1ec7 th\u1ed1ng qu\u1ea3n l\u00fd m\u00f4i tr\u01b0\u1eddng d\u1ef1a tr\u00ean c\u00e1c ti\u00eau chu\u1ea9n ISO, \u0111\u1ed3ng th\u1eddi ch\u00fang t\u00f4i  k\u1ebft th\u1ef1c hi\u1ec7n nh\u1eefng \u0111i\u1ec1u sau v\u00e0 li\u00ean t\u1ee5c c\u1ea3i ti\u1ebfn ch\u00fang.<\/p>\n<\/div>\n<div class=\"frame03_bot\">\n<ul class=\"list_number\">\n<li>Ch\u00fang t\u00f4i ti\u1ebfn h\u00e0nh tu\u1ea7n tra\/ki\u1ec3m tra an to\u00e0n lao \u0111\u1ed9ng \u0111\u1ec3 t\u1ea5t c\u1ea3 nh\u00e2n vi\u00ean c\u00f3 th\u1ec3 l\u00e0m vi\u1ec7c trong m\u1ed9t m\u00f4i tr\u01b0\u1eddng an to\u00e0n v\u00e0 l\u00e0nh m\u1ea1nh, \u0111\u1ed3ng th\u1eddi h\u01b0\u1edbng t\u1edbi m\u1ee5c ti\u00eau kh\u00f4ng \u0111\u1ec3 x\u1ea3y ra tai n\u1ea1n trong c\u00f4ng ty\/nh\u00e0 m\u00e1y, ch\u00fang t\u00f4i lu\u00f4n n\u1ed7 l\u1ef1c c\u1ea3i thi\u1ec7n m\u00f4i tr\u01b0\u1eddng l\u00e0m vi\u1ec7c, th\u00f4ng tin v\u00e0 \u0111\u00e0o t\u1ea1o \u0111\u1ebfn to\u00e0n b\u1ed9 c\u00f4ng nh\u00e2n vi\u00ean.<\/li>\n<li>Ph\u00e2n \u0111\u1ecbnh r\u00f5 vai tr\u00f2, tr\u00e1ch nhi\u1ec7m c\u1ee7a t\u1eebng b\u1ed9 ph\u1eadn, \u0111\u1ed3ng th\u1eddi ph\u1ed1i h\u1ee3p v\u1edbi c\u00e1c nh\u00e0 m\u00e1y s\u1ea3n xu\u1ea5t, c\u00f4ng ty \u0111\u1ed1i t\u00e1c \u0111\u1ec3 n\u00e2ng cao ch\u1ea5t l\u01b0\u1ee3ng s\u1ea3n ph\u1ea9m, gi\u00e1 th\u00e0nh, \u0111\u00e1p \u1ee9ng y\u00eau c\u1ea7u c\u1ee7a kh\u00e1ch h\u00e0ng, \u0111\u1ea1t \u0111\u01b0\u1ee3c s\u1ef1 tin t\u01b0\u1edfng v\u00e0 h\u00e0i l\u00f2ng c\u1ee7a kh\u00e1ch h\u00e0ng .<\/li>\n<li>Ch\u00fang t\u00f4i tu\u00e2n th\u1ee7 c\u00e1c lu\u1eadt v\u00e0 quy \u0111\u1ecbnh c\u00f3 li\u00ean quan v\u00e0 c\u00e1c y\u00eau c\u1ea7u \u0111\u00e3 th\u1ecfa thu\u1eadn kh\u00e1c, t\u00edch c\u1ef1c tham gia v\u00e0o c\u00e1c cu\u1ed9c \u0111i\u1ec1u tra v\u1ec1 c\u00e1c ch\u1ea5t ch\u1ee9a trong danh m\u1ee5c c\u1ea5m, chu\u1ea9n b\u1ecb c\u00e1c t\u00e0i li\u1ec7u \u0111\u1ea3m b\u1ea3o ch\u1ea5t l\u01b0\u1ee3ng, c\u00e1c cu\u1ed9c kh\u1ea3o s\u00e1t v\u00e0 nghi\u00ean c\u1ee9u, v\u00e0 t\u1ea5t c\u1ea3 nh\u00e2n vi\u00ean \u0111\u1ec1u hi\u1ec3u t\u1ea7m quan tr\u1ecdng c\u1ee7a vi\u1ec7c ng\u0103n ng\u1eeba \u00f4 nhi\u1ec5m m\u00f4i tr\u01b0\u1eddng. Ch\u00fang t\u00f4i hi\u1ec3u v\u1ec1 t\u1ea7m quan tr\u1ecdng c\u1ee7a vi\u1ec7c b\u1ea3o v\u1ec7 m\u00f4i tr\u01b0\u1eddng v\u00e0 s\u1ebd gi\u00e1o d\u1ee5c to\u00e0n b\u1ed9 nh\u00e2n vi\u00ean v\u00e0 nghi\u00eam t\u00fac th\u1ef1c hi\u1ec7n.<\/li>\n<li>Ch\u00fang t\u00f4i mong mu\u1ed1n c\u1ea3i thi\u1ec7n hi\u1ec7u su\u1ea5t l\u00e0m vi\u1ec7c, gi\u1ea3m thi\u1ec3u c\u00e1c s\u1ea3n ph\u1ea9m t\u00e1c \u0111\u1ed9ng \u0111\u1ebfn m\u00f4i tr\u01b0\u1eddng b\u1eb1ng c\u00e1ch n\u00e2ng cao nh\u1eadn th\u1ee9c v\u00e0 t\u00edch c\u1ef1c \u00e1p d\u1ee5ng 5S, t\u0103ng hi\u1ec7u qu\u1ea3 c\u00f4ng vi\u1ec7c, gi\u1ea3m c\u00e1c s\u1ea3n ph\u1ea9m g\u00e2y t\u00e1c \u0111\u1ed9ng \u0111\u1ebfn m\u00f4i tr\u01b0\u1eddng v\u00e0 b\u1eb1ng c\u00e1ch gi\u1ea3m c\u00e1c s\u1ea3n ph\u1ea9m b\u1ecb l\u1ed7i. <\/li>\n<li>Ch\u00fang t\u00f4i t\u1eadn d\u1ee5ng t\u1ed1i \u0111a m\u1ecdi c\u00f4ng c\u1ee5 v\u00e0 ngu\u1ed3n l\u1ef1c, \u0111\u1ed3ng th\u1eddi khuy\u1ebfn kh\u00edch nh\u1eefng nh\u00e2n vi\u00ean c\u00f3 suy ngh\u0129 ch\u1ee7 \u0111\u1ed9ng v\u00e0 t\u1ef1 m\u00ecnh \u0111\u01b0a ra c\u00e1c h\u00e0nh \u0111\u1ed9ng c\u1ea3i thi\u1ec7n.<\/li>\n<\/ul>\n<\/div>\n<\/div>\n<\/section>\n<section class=\"clearfix unbr_list01_main \">\n<div class=\"unbr_list01\">\n<div class=\"unbr_list01_bnr\"><a href=\"https:\/\/ohtavn.com\/company\/introduction\/\" class=\"hovbox\"><\/a><\/p>\n<p class=\"unbr_list01_img\"><img decoding=\"async\" src=\"https:\/\/ohtavn.com\/wp-content\/themes\/ohtavn\/images\/company-bnr01.png\" width=\"960\" height=\"280\" alt=\"Gi\u1edbi thi\u1ec7u v\u1ec1 nh\u00e2n s\u1ef1\/ C\u01a1 s\u1edf v\u1eadt ch\u1ea5t\"><\/p>\n<div class=\"ubnr_list01_info\">\n<dl>\n<dt>Gi\u1edbi thi\u1ec7u v\u1ec1 nh\u00e2n s\u1ef1\/<br \/>\nC\u01a1 s\u1edf v\u1eadt ch\u1ea5t <\/dt>\n<dd>Gi\u1edbi thi\u1ec7u v\u1ec1 nh\u00e2n s\u1ef1 v\u00e0 c\u01a1 s\u1edf v\u1eadt ch\u1ea5t c\u1ee7a Ohta Vi\u1ec7t nam<\/dd>\n<\/dl>\n<p class=\"btn\"><span class=\"btn_nota\">Chi ti\u1ebft <span class=\"btnarr\"><\/span><\/span><\/p>\n<\/div>\n<\/div>\n<div class=\"unbr_list01_bnr\"><a href=\"https:\/\/ohtavn.com\/business\/\" class=\"hovbox\"><\/a><\/p>\n<p class=\"unbr_list01_img\"><img decoding=\"async\" src=\"https:\/\/ohtavn.com\/wp-content\/themes\/ohtavn\/images\/vision-bnr01.png\" width=\"960\" height=\"280\" alt=\"Gi\u1edbi thi\u1ec7u ng\u00e0nh ngh\u1ec1 kinh doanh\"><\/p>\n<div class=\"ubnr_list01_info\">\n<dl>\n<dt>Gi\u1edbi thi\u1ec7u<br \/>\nng\u00e0nh ngh\u1ec1 kinh doanh<\/dt>\n<dd>Gi\u1edbi thi\u1ec7u v\u1ec1 ng\u00e0nh ngh\u1ec1 kinh doanh c\u1ee7a Ohta Vi\u1ec7t Nam<\/dd>\n<\/dl>\n<p class=\"btn\"><span class=\"btn_nota\">Chi ti\u1ebft <span class=\"btnarr\"><\/span><\/span><\/p>\n<\/div>\n<\/div>\n<\/div>\n<\/section>\n","protected":false},"excerpt":{"rendered":"<p>vision L\u1eddi ch\u00e0o t\u1eeb Gi\u00e1m \u0110\u1ed1c \u0110\u01b0a ng\u00e0nh s\u1ea3n xu\u1ea5t c\u1ee7a ch\u00e2u \u00c1 l\u00ean m\u1ed9t t\u1ea7m cao m\u1edbi Ng\u00e0nh s\u1ea3n xu\u1ea5t ch\u00ednh l\u00e0 ni\u1ec1m t\u1ef1 h\u00e0o c\u1ee7a Nh\u1eadt B\u1ea3n v\u1edbi th\u1ebf gi\u1edbi, m\u1ee5c ti\u00eau ban \u0111\u1ea7u c\u1ee7a ng\u00e0nh s\u1ea3n xu\u1ea5t Nh\u1eadt B\u1ea3n l\u00e0 \u0111\u1ec3 b\u1eaft k\u1ecbp th\u1ebf gi\u1edbi, nh\u01b0ng sau \u0111\u00f3 \u0111\u00e3 tr\u1edf th\u00e0nh d\u1eabn [&hellip;]<\/p>\n","protected":false},"author":2,"featured_media":0,"parent":1208,"menu_order":0,"comment_status":"closed","ping_status":"closed","template":"","meta":{"_acf_changed":false,"_locale":"vi","_original_post":"http:\/\/xsbizx2023.xsrv.jp\/?page_id=1211","footnotes":""},"class_list":["post-1214","page","type-page","status-publish","hentry","vi"],"acf":[],"_links":{"self":[{"href":"https:\/\/ohtavn.com\/wp-json\/wp\/v2\/pages\/1214","targetHints":{"allow":["GET"]}}],"collection":[{"href":"https:\/\/ohtavn.com\/wp-json\/wp\/v2\/pages"}],"about":[{"href":"https:\/\/ohtavn.com\/wp-json\/wp\/v2\/types\/page"}],"author":[{"embeddable":true,"href":"https:\/\/ohtavn.com\/wp-json\/wp\/v2\/users\/2"}],"replies":[{"embeddable":true,"href":"https:\/\/ohtavn.com\/wp-json\/wp\/v2\/comments?post=1214"}],"version-history":[{"count":0,"href":"https:\/\/ohtavn.com\/wp-json\/wp\/v2\/pages\/1214\/revisions"}],"up":[{"embeddable":true,"href":"https:\/\/ohtavn.com\/wp-json\/wp\/v2\/pages\/1208"}],"wp:attachment":[{"href":"https:\/\/ohtavn.com\/wp-json\/wp\/v2\/media?parent=1214"}],"curies":[{"name":"wp","href":"https:\/\/api.w.org\/{rel}","templated":true}]}}