
{"id":1241,"date":"2023-07-13T19:08:06","date_gmt":"2023-07-13T10:08:06","guid":{"rendered":"http:\/\/xsbizx2023.xsrv.jp\/?page_id=1241"},"modified":"2023-10-05T17:53:38","modified_gmt":"2023-10-05T08:53:38","slug":"strength","status":"publish","type":"page","link":"https:\/\/ohtavn.com\/vi\/strength\/","title":{"rendered":"STRENGTH &#8211; VI"},"content":{"rendered":"<section class=\"clearfix\">\n<div class=\"ubox_top\">\n<div class=\"ubox_top_l\"> <\/div>\n<div class=\"ubox_top_r\">\n<p class=\"\">Hi\u1ec7n t\u1ea1i, s\u1ea3n xu\u1ea5t \u0111a d\u1ea1ng m\u1eabu m\u00e3 v\u00e0 s\u1ed1 l\u01b0\u1ee3ng \u00edt l\u00e0 \u0111\u01b0\u01a1ng nhi\u00ean. Trong b\u1ed1i c\u1ea3nh hi\u1ec7n nay, v\u1edbi quy\u1ebft t\u00e2m &#8220;\u0110\u01b0a ng\u00e0nh s\u1ea3n xu\u1ea5t ch\u00e2u \u00c1 l\u00ean m\u1ed9t t\u1ea7m cao m\u1edbi&#8221;, Ohta Vi\u1ec7t Nam s\u1ebd th\u1ef1c hi\u1ec7n mong mu\u1ed1n c\u1ee7a m\u1ecdi kh\u00e1ch h\u00e0ng: &#8220;s\u1ea3n xu\u1ea5t \u0111\u01b0\u1ee3c nh\u1eefng g\u00ec h\u1ecd mu\u1ed1n, \u0111\u00fang th\u1eddi \u0111i\u1ec3m y\u00eau c\u1ea7u, \u0111\u00e1p \u1ee9ng s\u1ed1 l\u01b0\u1ee3ng \u0111\u01b0a ra &#8220;. <\/p>\n<p class=\"\">Ch\u00fang t\u00f4i s\u1ebd kh\u00f4ng ng\u1eebng n\u1ed7 l\u1ef1c \u0111\u1ec3 th\u00edch nghi v\u1edbi m\u1ecdi s\u1ef1 thay \u0111\u1ed5i trong t\u01b0\u01a1ng lai<\/p>\n<\/div>\n<\/div>\n<\/section>\n<section class=\"clearfix\">\n<div class=\"upoint_list\">\n<div id=\"strength_ttl01\" class=\"upoint_detail\">\n<p class=\"upoint_img\"><img decoding=\"async\" src=\"https:\/\/ohtavn.com\/wp-content\/themes\/ohtavn\/images\/strength_img01.png\" width=\"920\" height=\"518\" alt=\"S\u1ee9c Cung \u1ee8ng\"><\/p>\n<div class=\"upoint_ttl\">\n<div class=\"uttl4_01\">\n<p class=\"uttl4_en\">POINT 1<\/p>\n<h3>S\u1ee9c Cung \u1ee8ng<\/h3>\n<\/div>\n<\/div>\n<dl class=\"upoint_info\">\n<dt>Ch\u00fang t\u00f4i chu\u1ea9n b\u1ecb h\u00e0ng lo\u1ea1t c\u00e1c linh ki\u1ec7n v\u1edbi \u0111a d\u1ea1ng m\u1eabu m\u00e3 \u0111\u1ec3 \u0111\u1ea3m b\u1ea3o s\u1ee9c cung \u1ee9ng \u1ed5n \u0111\u1ecbnh.<\/dt>\n<dd>Nh\u1edd s\u1ef1 h\u1ee3p t\u00e1c ch\u1eb7t ch\u1ebd v\u1edbi c\u00e1c c\u00f4ng ty \u0111\u1ed1i t\u00e1c, ch\u00fang t\u00f4i c\u00f3 kh\u1ea3 n\u0103ng cung c\u1ea5p linh ki\u1ec7n v\u00e0 s\u1ea3n ph\u1ea9m \u0111a d\u1ea1ng tu\u1ef3 theo c\u00e1c nhu c\u1ea7u kh\u00e1c nhau c\u1ee7a kh\u00e1ch h\u00e0ng, \u0111\u00e2y c\u0169ng ch\u00ednh l\u00e0 \u0111i\u1ec3m m\u1ea1nh c\u1ee7a ch\u00fang t\u00f4i.<br \/>\nNgo\u00e0i ra, ch\u00fang t\u00f4i \u0111\u00e3 n\u1ed7 l\u1ef1c t\u1ed1i \u01b0u h\u00f3a v\u00e0 t\u0103ng c\u01b0\u1eddng hi\u1ec7u su\u1ea5t trong quy tr\u00ecnh s\u1ea3n xu\u1ea5t t\u1ea1i nh\u00e0 m\u00e1y \u0111\u1ec3 \u0111\u00e1p \u1ee9ng nhu c\u1ea7u s\u1ea3n xu\u1ea5t h\u00e0ng lo\u1ea1t .<br \/>\n\u0110\u1ed1i v\u1edbi c\u00e1c s\u1ea3n ph\u1ea9m nh\u1eadp kh\u1ea9u, ch\u00fang t\u00f4i \u0111\u00e3 h\u1ee3p t\u00e1c v\u1edbi c\u00e1c nh\u00e0 s\u1ea3n xu\u1ea5t h\u00e0ng \u0111\u1ea7u t\u1ea1i Nh\u1eadt B\u1ea3n v\u00e0 ch\u00e2u \u00c1 \u0111\u1ec3 \u0111\u1ea3m b\u1ea3o vi\u1ec7c c\u00f3 th\u1ec3 cung c\u1ea5p m\u1ed9t c\u00e1ch nhanh ch\u00f3ng v\u00e0 k\u1ecbp th\u1eddi.<br \/>\n(B\u1eb1ng c\u00e1ch \u0111\u1ea3m b\u1ea3o l\u1ecbch tr\u00ecnh h\u00e0ng h\u00f3a \u0111\u1ecbnh k\u1ef3 t\u1eeb Nh\u1eadt B\u1ea3n, ch\u00fang t\u00f4i \u0111\u00e3 gi\u1ea3m chi ph\u00ed v\u1eadn chuy\u1ec3n \u0111\u00e1ng k\u1ec3 cho c\u00e1c l\u00f4 h\u00e0ng nh\u1ecf)<\/dd>\n<\/dl>\n<\/div>\n<div id=\"strength_ttl02\" class=\"upoint_detail\">\n<p class=\"upoint_img\"><img decoding=\"async\" src=\"https:\/\/ohtavn.com\/wp-content\/themes\/ohtavn\/images\/strength_img02.png\" width=\"920\" height=\"518\" alt=\"S\u1ef1 Linh Ho\u1ea1t\"><\/p>\n<div class=\"upoint_ttl\">\n<div class=\"uttl4_01\">\n<p class=\"uttl4_en\">POINT 2<\/p>\n<h3>S\u1ef1 Linh Ho\u1ea1t<\/h3>\n<\/div>\n<\/div>\n<dl class=\"upoint_info\">\n<dt>Ch\u00fang t\u00f4i \u0111\u1ec1 xu\u1ea5t m\u1ed9t s\u1ed1 c\u00e1ch t\u1ed1i \u01b0u v\u00e0 \u0111\u00e1p \u1ee9ng nhu c\u1ea7u kh\u00e1ch h\u00e0ng m\u1ed9t c\u00e1ch linh ho\u1ea1t v\u00e0 nhanh ch\u00f3ng.<\/dt>\n<dd>S\u1ea3n xu\u1ea5t \u0111a d\u1ea1ng c\u00e1c s\u1ea3n ph\u1ea9m v\u1edbi s\u1ed1 l\u01b0\u1ee3ng \u00edt l\u00e0 ti\u00eau chu\u1ea9n trong ng\u00e0nh c\u00f4ng nghi\u1ec7p. \u0110\u1ed3ng th\u1eddi, c\u00e1c nh\u00e0 cung c\u1ea5p ph\u1ea3i lu\u00f4n n\u1eafm v\u1eefng t\u00ecnh h\u00ecnh th\u1ecb tr\u01b0\u1eddng v\u00e0 nhu c\u1ea7u c\u1ee7a kh\u00e1ch h\u00e0ng \u0111\u1ec3 \u0111\u00e1p \u1ee9ng m\u1ed9t c\u00e1ch nhanh ch\u00f3ng. <br \/>\nDo \u0111\u00f3, ch\u00fang t\u00f4i \u0111\u00e3 thi\u1ebft l\u1eadp m\u1ed9t c\u01a1 c\u1ea5u ch\u1eb7t ch\u1ebd trong to\u00e0n b\u1ed9 \u0111\u1ed9i ng\u0169 nh\u00e2n vi\u00ean \u0111\u1ec3 \u0111\u01b0a ra c\u00e1c quy\u1ebft \u0111\u1ecbnh nhanh ch\u00f3ng v\u00e0 tri\u1ec3n khai linh ho\u1ea1t trong qu\u00e1 tr\u00ecnh s\u1ea3n xu\u1ea5t \u0111\u1ec3 \u0111\u00e1p \u1ee9ng m\u1ecdi nhu c\u1ea7u t\u0103ng \u0111\u1ed9t ng\u1ed9t c\u1ee7a kh\u00e1ch h\u00e0ng.<\/dd>\n<\/dl>\n<\/div>\n<div id=\"strength_ttl03\" class=\"upoint_detail\">\n<p class=\"upoint_img\"><img decoding=\"async\" src=\"https:\/\/ohtavn.com\/wp-content\/themes\/ohtavn\/images\/strength_img03.png\" width=\"920\" height=\"518\" alt=\"Ch\u1ea5t L\u01b0\u1ee3ng\"><\/p>\n<div class=\"upoint_ttl\">\n<div class=\"uttl4_01\">\n<p class=\"uttl4_en\">POINT 3<\/p>\n<h3>Ch\u1ea5t L\u01b0\u1ee3ng<\/h3>\n<\/div>\n<\/div>\n<dl class=\"upoint_info\">\n<dt>Ch\u00fang t\u00f4i t\u1eadp trung v\u00e0o vi\u1ec7c \u0111\u1ea3m b\u1ea3o ch\u1ea5t l\u01b0\u1ee3ng cao theo phong c\u00e1ch Nh\u1eadt B\u1ea3n.<\/dt>\n<dd>Trong qu\u00e1 tr\u00ecnh s\u1ea3n xu\u1ea5t, ch\u1ea5t l\u01b0\u1ee3ng c\u1ee7a t\u1eebng ph\u1ea7n t\u1eed c\u1ea5u th\u00e0nh s\u1ea3n ph\u1ea9m l\u00e0 v\u00f4 c\u00f9ng quan tr\u1ecdng, do \u0111\u00f3 ch\u00fang t\u00f4i c\u0169ng c\u00f3 c\u00f3 cam k\u1ebft v\u1ec1 ch\u1ea5t l\u01b0\u1ee3ng v\u1edbi nh\u1eefng c\u00f4ng ty cung c\u1ea5p c\u00e1c ph\u1ea7n t\u1eed n\u00e0y.<br \/>\nCh\u00fang t\u00f4i \u0111\u00e3 thi\u1ebft l\u1eadp b\u1ed9 ph\u1eadn qu\u1ea3n l\u00fd ch\u1ea5t l\u01b0\u1ee3ng trong c\u00f4ng ty v\u00e0 th\u1ef1c hi\u1ec7n qu\u1ea3n l\u00fd ch\u1ea5t l\u01b0\u1ee3ng nghi\u00eam ng\u1eb7t kh\u00f4ng ch\u1ec9 trong nh\u00e0 m\u00e1y c\u1ee7a ch\u00fang t\u00f4i v\u00e0 c\u1ea3 c\u00e1c c\u00f4ng ty \u0111\u1ed1i t\u00e1c.<br \/>\nCh\u00fang t\u00f4i c\u0169ng \u0111\u00e3 \u0111\u1ea1t \u0111\u01b0\u1ee3c ch\u1ee9ng nh\u1eadn ISO9001 v\u00e0 li\u00ean t\u1ee5c n\u00e2ng cao h\u1ec7 th\u1ed1ng qu\u1ea3n l\u00fd ch\u1ea5t l\u01b0\u1ee3ng h\u00e0ng ng\u00e0y.<\/dd>\n<\/dl>\n<\/div>\n<\/div>\n<\/section>\n<section class=\"clearfix unbr_list01_main \">\n<div class=\"unbr_list01\">\n<div class=\"unbr_list01_bnr\"><a href=\"https:\/\/ohtavn.com\/strength\/quality-management\/\" class=\"hovbox\"><\/a><\/p>\n<p class=\"unbr_list01_img\"><img decoding=\"async\" src=\"https:\/\/ohtavn.com\/wp-content\/themes\/ohtavn\/images\/strength-bnr01.png\" width=\"960\" height=\"280\" alt=\"Qu\u1ea3n l\u00fd ch\u1ea5t l\u01b0\u1ee3ng v\u00e0 c\u01a1 c\u1ea5u\"><\/p>\n<div class=\"ubnr_list01_info\">\n<dl>\n<dt>Qu\u1ea3n l\u00fd ch\u1ea5t l\u01b0\u1ee3ng <br \/>v\u00e0 c\u01a1 c\u1ea5u<\/dt>\n<dd>Gi\u1edbi thi\u1ec7u v\u1ec1 qu\u1ea3n l\u00fd ch\u1ea5t l\u01b0\u1ee3ng <br \/>v\u00e0 c\u01a1 c\u1ea5u c\u1ee7a Ohta Vi\u1ec7t Nam<\/dd>\n<\/dl>\n<p class=\"btn\"><span class=\"btn_nota\">Xem chi ti\u1ebft t\u1ea1i \u0111\u00e2y<span class=\"btnarr\"><\/span><\/span><\/p>\n<\/div>\n<\/div>\n<div class=\"unbr_list01_bnr\"><a href=\"https:\/\/ohtavn.com\/strength\/success-stories\/\" class=\"hovbox\"><\/a><\/p>\n<p class=\"unbr_list01_img\"><img decoding=\"async\" src=\"https:\/\/ohtavn.com\/wp-content\/themes\/ohtavn\/images\/strength-bnr02.png\" width=\"960\" height=\"280\" alt=\"C\u00e1c l\u0129nh v\u1ef1c cung c\u1ea5p ch\u00ednh\"><\/p>\n<div class=\"ubnr_list01_info\">\n<dl>\n<dt>C\u00e1c l\u0129nh v\u1ef1c <br \/>cung c\u1ea5p ch\u00ednh<\/dt>\n<dd>Gi\u1edbi thi\u1ec7u v\u1ec1 \u0111\u1ed1i t\u00e1c h\u1ee3p t\u00e1c v\u1edbi <br \/>Ohta Vi\u1ec7t Nam v\u00e0 c\u00e1c l\u0129nh v\u1ef1c kinh doanh<\/dd>\n<\/dl>\n<p class=\"btn\"><span class=\"btn_nota\">Xem chi ti\u1ebft t\u1ea1i \u0111\u00e2y<span class=\"btnarr\"><\/span><\/span><\/p>\n<\/div>\n<\/div>\n<\/div>\n<\/section>\n","protected":false},"excerpt":{"rendered":"<p>Hi\u1ec7n t\u1ea1i, s\u1ea3n xu\u1ea5t \u0111a d\u1ea1ng m\u1eabu m\u00e3 v\u00e0 s\u1ed1 l\u01b0\u1ee3ng \u00edt l\u00e0 \u0111\u01b0\u01a1ng nhi\u00ean. Trong b\u1ed1i c\u1ea3nh hi\u1ec7n nay, v\u1edbi quy\u1ebft t\u00e2m &#8220;\u0110\u01b0a ng\u00e0nh s\u1ea3n xu\u1ea5t ch\u00e2u \u00c1 l\u00ean m\u1ed9t t\u1ea7m cao m\u1edbi&#8221;, Ohta Vi\u1ec7t Nam s\u1ebd th\u1ef1c hi\u1ec7n mong mu\u1ed1n c\u1ee7a m\u1ecdi kh\u00e1ch h\u00e0ng: &#8220;s\u1ea3n xu\u1ea5t \u0111\u01b0\u1ee3c nh\u1eefng g\u00ec h\u1ecd mu\u1ed1n, \u0111\u00fang th\u1eddi [&hellip;]<\/p>\n","protected":false},"author":2,"featured_media":0,"parent":0,"menu_order":0,"comment_status":"closed","ping_status":"closed","template":"","meta":{"_acf_changed":false,"_locale":"vi","_original_post":"http:\/\/xsbizx2023.xsrv.jp\/?page_id=1238","footnotes":""},"class_list":["post-1241","page","type-page","status-publish","hentry","vi"],"acf":[],"_links":{"self":[{"href":"https:\/\/ohtavn.com\/wp-json\/wp\/v2\/pages\/1241","targetHints":{"allow":["GET"]}}],"collection":[{"href":"https:\/\/ohtavn.com\/wp-json\/wp\/v2\/pages"}],"about":[{"href":"https:\/\/ohtavn.com\/wp-json\/wp\/v2\/types\/page"}],"author":[{"embeddable":true,"href":"https:\/\/ohtavn.com\/wp-json\/wp\/v2\/users\/2"}],"replies":[{"embeddable":true,"href":"https:\/\/ohtavn.com\/wp-json\/wp\/v2\/comments?post=1241"}],"version-history":[{"count":0,"href":"https:\/\/ohtavn.com\/wp-json\/wp\/v2\/pages\/1241\/revisions"}],"wp:attachment":[{"href":"https:\/\/ohtavn.com\/wp-json\/wp\/v2\/media?parent=1241"}],"curies":[{"name":"wp","href":"https:\/\/api.w.org\/{rel}","templated":true}]}}