
{"id":1248,"date":"2023-07-13T19:15:03","date_gmt":"2023-07-13T10:15:03","guid":{"rendered":"http:\/\/xsbizx2023.xsrv.jp\/?page_id=1248"},"modified":"2023-10-31T13:31:55","modified_gmt":"2023-10-31T04:31:55","slug":"quality-management","status":"publish","type":"page","link":"https:\/\/ohtavn.com\/vi\/strength\/quality-management\/","title":{"rendered":"Quality Management &#8211; VI"},"content":{"rendered":"<section class=\"clearfix\">\n<ul class=\"anchor_link\">\n<li><a href=\"#quality_ttl01\">Ch\u00ednh s\u00e1ch qu\u1ea3n l\u00fd ch\u1ea5t l\u01b0\u1ee3ng<span class=\"path_anhchor\"><\/span><\/a><\/li>\n<li><a href=\"#quality_ttl02\">Danh s\u00e1ch Thi\u1ebft b\u1ecb Ki\u1ec3m tra<span class=\"path_anhchor\"><\/span><\/a><\/li>\n<li><a href=\"#quality_ttl03\">Thi\u1ebft b\u1ecb Ki\u1ec3m tra \/ Chi ti\u1ebft H\u1ec7 th\u1ed1ng<span class=\"path_anhchor\"><\/span><\/a><\/li>\n<\/ul>\n<div id=\"quality_ttl01\" class=\"ubox_top\">\n<div class=\"ubox_top_l\"> <\/div>\n<div class=\"ubox_top_r\">\n<p class=\"\">\u1ede Ohta Vi\u1ec7t Nam, ch\u00fang t\u00f4i tin r\u1eb1ng &#8220;Ch\u1ea5t l\u01b0\u1ee3ng c\u1ee7a t\u1eebng b\u1ed9 ph\u1eadn c\u1ea5u th\u00e0nh s\u1ea3n ph\u1ea9m trong qu\u00e1 tr\u00ecnh s\u1ea3n xu\u1ea5t l\u00e0 quan tr\u1ecdng h\u01a1n h\u1ebft, v\u00e0 c\u00e1c doanh nghi\u1ec7p cung c\u1ea5p b\u1ed9 ph\u1eadn n\u00e0y ph\u1ea3i c\u00f3 tr\u00e1ch nhi\u1ec7m v\u00e0 cam k\u1ebft v\u1ec1 ch\u1ea5t l\u01b0\u1ee3ng.<\/p>\n<p class=\"\">Ch\u00fang t\u00f4i \u0111\u00e3 thi\u1ebft l\u1eadp b\u1ed9 ph\u1eadn \u0111\u1ea3m b\u1ea3o ch\u1ea5t l\u01b0\u1ee3ng n\u1ed9i b\u1ed9, thi\u1ebft l\u1eadp m\u1ed9t h\u1ec7 th\u1ed1ng qu\u1ea3n l\u00fd ch\u1ea5t l\u01b0\u1ee3ng nghi\u00eam ng\u1eb7t kh\u00f4ng ch\u1ec9 b\u00ean trong c\u00f4ng ty m\u00e0 c\u00f2n c\u1ea3 v\u1edbi c\u00e1c c\u00f4ng ty h\u1ee3p t\u00e1c, \u0111\u1ea3m b\u1ea3o cung c\u1ea5p c\u00e1c s\u1ea3n ph\u1ea9m \u0111\u1ee7 ch\u1ea5t l\u01b0\u1ee3ng<\/p>\n<\/div>\n<\/div>\n<\/section>\n<section class=\"clearfix boxqua01\">\n<div class=\"boxqua01_detail boxqua01_spec\">\n<p class=\"\">Qu\u1ea3n l\u00fd ch\u1ea5t l\u01b0\u1ee3ng l\u00e0 m\u1ed9t y\u1ebfu t\u1ed1 r\u1ea5t quan tr\u1ecdng trong ng\u00e0nh s\u1ea3n xu\u1ea5t. Ch\u00fang t\u00f4i cam k\u1ebft \u0111\u1ea3m b\u1ea3o qu\u1ea3n l\u00fd ch\u1ea5t l\u01b0\u1ee3ng b\u1eb1ng c\u00e1ch th\u1ef1c hi\u1ec7n c\u00e1c y\u00eau c\u1ea7u sau \u0111\u00e2y:<\/p>\n<\/div>\n<div class=\"boxqua01_detail\">\n<dl>\n<dt>01<\/dt>\n<dd>\u0110\u1ea1t ch\u1ee9ng ch\u1ec9 ISO<\/dd>\n<\/dl>\n<p class=\"\">Ch\u00fang t\u00f4i \u0111\u00e3 \u0111\u1ea1t ch\u1ee9ng ch\u1ec9 ISO 9001:2015 v\u00e0 s\u1ebd tu\u00e2n th\u1ee7 qu\u1ea3n l\u00fd ch\u1ea5t l\u01b0\u1ee3ng theo ti\u00eau chu\u1ea9n ch\u1ea5t l\u01b0\u1ee3ng qu\u1ed1c t\u1ebf cho s\u1ea3n ph\u1ea9m c\u1ee7a m\u00ecnh.<\/p>\n<\/div>\n<div class=\"boxqua01_detail\">\n<dl>\n<dt>02<\/dt>\n<dd>Nhi\u1ec1u \u0111i\u1ec3m ki\u1ec3m tra qu\u1ea3n l\u00fd ch\u1ea5t l\u01b0\u1ee3ng<\/dd>\n<\/dl>\n<p class=\"\">Ch\u00fang t\u00f4i \u0111\u00e3 thi\u1ebft l\u1eadp nhi\u1ec1u \u0111i\u1ec3m ki\u1ec3m tra qu\u1ea3n l\u00fd ch\u1ea5t l\u01b0\u1ee3ng trong qu\u00e1 tr\u00ecnh s\u1ea3n xu\u1ea5t \u0111\u1ec3 \u0111\u1ea3m b\u1ea3o ch\u1ea5t l\u01b0\u1ee3ng s\u1ea3n ph\u1ea9m. Ch\u00fang t\u00f4i ki\u1ec3m tra ch\u1ea5t l\u01b0\u1ee3ng \u1edf t\u1eebng giai \u0111o\u1ea1n s\u1ea3n xu\u1ea5t v\u00e0 lo\u1ea1i b\u1ecf s\u1ea3n ph\u1ea9m k\u00e9m ch\u1ea5t l\u01b0\u1ee3ng \u0111\u1ec3 \u0111\u1ea3m b\u1ea3o cung c\u1ea5p s\u1ea3n ph\u1ea9m ch\u1ea5t l\u01b0\u1ee3ng cao.<\/p>\n<\/div>\n<div class=\"boxqua01_detail\">\n<dl>\n<dt>03<\/dt>\n<dd>\u0110\u00e0o t\u1ea1o v\u1ec1 qu\u1ea3n l\u00fd ch\u1ea5t l\u01b0\u1ee3ng<\/dd>\n<\/dl>\n<p class=\"\">Ch\u00fang t\u00f4i th\u01b0\u1eddng xuy\u00ean t\u1ed5 ch\u1ee9c \u0111\u00e0o t\u1ea1o v\u1ec1 qu\u1ea3n l\u00fd ch\u1ea5t l\u01b0\u1ee3ng cho nh\u00e2n vi\u00ean. \u0110i\u1ec1u n\u00e0y gi\u00fap nh\u00e2n vi\u00ean hi\u1ec3u v\u1ec1 s\u1ef1 quan tr\u1ecdng c\u1ee7a qu\u1ea3n l\u00fd ch\u1ea5t l\u01b0\u1ee3ng v\u00e0 th\u00fac \u0111\u1ea9y t\u1ea5t c\u1ea3 nh\u00e2n vi\u00ean tham gia v\u00e0o vi\u1ec7c n\u00e2ng cao ch\u1ea5t l\u01b0\u1ee3ng.<\/p>\n<\/div>\n<div class=\"boxqua01_detail\">\n<dl>\n<dt>04<\/dt>\n<dd>Ph\u00e1t tri\u1ec3n li\u00ean t\u1ee5c h\u1ec7 th\u1ed1ng qu\u1ea3n l\u00fd ch\u1ea5t l\u01b0\u1ee3ng<\/dd>\n<\/dl>\n<p class=\"\">Ch\u00fang t\u00f4i lu\u00f4n c\u1ea3i ti\u1ebfn h\u1ec7 th\u1ed1ng qu\u1ea3n l\u00fd ch\u1ea5t l\u01b0\u1ee3ng h\u00e0ng ng\u00e0y v\u00e0 kh\u00f4ng ng\u1eebng n\u1ed7 l\u1ef1c \u0111\u1ec3 c\u1ea3i thi\u1ec7n ch\u1ea5t l\u01b0\u1ee3ng s\u1ea3n ph\u1ea9m. Ch\u00fang t\u00f4i \u0111\u00e3 th\u00e0nh l\u1eadp b\u1ed9 ph\u1eadn \u0111\u1ea3m b\u1ea3o ch\u1ea5t l\u01b0\u1ee3ng \u0111\u1ec3 c\u00f3 th\u1ec3 gi\u1ea3i quy\u1ebft nhanh ch\u00f3ng khi c\u00f3 s\u1ef1 c\u1ed1 x\u1ea3y ra.<\/p>\n<\/div>\n<div class=\"boxqua01_detail\">\n<dl>\n<dt>05<\/dt>\n<dd>Ph\u00e2n t\u00edch v\u00e0 c\u1ea3i thi\u1ec7n d\u1eef li\u1ec7u ch\u1ea5t l\u01b0\u1ee3ng<\/dd>\n<\/dl>\n<p class=\"\">Ch\u00fang t\u00f4i kh\u00f4ng ch\u1ec9 thu th\u1eadp d\u1eef li\u1ec7u ch\u1ea5t l\u01b0\u1ee3ng m\u00e0 c\u00f2n ph\u00e2n t\u00edch d\u1eef li\u1ec7u n\u00e0y \u0111\u1ec3 c\u1ea3i thi\u1ec7n ch\u1ea5t l\u01b0\u1ee3ng s\u1ea3n ph\u1ea9m v\u00e0 c\u1ea3i thi\u1ec7n h\u1ec7 th\u1ed1ng qu\u1ea3n l\u00fd ch\u1ea5t l\u01b0\u1ee3ng.<\/p>\n<\/div>\n<\/section>\n<section id=\"quality_ttl02\" class=\"clearfix\">\n<div class=\"uttl3_01\">\n<p class=\"uttl3_en\">system list<\/p>\n<h3>Danh s\u00e1ch Thi\u1ebft b\u1ecb Ki\u1ec3m tra<\/h3>\n<\/div>\n<p class=\"txt_note\">\u203bB\u1ea1n c\u00f3 th\u1ec3 ki\u1ec3m tra b\u1ea3ng b\u1eb1ng c\u00e1ch cu\u1ed9n sang tr\u00e1i v\u00e0 ph\u1ea3i.<\/p>\n<div class=\"tb_croll\">\n<table class=\"quality_tb01\">\n<thead>\n<tr>\n<th>Danh m\u1ee5c<\/th>\n<th>Nh\u00e0 s\u1ea3n xu\u1ea5t<\/th>\n<th>M\u00e3 s\u1ea3n xu\u1ea5t<\/th>\n<th>T\u00ean s\u1ea3n ph\u1ea9m<\/th>\n<th>M\u1ee5c \u0111\u00edch s\u1eed d\u1ee5ng<\/th>\n<\/tr>\n<\/thead>\n<tbody>\n<tr>\n<td rowspan=\"26\">Thi\u1ebft b\u1ecb <br \/>ki\u1ec3m tra<\/td>\n<td>OHTAVN<\/td>\n<td>BF-190<\/td>\n<td>OHTA VN &#8211; C\u00e1c thi\u1ebft b\u1ecb ki\u1ec3m tra ph\u1ee5 t\u00f9ng g\u1ed1c BF-190<\/td>\n<td>Thi\u1ebft b\u1ecb ki\u1ec3m tra ph\u1ea7n \u0111\u1ea7u v\u00edt t\u1ef1 s\u1ea3n xu\u1ea5t<\/td>\n<\/tr>\n<tr>\n<td>ACCRETECH (Tokyo Seimitsu)<\/td>\n<td>SVA NEX<\/td>\n<td>M\u00e1y \u0111o ba chi\u1ec1u<\/td>\n<td>M\u00e1y \u0111o ba chi\u1ec1u t\u1eeb ACCRETECH, m\u1ed9t th\u01b0\u01a1ng hi\u1ec7u uy t\u00edn tr\u00ean to\u00e0n c\u1ea7u<\/td>\n<\/tr>\n<tr>\n<td>KEYENCE<\/td>\n<td>IM7000<\/td>\n<td>M\u00e1y \u0111o h\u00ecnh \u1ea3nh<\/td>\n<td>Kh\u00f4ng c\u1ea7n m\u00f4 t\u1ea3, m\u00e1y \u0111o h\u00ecnh \u1ea3nh c\u1ee7a Keyence<\/td>\n<\/tr>\n<tr>\n<td>MITUTOYO<\/td>\n<td>&#8211;<\/td>\n<td>M\u00e1y \u0111o Digital<\/td>\n<td>D\u1ee5ng c\u1ee5 \u0111o s\u1ed1 h\u00f3a \u0111a d\u1ea1ng t\u1eeb vi\u1ec7c ki\u1ec3m tra trong qu\u00e1 tr\u00ecnh s\u1ea3n xu\u1ea5t \u0111\u1ebfn ki\u1ec3m tra cu\u1ed1i c\u00f9ng trong ph\u00f2ng ki\u1ec3m tra<\/td>\n<\/tr>\n<tr>\n<td>MITUTOYO<\/td>\n<td>QS-250Z<\/td>\n<td>M\u00e1y \u0111o h\u00ecnh \u1ea3nh CNC<\/td>\n<td>M\u00e1y \u0111o h\u00ecnh \u1ea3nh CNC c\u1ee7a Mitutoyo v\u1edbi t\u00ednh n\u0103ng t\u1ef1 \u0111\u1ed9ng l\u1ea5y n\u00e9t<\/td>\n<\/tr>\n<tr>\n<td>MITUTOYO<\/td>\n<td>HR-430MS<\/td>\n<td>M\u00e1y \u0111o \u0111\u1ed9 c\u1ee9ng<\/td>\n<td>M\u00e1y \u0111o \u0111\u1ed9 c\u1ee9ng Rockwell v\u00e0 Rockwell Superficial<\/td>\n<\/tr>\n<tr>\n<td>MITUTOYO<\/td>\n<td>517-409C<\/td>\n<td>B\u00e0n \u0111\u00e1 ch\u00ednh x\u00e1c (L\u1edbp 00)<\/td>\n<td>B\u00e0n \u0111\u00e1 ch\u00ednh x\u00e1c k\u00edch th\u01b0\u1edbc cao nh\u1ea5t l\u00e0 1.000mm x 1.000mm<\/td>\n<\/tr>\n<tr>\n<td>MITUTOYO<\/td>\n<td>178-560-11<\/td>\n<td>M\u00e1y \u0111o \u0111\u1ed9 s\u1ea7n b\u1ec1 m\u1eb7t<\/td>\n<td>M\u00e1y \u0111o \u0111\u1ed9 s\u1ea7n b\u1ec1 m\u1eb7t \u0111\u01a1n gi\u1ea3n<\/td>\n<\/tr>\n<tr>\n<td>MITUTOYO<\/td>\n<td>HD-60AX<\/td>\n<td>D\u1ee5ng c\u1ee5 \u0111o chi\u1ec1u cao s\u1ed1 h\u00f3a<\/td>\n<td>Thi\u1ebft b\u1ecb ki\u1ec3m tra \u0111\u1ed9 cao v\u00e0 \u0111\u1ed9 s\u00e2u \u0111\u1ed9c quy\u1ec1n<\/td>\n<\/tr>\n<tr>\n<td>MITUTOYO<\/td>\n<td>ID-H0530<\/td>\n<td>Ch\u1ec9 s\u1ed1 s\u1ed1 h\u00f3a<\/td>\n<td>Ch\u1ec9 s\u1ed1 s\u1ed1 h\u00f3a c\u1ea5p \u0111\u1ed9 cao v\u1edbi \u0111\u1ed9 ch\u00ednh x\u00e1c t\u1eeb 0,0005 \u0111\u1ebfn 0,001<\/td>\n<\/tr>\n<tr>\n<td>MITUTOYO<\/td>\n<td>BM3-103-0\/YJ<\/td>\n<td>Gauge Block (Ceramic)<\/td>\n<td>B\u1ed9 Block Gauge l\u00e0m t\u1eeb v\u1eadt li\u1ec7u s\u1ee9<\/td>\n<\/tr>\n<tr>\n<td>MITUTOYO<\/td>\n<td>CP-P Series<\/td>\n<td>Digital Micrometer<\/td>\n<td>D\u1ee5ng c\u1ee5 \u0111o s\u1ed1 h\u00f3a Mitutoyo, c\u00f3 kho\u1ea3ng c\u00e1ch k\u00edch th\u01b0\u1edbc kh\u00e1c nhau v\u1edbi kho\u1ea3ng 20 s\u1ea3n ph\u1ea9m<\/td>\n<\/tr>\n<tr>\n<td>SOKUHANSHA<\/td>\n<td>GP Series<\/td>\n<td>Gauge v\u00edt<\/td>\n<td>Gauge gi\u1edbi h\u1ea1n v\u00edt t\u1eeb Metrology, c\u00f3 h\u01a1n 50 s\u1ea3n ph\u1ea9m v\u1edbi k\u00edch th\u01b0\u1edbc kh\u00e1c nhau<\/td>\n<\/tr>\n<tr>\n<td>SOKUHANSHA<\/td>\n<td>GR Series<\/td>\n<td>Gauge Ring v\u00edt<\/td>\n<td>Gauge gi\u1edbi h\u1ea1n v\u00edt Ring t\u1eeb Metrology, c\u00f3 h\u01a1n 15 k\u00edch th\u01b0\u1edbc kh\u00e1c nhau<\/td>\n<\/tr>\n<tr>\n<td>OSG<\/td>\n<td>LG GP Series<\/td>\n<td>Gauge v\u00edt<\/td>\n<td>Gauge v\u00edt t\u1eeb OSG, c\u0169ng c\u00f3 s\u1eb5n theo y\u00eau c\u1ea7u c\u1ee7a kh\u00e1ch h\u00e0ng<\/td>\n<\/tr>\n<tr>\n<td>OSG<\/td>\n<td>LG GR Series<\/td>\n<td>Gauge Ring v\u00edt<\/td>\n<td>Gauge v\u00edt Ring t\u1eeb OSG, c\u0169ng c\u00f3 s\u1eb5n theo y\u00eau c\u1ea7u c\u1ee7a kh\u00e1ch h\u00e0ng<\/td>\n<\/tr>\n<tr>\n<td>SOKUHANSHA<\/td>\n<td>Plug Gauge Series<\/td>\n<td>Gauge c\u1eafm<\/td>\n<td>Plugs Gauge ki\u1ec3m tra theo b\u1ea3n v\u1ebd c\u1ee7a kh\u00e1ch h\u00e0ng, c\u00f3 h\u01a1n 30 lo\u1ea1i<\/td>\n<\/tr>\n<tr>\n<td>SOKUHANSHA<\/td>\n<td>Ring Gauge Series<\/td>\n<td>Gauge Ring<\/td>\n<td>Plugs Gauge ki\u1ec3m tra theo b\u1ea3n v\u1ebd c\u1ee7a kh\u00e1ch h\u00e0ng, c\u00f3 h\u01a1n 10 lo\u1ea1i<\/td>\n<\/tr>\n<tr>\n<td>EIZEN<\/td>\n<td>EP Series<\/td>\n<td>Gauge Kim<\/td>\n<td>Ch\u1ed1t \u0111o Pin Gauge c\u1ee7a Eisen, m\u1ed9t trong nh\u1eefng nh\u00e0 s\u1ea3n xu\u1ea5t h\u00e0ng \u0111\u1ea7u t\u1ea1i Nh\u1eadt B\u1ea3n, c\u00f3 h\u01a1n 400 s\u1ea3n ph\u1ea9m<\/td>\n<\/tr>\n<tr>\n<td>EIZEN<\/td>\n<td>TW Series<\/td>\n<td>Gauge ba kim \u0111o v\u00edt<\/td>\n<td>Gauge ba kim \u0111o v\u00edt \u0111\u1ec3 ki\u1ec3m tra s\u1ef1 m\u00f2n c\u1ee7a gauge v\u00edt, c\u00f3 6 k\u00edch th\u01b0\u1edbc<\/td>\n<\/tr>\n<tr>\n<td>UNIVERSAL<\/td>\n<td>UP-Penetration Gause Series<\/td>\n<td>Chi\u1ec1u s\u00e2u ph\u1ea7n \u0111\u1ea7u v\u00edt<\/td>\n<td>Gauge \u0111\u1ec3 ki\u1ec3m tra \u0111\u1ed9 s\u00e2u c\u1ee7a l\u1ed7 tr\u1ee5c \u0111\u1ea7u v\u00edt (l\u1ed7 c\u00f4ng c\u1ee5), c\u00f3 nhi\u1ec1u k\u00edch th\u01b0\u1edbc kh\u00e1c nhau<\/td>\n<\/tr>\n<tr>\n<td>UNIVERSAL PUNCH <\/td>\n<td>UP-GNG Series<\/td>\n<td>Gauge Go\/No Go cho ph\u1ea7n \u0111\u1ea7u v\u00edt<\/td>\n<td>Gauge \u0111\u1ec3 ki\u1ec3m tra k\u00edch th\u01b0\u1edbc c\u1ee7a l\u1ed7 tr\u1ee5c \u0111\u1ea7u v\u00edt (l\u1ed7 c\u00f4ng c\u1ee5), c\u00f3 nhi\u1ec1u k\u00edch th\u01b0\u1edbc kh\u00e1c nhau<\/td>\n<\/tr>\n<tr>\n<td>TECLOCK<\/td>\n<td>GS-719G<\/td>\n<td>M\u00e1y \u0111o \u0111\u1ed9 c\u1ee9ng cho cao su\/ nh\u1ef1a<\/td>\n<td>M\u00e1y \u0111o \u0111\u1ed9 c\u1ee9ng cho cao su v\u00e0 nh\u1ef1a.<\/td>\n<\/tr>\n<\/tbody>\n<tbody>\n<tr>\n<td rowspan=\"4\">H\u1ec7 th\u1ed1ng<br \/>ki\u1ec3m tra<\/td>\n<td>OHTA VN<\/td>\n<td>OTV-QC-DESK SYSTEM<\/td>\n<td>B\u00e0n ki\u1ec3m tra<\/td>\n<td>C\u00f3 s\u1eb5n 12 b\u00e0n l\u00e0m vi\u1ec7c cho nh\u00e2n vi\u00ean ki\u1ec3m tra trong ph\u00f2ng QC.<\/td>\n<\/tr>\n<tr>\n<td>OHTA VN<\/td>\n<td>OTV-QC-INSPECTION <br \/>SHELF<\/td>\n<td>Qu\u1ea3n l\u00fd c\u00f4ng c\u1ee5 ki\u1ec3m tra<\/td>\n<td>Ch\u00fang t\u00f4i c\u00f3 k\u1ec7 \u0111\u1ec3 l\u01b0u tr\u1eef c\u00e1c thi\u1ebft b\u1ecb ki\u1ec3m tra trong ph\u00f2ng QC. T\u1ea5t c\u1ea3 c\u00e1c lo\u1ea1i thi\u1ebft b\u1ecb ki\u1ec3m tra \u0111\u01b0\u1ee3c l\u01b0u tr\u1eef tr\u00ean k\u1ec7 n\u00e0y v\u00e0 ch\u00fang t\u00f4i th\u01b0\u1eddng xuy\u00ean ti\u1ebfn h\u00e0nh hi\u1ec7u chu\u1ea9n \u0111\u1ecbnh k\u1ef3.<\/td>\n<\/tr>\n<tr>\n<td>OHTA VN<\/td>\n<td>OTV-QC-INSPECTION <br \/>EQUIPMENT<\/td>\n<td>Thi\u1ebft b\u1ecb ki\u1ec3m tra<\/td>\n<td>Ch\u00fang t\u00f4i s\u1eed d\u1ee5ng thi\u1ebft b\u1ecb, c\u00f4ng c\u1ee5 ki\u1ec3m tra \u0111\u1ec3 th\u1ef1c hi\u1ec7n c\u00e1c ki\u1ec3m tra m\u1ed9t c\u00e1ch ch\u00ednh x\u00e1c trong th\u1eddi gian ng\u1eafn nh\u1ea5t.<\/td>\n<\/tr>\n<tr>\n<td>OHTA VN<\/td>\n<td>OTV-QC-SAMPLE <br \/>PARTS SHELF<\/td>\n<td>K\u1ec7 tr\u01b0ng b\u00e0y s\u1ea3n ph\u1ea9m m\u1eabu<\/td>\n<td>\u0110\u00e2y l\u00e0 k\u1ec7 m\u1eabu s\u1ea3n ph\u1ea9m gi\u1edbi h\u1ea1n cho c\u00e1c b\u1ed9 ph\u1eadn l\u1eb7p l\u1ea1i. Ch\u00fang \u0111\u01b0\u1ee3c l\u01b0u tr\u1eef ri\u00eang bi\u1ec7t kh\u1ecfi h\u00e0ng t\u1ed3n kho v\u00e0 \u0111\u01b0\u1ee3c s\u1eed d\u1ee5ng khi c\u00e1c nh\u00e2n vi\u00ean g\u1eb7p kh\u00f3 kh\u0103n trong vi\u1ec7c \u0111\u01b0a ra quy\u1ebft \u0111\u1ecbnh.<\/td>\n<\/tr>\n<\/tbody>\n<\/table>\n<\/div>\n<\/section>\n<section id=\"quality_ttl03\" class=\"clearfix\">\n<div class=\"uttl3_01\">\n<p class=\"uttl3_en\">system details<\/p>\n<h3>Thi\u1ebft b\u1ecb Ki\u1ec3m tra \/ Chi ti\u1ebft H\u1ec7 th\u1ed1ng<\/h3>\n<\/div>\n<div id=\"quality_slider01\" class=\"boxqua02_list introduction_list02\">\n<div class=\"introduction02_detail\">\n<p class=\"introduction02_img\"><img decoding=\"async\" src=\"https:\/\/ohtavn.com\/wp-content\/themes\/ohtavn\/images\/quality_img01.jpg\" width=\"340\" height=\"260\" alt=\"M\u00e1y \u0111o ba chi\u1ec1u\"><\/p>\n<div class=\"introduction02_info\">\n<p class=\"introduction02_ttl\">M\u00e1y \u0111o ba chi\u1ec1u<\/p>\n<dl class=\"introduction02_list\">\n<dt>Nh\u00e0 s\u1ea3n xu\u1ea5t<\/dt>\n<dd>ACCRETECH (Tokyo Seimitsu)<\/dd>\n<\/dl>\n<dl class=\"introduction02_list\">\n<dt>M\u00e3 s\u1ea3n xu\u1ea5t<\/dt>\n<dd>SVA NEX<\/dd>\n<\/dl>\n<div class=\"introduction02_txt\">\n<p>M\u00e1y \u0111o ba chi\u1ec1u c\u1ee7a ACCRETECH (Tokyo Seimitsu), <br \/>\nm\u1ed9t th\u01b0\u01a1ng hi\u1ec7u \u0111\u01b0\u1ee3c c\u00f4ng nh\u1eadn to\u00e0n c\u1ea7u v\u1edbi uy t\u00edn cao<\/p>\n<\/div>\n<\/div>\n<\/div>\n<div class=\"introduction02_detail\">\n<p class=\"introduction02_img\"><img decoding=\"async\" src=\"https:\/\/ohtavn.com\/wp-content\/themes\/ohtavn\/images\/quality_img02.jpg\" width=\"340\" height=\"260\" alt=\"M\u00e1y \u0111o h\u00ecnh \u1ea3nh\"><\/p>\n<div class=\"introduction02_info\">\n<p class=\"introduction02_ttl\">M\u00e1y \u0111o h\u00ecnh \u1ea3nh<\/p>\n<dl class=\"introduction02_list\">\n<dt>Nh\u00e0 s\u1ea3n xu\u1ea5t<\/dt>\n<dd>KEYENCE<\/dd>\n<\/dl>\n<dl class=\"introduction02_list\">\n<dt>M\u00e3 s\u1ea3n xu\u1ea5t<\/dt>\n<dd>IM7000<\/dd>\n<\/dl>\n<div class=\"introduction02_txt\">\n<p>Kh\u00f4ng c\u1ea7n m\u00f4 t\u1ea3, m\u00e1y \u0111o h\u00ecnh \u1ea3nh c\u1ee7a Keyence<\/p>\n<\/div>\n<\/div>\n<\/div>\n<div class=\"introduction02_detail\">\n<p class=\"introduction02_img\"><img decoding=\"async\" src=\"https:\/\/ohtavn.com\/wp-content\/themes\/ohtavn\/images\/quality_img03.jpg\" width=\"340\" height=\"260\" alt=\"B\u1ed9 \u0111o ba kim cho v\u00edt\"><\/p>\n<div class=\"introduction02_info\">\n<p class=\"introduction02_ttl\">B\u1ed9 \u0111o ba kim cho v\u00edt<\/p>\n<dl class=\"introduction02_list\">\n<dt>Nh\u00e0 s\u1ea3n xu\u1ea5t<\/dt>\n<dd>EIZEN<\/dd>\n<\/dl>\n<dl class=\"introduction02_list\">\n<dt>M\u00e3 s\u1ea3n xu\u1ea5t<\/dt>\n<dd>TW Series<\/dd>\n<\/dl>\n<div class=\"introduction02_txt\">\n<p>B\u1ed9 \u0111o ba kim \u0111\u1ec3 \u0111o m\u00f2n b\u1ec1 m\u1eb7t v\u00edt, <br \/>c\u00f3 6 k\u00edch c\u1ee1<\/p>\n<\/div>\n<\/div>\n<\/div>\n<div class=\"introduction02_detail\">\n<p class=\"introduction02_img\"><img decoding=\"async\" src=\"https:\/\/ohtavn.com\/wp-content\/themes\/ohtavn\/images\/quality_img04.jpg\" width=\"340\" height=\"260\" alt=\"M\u00e1y \u0111o h\u00ecnh \u1ea3nh CNC\"><\/p>\n<div class=\"introduction02_info\">\n<p class=\"introduction02_ttl\">M\u00e1y \u0111o h\u00ecnh \u1ea3nh CNC<\/p>\n<dl class=\"introduction02_list\">\n<dt>Nh\u00e0 s\u1ea3n xu\u1ea5t<\/dt>\n<dd>MITUTOYO<\/dd>\n<\/dl>\n<dl class=\"introduction02_list\">\n<dt>M\u00e3 s\u1ea3n xu\u1ea5t<\/dt>\n<dd>QS-250Z<\/dd>\n<\/dl>\n<div class=\"introduction02_txt\">\n<p>M\u00e1y \u0111o h\u00ecnh \u1ea3nh CNC c\u1ee7a Mitutoyo <br \/>v\u1edbi t\u00ednh n\u0103ng t\u1ef1 \u0111\u1ed9ng l\u1ea5y n\u00e9t<\/p>\n<\/div>\n<\/div>\n<\/div>\n<div class=\"introduction02_detail\">\n<p class=\"introduction02_img\"><img decoding=\"async\" src=\"https:\/\/ohtavn.com\/wp-content\/themes\/ohtavn\/images\/quality_img05.jpg\" width=\"340\" height=\"260\" alt=\"M\u00e1y \u0111o \u0111\u1ed9 c\u1ee9ng\"><\/p>\n<div class=\"introduction02_info\">\n<p class=\"introduction02_ttl\">M\u00e1y \u0111o \u0111\u1ed9 c\u1ee9ng<\/p>\n<dl class=\"introduction02_list\">\n<dt>Nh\u00e0 s\u1ea3n xu\u1ea5t<\/dt>\n<dd>MITUTOYO<\/dd>\n<\/dl>\n<dl class=\"introduction02_list\">\n<dt>M\u00e3 s\u1ea3n xu\u1ea5t<\/dt>\n<dd>HR-430MS<\/dd>\n<\/dl>\n<div class=\"introduction02_txt\">\n<p>M\u00e1y \u0111o \u0111\u1ed9 c\u1ee9ng Rockwell v\u00e0 \u0111\u1ed9 c\u1ee9ng si\u00eau n\u1ed5i Rockwell<\/p>\n<\/div>\n<\/div>\n<\/div>\n<div class=\"introduction02_detail\">\n<p class=\"introduction02_img\"><img decoding=\"async\" src=\"https:\/\/ohtavn.com\/wp-content\/themes\/ohtavn\/images\/quality_img06.jpg\" width=\"340\" height=\"260\" alt=\"Kh\u1ed1i \u0111o (v\u1eadt li\u1ec7u s\u1ee9)\"><\/p>\n<div class=\"introduction02_info\">\n<p class=\"introduction02_ttl\">Kh\u1ed1i \u0111o (v\u1eadt li\u1ec7u s\u1ee9)<\/p>\n<dl class=\"introduction02_list\">\n<dt>Nh\u00e0 s\u1ea3n xu\u1ea5t<\/dt>\n<dd>MITUTOYO<\/dd>\n<\/dl>\n<dl class=\"introduction02_list\">\n<dt>M\u00e3 s\u1ea3n xu\u1ea5t<\/dt>\n<dd>BM3-103-0\/YJ<\/dd>\n<\/dl>\n<div class=\"introduction02_txt\">\n<p>B\u1ed9 kh\u1ed1i \u0111o l\u00e0m t\u1eeb v\u1eadt li\u1ec7u s\u1ee9<\/p>\n<\/div>\n<\/div>\n<\/div>\n<div class=\"introduction02_detail\">\n<p class=\"introduction02_img\"><img decoding=\"async\" src=\"https:\/\/ohtavn.com\/wp-content\/themes\/ohtavn\/images\/quality_img07.jpg\" width=\"340\" height=\"260\" alt=\"B\u00e0n ki\u1ec3m tra\"><\/p>\n<div class=\"introduction02_info\">\n<p class=\"introduction02_ttl\">B\u00e0n ki\u1ec3m tra<\/p>\n<dl class=\"introduction02_list\">\n<dt>Nh\u00e0 s\u1ea3n xu\u1ea5t<\/dt>\n<dd>OHTA VN<\/dd>\n<\/dl>\n<dl class=\"introduction02_list\">\n<dt>M\u00e3 s\u1ea3n xu\u1ea5t<\/dt>\n<dd>OTV-QC-DESK SYSTEM<\/dd>\n<\/dl>\n<div class=\"introduction02_txt\">\n<p>B\u00e0n l\u00e0m vi\u1ec7c d\u00e0nh cho c\u00e1c nh\u00e2n vi\u00ean ki\u1ec3m tra trong ph\u00f2ng QC<br \/>\nCh\u00fang t\u00f4i \u0111\u00e3 chu\u1ea9n b\u1ecb 12 b\u00e0n<\/p>\n<\/div>\n<\/div>\n<\/div>\n<div class=\"introduction02_detail\">\n<p class=\"introduction02_img\"><img decoding=\"async\" src=\"https:\/\/ohtavn.com\/wp-content\/themes\/ohtavn\/images\/quality_img08.jpg\" width=\"340\" height=\"260\" alt=\"Qu\u1ea3n l\u00fd d\u1ee5ng c\u1ee5 ki\u1ec3m tra\"><\/p>\n<div class=\"introduction02_info\">\n<p class=\"introduction02_ttl\">Qu\u1ea3n l\u00fd d\u1ee5ng c\u1ee5 ki\u1ec3m tra<\/p>\n<dl class=\"introduction02_list\">\n<dt>Nh\u00e0 s\u1ea3n xu\u1ea5t<\/dt>\n<dd>OHTA VN<\/dd>\n<\/dl>\n<dl class=\"introduction02_list\">\n<dt>M\u00e3 s\u1ea3n xu\u1ea5t<\/dt>\n<dd>OTV-QC-INSPECTION SHELF<\/dd>\n<\/dl>\n<div class=\"introduction02_txt\">\n<p>Ch\u00fang t\u00f4i c\u00f3 k\u1ec7 \u0111\u1ec3 l\u01b0u tr\u1eef c\u00e1c thi\u1ebft b\u1ecb ki\u1ec3m tra trong ph\u00f2ng QC. T\u1ea5t c\u1ea3 c\u00e1c lo\u1ea1i thi\u1ebft b\u1ecb ki\u1ec3m tra \u0111\u01b0\u1ee3c l\u01b0u tr\u1eef tr\u00ean k\u1ec7 n\u00e0y v\u00e0 ch\u00fang t\u00f4i th\u01b0\u1eddng xuy\u00ean ti\u1ebfn h\u00e0nh hi\u1ec7u chu\u1ea9n \u0111\u1ecbnh k\u1ef3.<\/p>\n<\/div>\n<\/div>\n<\/div>\n<div class=\"introduction02_detail\">\n<p class=\"introduction02_img\"><img decoding=\"async\" src=\"https:\/\/ohtavn.com\/wp-content\/themes\/ohtavn\/images\/quality_img09.jpg\" width=\"340\" height=\"260\" alt=\"Thi\u1ebft b\u1ecb ki\u1ec3m tra\"><\/p>\n<div class=\"introduction02_info\">\n<p class=\"introduction02_ttl\">Thi\u1ebft b\u1ecb ki\u1ec3m tra<\/p>\n<dl class=\"introduction02_list\">\n<dt>Nh\u00e0 s\u1ea3n xu\u1ea5t<\/dt>\n<dd>OHTA VN<\/dd>\n<\/dl>\n<dl class=\"introduction02_list\">\n<dt>M\u00e3 s\u1ea3n xu\u1ea5t<\/dt>\n<dd>OTV-QC-INSPECTION EQUIPMENT<\/dd>\n<\/dl>\n<div class=\"introduction02_txt\">\n<p>Ch\u00fang t\u00f4i s\u1eed d\u1ee5ng thi\u1ebft b\u1ecb, c\u00f4ng c\u1ee5 ki\u1ec3m tra \u0111\u1ec3 th\u1ef1c hi\u1ec7n c\u00e1c ki\u1ec3m tra m\u1ed9t c\u00e1ch ch\u00ednh x\u00e1c trong th\u1eddi gian ng\u1eafn nh\u1ea5t.<\/p>\n<\/div>\n<\/div>\n<\/div>\n<div class=\"introduction02_detail\">\n<p class=\"introduction02_img\"><img decoding=\"async\" src=\"https:\/\/ohtavn.com\/wp-content\/themes\/ohtavn\/images\/quality_img10.jpg\" width=\"340\" height=\"260\" alt=\"K\u1ec7 m\u1eabu s\u1ea3n ph\u1ea9m\"><\/p>\n<div class=\"introduction02_info\">\n<p class=\"introduction02_ttl\">K\u1ec7 m\u1eabu s\u1ea3n ph\u1ea9m<\/p>\n<dl class=\"introduction02_list\">\n<dt>Nh\u00e0 s\u1ea3n xu\u1ea5t<\/dt>\n<dd>OHTA VN<\/dd>\n<\/dl>\n<dl class=\"introduction02_list\">\n<dt>M\u00e3 s\u1ea3n xu\u1ea5t<\/dt>\n<dd>OTV-QC-SAMPLE PARTS SHELF<\/dd>\n<\/dl>\n<div class=\"introduction02_txt\">\n<p>\u0110\u00e2y l\u00e0 k\u1ec7 m\u1eabu s\u1ea3n ph\u1ea9m gi\u1edbi h\u1ea1n cho c\u00e1c b\u1ed9 ph\u1eadn l\u1eb7p l\u1ea1i. Ch\u00fang \u0111\u01b0\u1ee3c l\u01b0u tr\u1eef ri\u00eang bi\u1ec7t kh\u1ecfi h\u00e0ng t\u1ed3n kho v\u00e0 \u0111\u01b0\u1ee3c s\u1eed d\u1ee5ng khi c\u00e1c nh\u00e2n vi\u00ean g\u1eb7p kh\u00f3 kh\u0103n trong vi\u1ec7c \u0111\u01b0a ra quy\u1ebft \u0111\u1ecbnh.<\/p>\n<\/div>\n<\/div>\n<\/div>\n<\/div>\n<\/section>\n<section class=\"clearfix unbr_list01_main\">\n<div class=\"unbr_list01\">\n<div class=\"unbr_list01_bnr\"><a href=\"https:\/\/ohtavn.com\/about-dealings\/\" class=\"hovbox\"><\/a><\/p>\n<p class=\"unbr_list01_img\"><img decoding=\"async\" src=\"https:\/\/ohtavn.com\/wp-content\/themes\/ohtavn\/images\/quality-bnr01.jpg\" width=\"960\" height=\"280\" alt=\"Li\u00ean quan \u0111\u1ebfn giao d\u1ecbch\"><\/p>\n<div class=\"ubnr_list01_info\">\n<dl>\n<dt>Li\u00ean quan \u0111\u1ebfn <br \/>giao d\u1ecbch<\/dt>\n<dd>Ch\u00fang t\u00f4i t\u1ed5ng h\u1ee3p th\u00f4ng tin li\u00ean quan <br \/>\u0111\u1ebfn c\u00e1c giao d\u1ecbch v\u1edbi ch\u00fang t\u00f4i.<\/dd>\n<\/dl>\n<p class=\"btn\"><span class=\"btn_nota\">Xem chi ti\u1ebft t\u1ea1i \u0111\u00e2y<span class=\"btnarr\"><\/span><\/span><\/p>\n<\/div>\n<\/div>\n<div class=\"unbr_list01_bnr\"><a href=\"https:\/\/ohtavn.com\/strength\/success-stories\/\" class=\"hovbox\"><\/a><\/p>\n<p class=\"unbr_list01_img\"><img decoding=\"async\" src=\"https:\/\/ohtavn.com\/wp-content\/themes\/ohtavn\/images\/quality-bnr02.jpg\" width=\"960\" height=\"280\" alt=\"C\u00e1c l\u0129nh v\u1ef1c cung c\u1ea5p ch\u00ednh\"><\/p>\n<div class=\"ubnr_list01_info\">\n<dl>\n<dt>C\u00e1c l\u0129nh v\u1ef1c <br class=\"\">cung c\u1ea5p ch\u00ednh<\/dt>\n<dd>Gi\u1edbi thi\u1ec7u v\u1ec1 \u0111\u1ed1i t\u00e1c h\u1ee3p t\u00e1c v\u1edbi <br \/>Ohta Vi\u1ec7t Nam v\u00e0 c\u00e1c l\u0129nh v\u1ef1c kinh doanh<\/dd>\n<\/dl>\n<p class=\"btn\"><span class=\"btn_nota\">Xem chi ti\u1ebft t\u1ea1i \u0111\u00e2y<span class=\"btnarr\"><\/span><\/span><\/p>\n<\/div>\n<\/div>\n<\/div>\n<\/section>\n","protected":false},"excerpt":{"rendered":"<p>Ch\u00ednh s\u00e1ch qu\u1ea3n l\u00fd ch\u1ea5t l\u01b0\u1ee3ng Danh s\u00e1ch Thi\u1ebft b\u1ecb Ki\u1ec3m tra Thi\u1ebft b\u1ecb Ki\u1ec3m tra \/ Chi ti\u1ebft H\u1ec7 th\u1ed1ng \u1ede Ohta Vi\u1ec7t Nam, ch\u00fang t\u00f4i tin r\u1eb1ng &#8220;Ch\u1ea5t l\u01b0\u1ee3ng c\u1ee7a t\u1eebng b\u1ed9 ph\u1eadn c\u1ea5u th\u00e0nh s\u1ea3n ph\u1ea9m trong qu\u00e1 tr\u00ecnh s\u1ea3n xu\u1ea5t l\u00e0 quan tr\u1ecdng h\u01a1n h\u1ebft, v\u00e0 c\u00e1c doanh nghi\u1ec7p cung c\u1ea5p [&hellip;]<\/p>\n","protected":false},"author":2,"featured_media":0,"parent":1241,"menu_order":0,"comment_status":"closed","ping_status":"closed","template":"","meta":{"_acf_changed":false,"_locale":"vi","_original_post":"http:\/\/xsbizx2023.xsrv.jp\/?page_id=1245","footnotes":""},"class_list":["post-1248","page","type-page","status-publish","hentry","vi"],"acf":[],"_links":{"self":[{"href":"https:\/\/ohtavn.com\/wp-json\/wp\/v2\/pages\/1248","targetHints":{"allow":["GET"]}}],"collection":[{"href":"https:\/\/ohtavn.com\/wp-json\/wp\/v2\/pages"}],"about":[{"href":"https:\/\/ohtavn.com\/wp-json\/wp\/v2\/types\/page"}],"author":[{"embeddable":true,"href":"https:\/\/ohtavn.com\/wp-json\/wp\/v2\/users\/2"}],"replies":[{"embeddable":true,"href":"https:\/\/ohtavn.com\/wp-json\/wp\/v2\/comments?post=1248"}],"version-history":[{"count":0,"href":"https:\/\/ohtavn.com\/wp-json\/wp\/v2\/pages\/1248\/revisions"}],"up":[{"embeddable":true,"href":"https:\/\/ohtavn.com\/wp-json\/wp\/v2\/pages\/1241"}],"wp:attachment":[{"href":"https:\/\/ohtavn.com\/wp-json\/wp\/v2\/media?parent=1248"}],"curies":[{"name":"wp","href":"https:\/\/api.w.org\/{rel}","templated":true}]}}