
{"id":1255,"date":"2023-07-13T19:15:51","date_gmt":"2023-07-13T10:15:51","guid":{"rendered":"http:\/\/xsbizx2023.xsrv.jp\/?page_id=1255"},"modified":"2023-10-31T13:32:23","modified_gmt":"2023-10-31T04:32:23","slug":"success-stories","status":"publish","type":"page","link":"https:\/\/ohtavn.com\/vi\/strength\/success-stories\/","title":{"rendered":"Success Stories &#8211; VI"},"content":{"rendered":"<section class=\"clearfix\">\n<div class=\"frame01 success_frame01\">\n<p class=\"\">Ch\u00fang t\u00f4i \u0111\u00e3 t\u00f3m t\u1eaft c\u00e1c ng\u00e0nh ngh\u1ec1\/l\u0129nh v\u1ef1c ch\u00ednh m\u00e0 ch\u00fang t\u00f4i cung c\u1ea5p v\u00e0 <br class=\"pc\">c\u00e1c \u0111\u01a1n \u0111\u1eb7t h\u00e0ng theo y\u00eau c\u1ea7u.<br \/>\nN\u1ebfu b\u1ea1n g\u1eb7p ph\u1ea3i c\u00e1c th\u00e1ch th\u1ee9c t\u01b0\u01a1ng t\u1ef1 ho\u1eb7c c\u1ea7n h\u1ed7 tr\u1ee3, vui l\u00f2ng li\u00ean h\u1ec7 v\u1edbi Ohta Vi\u1ec7t Nam.<br \/>\n\u0110\u1ed9i ng\u0169 nh\u00e2n vi\u00ean gi\u00e0u kinh nghi\u1ec7m c\u1ee7a ch\u00fang t\u00f4i s\u1ebd ph\u1ea3n h\u1ed3i v\u00e0 h\u1ed7 tr\u1ee3 s\u1edbm nh\u1ea5t c\u00f3 th\u1ec3.<\/p>\n<\/div>\n<\/section>\n<section class=\"clearfix\">\n<div class=\"boxsu_list\">\n<p class=\"boxsu_img\"><img decoding=\"async\" src=\"https:\/\/ohtavn.com\/wp-content\/themes\/ohtavn\/images\/success-stories_img01.svg\" width=\"458\" height=\"460\" alt=\"Th\u00f4ng tin v\u1ec1 ng\u00e0nh c\u00f4ng nghi\u1ec7p\/c\u00e1c l\u0129nh v\u1ef1c c\u1ee7a kh\u00e1ch h\u00e0ng\"><\/p>\n<div class=\"boxsu_info\">\n<p class=\"boxsu_ttl\">Th\u00f4ng tin v\u1ec1 <br \/>ng\u00e0nh c\u00f4ng nghi\u1ec7p\/c\u00e1c l\u0129nh v\u1ef1c <br \/>c\u1ee7a kh\u00e1ch h\u00e0ng<\/p>\n<ul class=\"boxsu_note\">\n<li class=\"map_c1\">Nh\u00e0 s\u1ea3n xu\u1ea5t thi\u1ebft b\u1ecb v\u00e0 m\u00e1y m\u00f3c \u0111\u1ed9c quy\u1ec1n<\/li>\n<li class=\"map_c2\">Nh\u00e0 s\u1ea3n xu\u1ea5t thi\u1ebft b\u1ecb y t\u1ebf<\/li>\n<li class=\"map_c3\">Nh\u00e0 s\u1ea3n xu\u1ea5t thi\u1ebft b\u1ecb c\u00f4ng c\u1ed9ng<\/li>\n<li class=\"map_c4\">Nh\u00e0 s\u1ea3n xu\u1ea5t thi\u1ebft b\u1ecb \u0111i\u1ec7n t\u1eed<\/li>\n<li class=\"map_c5\">Nh\u00e0 s\u1ea3n xu\u1ea5t \u0111\u1ed3 n\u1ed9i th\u1ea5t<\/li>\n<\/ul>\n<\/div>\n<\/div>\n<div class=\"boxsu_list\">\n<p class=\"boxsu_img\"><img decoding=\"async\" src=\"https:\/\/ohtavn.com\/wp-content\/themes\/ohtavn\/images\/success-stories_img02.svg\" width=\"458\" height=\"460\" alt=\"N\u1ed9i dung y\u00eau c\u1ea7u \u0111\u1ed1i v\u1edbi ch\u00fang t\u00f4i\"><\/p>\n<div class=\"boxsu_info\">\n<p class=\"boxsu_ttl\">N\u1ed9i dung y\u00eau c\u1ea7u <br \/>\u0111\u1ed1i v\u1edbi ch\u00fang t\u00f4i<\/p>\n<ul class=\"boxsu_note\">\n<li class=\"map_c1\">\u0110\u1eb7t h\u00e0ng c\u00e1c b\u1ed9 ph\u1eadn ch\u1ea5t l\u01b0\u1ee3ng cao nh\u01b0 \u1ed1c v\u00edt v\u00e0 linh ki\u1ec7n<\/li>\n<li class=\"map_c3\">S\u1ea3n xu\u1ea5t b\u1ed9 ph\u1eadn (t\u01b0 v\u1ea5n t\u1eeb s\u1ed1 l\u01b0\u1ee3ng nh\u1ecf \u0111\u1ebfn s\u1ea3n xu\u1ea5t h\u00e0ng lo\u1ea1t)<\/li>\n<li class=\"map_c6\">Li\u00ean h\u1ec7 v\u1ec1 d\u1ee5ng c\u1ee5 chuy\u00ean nghi\u1ec7p<\/li>\n<li class=\"map_c4\">S\u1ea3n xu\u1ea5t c\u00f4ng c\u1ee5 s\u1ea3n xu\u1ea5t v\u00e0 linh ki\u1ec7n b\u1ea3o tr\u00ec<\/li>\n<li class=\"map_c2\">T\u01b0 v\u1ea5n v\u1ec1 c\u00e1c th\u00e0nh ph\u1ea7n gi\u00e1 r\u1ebb nh\u01b0 \u1ed1c v\u00edt<\/li>\n<li class=\"map_c5\">T\u01b0 v\u1ea5n s\u1ea3n xu\u1ea5t v\u00e0 l\u1eafp r\u00e1p theo \u0111\u01a1n h\u00e0ng<\/li>\n<li class=\"map_c7\">Y\u00eau c\u1ea7u h\u1ed7 tr\u1ee3 kh\u1ea9n c\u1ea5p khi c\u1ea7n<\/li>\n<li class=\"map_c8\">Y\u00eau c\u1ea7u t\u01b0 v\u1ea5n khi g\u1eb7p c\u00e1c s\u1ef1 c\u1ed1<\/li>\n<li class=\"map_c9\">Y\u00eau c\u1ea7u ki\u1ec3m tra s\u1eed d\u1ee5ng thi\u1ebft b\u1ecb \u0111o l\u01b0\u1eddng<\/li>\n<li class=\"map_c10\">\u0110\u1eb7t h\u00e0ng c\u00e1c s\u1ea3n ph\u1ea9m kh\u00f3 ki\u1ebfm t\u1ea1i Vi\u1ec7t Nam<\/li>\n<\/ul>\n<\/div>\n<\/div>\n<\/section>\n<section class=\"clearfix unbr_list01_main\">\n<div class=\"unbr_list01\">\n<div class=\"unbr_list01_bnr\"><a href=\"https:\/\/ohtavn.com\/about-dealings\/\" class=\"hovbox\"><\/a><\/p>\n<p class=\"unbr_list01_img\"><img decoding=\"async\" loading=\"lazy\" src=\"https:\/\/ohtavn.com\/wp-content\/themes\/ohtavn\/images\/quality-bnr01.jpg\" width=\"960\" height=\"280\" alt=\"Li\u00ean quan \u0111\u1ebfn giao d\u1ecbch\"><\/p>\n<div class=\"ubnr_list01_info\">\n<dl>\n<dt>Li\u00ean quan \u0111\u1ebfn <br \/>giao d\u1ecbch<\/dt>\n<dd>Ch\u00fang t\u00f4i t\u1ed5ng h\u1ee3p th\u00f4ng tin li\u00ean quan <br \/>\u0111\u1ebfn c\u00e1c giao d\u1ecbch v\u1edbi ch\u00fang t\u00f4i.<\/dd>\n<\/dl>\n<p class=\"btn\"><span class=\"btn_nota\">Xem chi ti\u1ebft t\u1ea1i \u0111\u00e2y<span class=\"btnarr\"><\/span><\/span><\/p>\n<\/div>\n<\/div>\n<div class=\"unbr_list01_bnr\"><a href=\"https:\/\/ohtavn.com\/strength\/quality-management\/\" class=\"hovbox\"><\/a><\/p>\n<p class=\"unbr_list01_img\"><img decoding=\"async\" src=\"https:\/\/ohtavn.com\/wp-content\/themes\/ohtavn\/images\/precision-work_img02.jpg\" width=\"960\" height=\"280\" alt=\"Qu\u1ea3n l\u00fd ch\u1ea5t l\u01b0\u1ee3ng v\u00e0 c\u01a1 c\u1ea5u\"><\/p>\n<div class=\"ubnr_list01_info\">\n<dl>\n<dt>Qu\u1ea3n l\u00fd ch\u1ea5t l\u01b0\u1ee3ng <br \/>v\u00e0 c\u01a1 c\u1ea5u<\/dt>\n<dd>Gi\u1edbi thi\u1ec7u v\u1ec1 qu\u1ea3n l\u00fd ch\u1ea5t l\u01b0\u1ee3ng <br \/>v\u00e0 c\u01a1 c\u1ea5u c\u1ee7a Ohta Vi\u1ec7t Nam<\/dd>\n<\/dl>\n<p class=\"btn\"><span class=\"btn_nota\">Xem chi ti\u1ebft t\u1ea1i \u0111\u00e2y<span class=\"btnarr\"><\/span><\/span><\/p>\n<\/div>\n<\/div>\n<\/div>\n<\/section>\n","protected":false},"excerpt":{"rendered":"<p>Ch\u00fang t\u00f4i \u0111\u00e3 t\u00f3m t\u1eaft c\u00e1c ng\u00e0nh ngh\u1ec1\/l\u0129nh v\u1ef1c ch\u00ednh m\u00e0 ch\u00fang t\u00f4i cung c\u1ea5p v\u00e0 c\u00e1c \u0111\u01a1n \u0111\u1eb7t h\u00e0ng theo y\u00eau c\u1ea7u. N\u1ebfu b\u1ea1n g\u1eb7p ph\u1ea3i c\u00e1c th\u00e1ch th\u1ee9c t\u01b0\u01a1ng t\u1ef1 ho\u1eb7c c\u1ea7n h\u1ed7 tr\u1ee3, vui l\u00f2ng li\u00ean h\u1ec7 v\u1edbi Ohta Vi\u1ec7t Nam. \u0110\u1ed9i ng\u0169 nh\u00e2n vi\u00ean gi\u00e0u kinh nghi\u1ec7m c\u1ee7a ch\u00fang t\u00f4i s\u1ebd [&hellip;]<\/p>\n","protected":false},"author":2,"featured_media":0,"parent":1241,"menu_order":0,"comment_status":"closed","ping_status":"closed","template":"","meta":{"_acf_changed":false,"_locale":"vi","_original_post":"http:\/\/xsbizx2023.xsrv.jp\/?page_id=1252","footnotes":""},"class_list":["post-1255","page","type-page","status-publish","hentry","vi"],"acf":[],"_links":{"self":[{"href":"https:\/\/ohtavn.com\/wp-json\/wp\/v2\/pages\/1255","targetHints":{"allow":["GET"]}}],"collection":[{"href":"https:\/\/ohtavn.com\/wp-json\/wp\/v2\/pages"}],"about":[{"href":"https:\/\/ohtavn.com\/wp-json\/wp\/v2\/types\/page"}],"author":[{"embeddable":true,"href":"https:\/\/ohtavn.com\/wp-json\/wp\/v2\/users\/2"}],"replies":[{"embeddable":true,"href":"https:\/\/ohtavn.com\/wp-json\/wp\/v2\/comments?post=1255"}],"version-history":[{"count":0,"href":"https:\/\/ohtavn.com\/wp-json\/wp\/v2\/pages\/1255\/revisions"}],"up":[{"embeddable":true,"href":"https:\/\/ohtavn.com\/wp-json\/wp\/v2\/pages\/1241"}],"wp:attachment":[{"href":"https:\/\/ohtavn.com\/wp-json\/wp\/v2\/media?parent=1255"}],"curies":[{"name":"wp","href":"https:\/\/api.w.org\/{rel}","templated":true}]}}