
{"id":1262,"date":"2023-07-14T12:16:21","date_gmt":"2023-07-14T03:16:21","guid":{"rendered":"http:\/\/xsbizx2023.xsrv.jp\/?page_id=1262"},"modified":"2023-12-20T19:24:32","modified_gmt":"2023-12-20T10:24:32","slug":"sitemap","status":"publish","type":"page","link":"https:\/\/ohtavn.com\/vi\/sitemap\/","title":{"rendered":"SITEMAP &#8211; VI"},"content":{"rendered":"<section class=\"clearfix\">\n<p class=\"sitemap_top\"><a href=\"https:\/\/ohtavn.com\">HOME<\/a><\/p>\n<dl class=\"sitemap_list\">\n<dt>COMPANY<\/dt>\n<dd>\n<ul class=\"sitemap_link\">\n<li><a href=\"https:\/\/ohtavn.com\/company\/\">Th\u00f4ng tin doanh nghi\u1ec7p<\/a><\/li>\n<li><a href=\"https:\/\/ohtavn.com\/company\/vision\/\">D\u00e0nh cho kh\u00e1ch h\u00e0ng truy c\u1eadp l\u1ea7n \u0111\u1ea7u<\/a><\/li>\n<li><a href=\"https:\/\/ohtavn.com\/company\/introduction\/\">Gi\u1edbi thi\u1ec7u v\u1ec1 nh\u00e2n s\u1ef1\/C\u01a1 s\u1edf v\u1eadt ch\u1ea5t<\/a><\/li>\n<\/ul>\n<\/dd>\n<\/dl>\n<dl class=\"sitemap_list\">\n<dt>business<\/dt>\n<dd>\n<ul class=\"sitemap_link\">\n<li><a href=\"https:\/\/ohtavn.com\/business\/\">Gi\u1edbi thi\u1ec7u doanh nghi\u1ec7p<\/a><\/li>\n<li><a href=\"https:\/\/ohtavn.com\/business\/screw\/\">\u1ed0c v\u00edt\/ Bulong<\/a><\/li>\n<li><a href=\"https:\/\/ohtavn.com\/business\/precision-work\/\">Gia c\u00f4ng ch\u00ednh x\u00e1c<\/a><\/li>\n<li><a href=\"https:\/\/ohtavn.com\/business\/pro-tools\/\">C\u00f4ng c\u1ee5 chuy\u00ean nghi\u1ec7p<\/a><\/li>\n<li><a href=\"https:\/\/ohtavn.com\/business\/parts-sales\/\">B\u00e1n linh ki\u1ec7n<\/a><\/li>\n<\/ul>\n<\/dd>\n<\/dl>\n<dl class=\"sitemap_list\">\n<dt>strength<\/dt>\n<dd>\n<ul class=\"sitemap_link\">\n<li><a href=\"https:\/\/ohtavn.com\/strength\/\">\u0110i\u1ec3m m\u1ea1nh c\u1ee7a Ohta<\/a><\/li>\n<li><a href=\"https:\/\/ohtavn.com\/strength\/quality-management\/\">Qu\u1ea3n l\u00fd ch\u1ea5t l\u01b0\u1ee3ng &#038; H\u1ec7 th\u1ed1ng<\/a><\/li>\n<li><a href=\"https:\/\/ohtavn.com\/strength\/success-stories\/\">C\u00e1c l\u0129nh v\u1ef1c cung c\u1ea5p ch\u00ednh<\/a><\/li>\n<\/ul>\n<\/dd>\n<\/dl>\n<dl class=\"sitemap_list\">\n<dt>about dealings<\/dt>\n<dd>\n<ul class=\"sitemap_link\">\n<li><a href=\"https:\/\/ohtavn.com\/about-dealings\/\">V\u1ec1 giao d\u1ecbch<\/a><\/li>\n<li><a href=\"https:\/\/ohtavn.com\/about-dealings\/faq\/\">C\u00e2u h\u1ecfi th\u01b0\u1eddng g\u1eb7p<\/a><\/li>\n<li><a href=\"https:\/\/ohtavn.com\/about-dealings\/basic-knowledge\/\">Ki\u1ebfn th\u1ee9c c\u01a1 b\u1ea3n v\u1ec1 \u1ed1c v\u00edt v\u00e0 bulong<\/a><\/li>\n<li><a href=\"https:\/\/ohtavn.com\/about-dealings\/glossary\/\">Th\u00f4ng tin h\u1eefu \u00edch v\u1ec1 linh ki\u1ec7n v\u00e0 \u0111\u01a1n \u0111\u1eb7t h\u00e0ng<\/a><\/li>\n<\/ul>\n<\/dd>\n<\/dl>\n<dl class=\"sitemap_list\">\n<dt>MEDIA<\/dt>\n<dd>\n<ul class=\"sitemap_link\">\n<li><a href=\"https:\/\/ohtavn.com\/media\/\">Gi\u1edbi thi\u1ec7u doanh nghi\u1ec7p<\/a><\/li>\n<li><a href=\"https:\/\/ohtavn.com\/media-cat\/news\/\">Tin Th\u1ee9c<\/a><\/li>\n<li><a href=\"https:\/\/ohtavn.com\/media-cat\/column\/\">Chuy\u00ean \u0111\u1ec1<\/a><\/li>\n<\/ul>\n<\/dd>\n<\/dl>\n<dl class=\"sitemap_list\">\n<dt>CONTACT<\/dt>\n<dd>\n<ul class=\"sitemap_link\">\n<li><a href=\"https:\/\/ohtavn.com\/contact\/\">Li\u00ean h\u1ec7<\/a><\/li>\n<li><a href=\"https:\/\/ohtavn.com\/contact\/inquiry\/\">Y\u00eau c\u1ea7u chung<\/a><\/li>\n<li><a href=\"https:\/\/ohtavn.com\/contact\/quotation\/\">Y\u00eau c\u1ea7u b\u00e1o gi\u00e1 S\u1ea3n ph\u1ea9m<\/a><\/li>\n<li><a href=\"https:\/\/ohtavn.com\/contact\/online-mtg\/\">\u0110\u1eb7t l\u1ecbch t\u01b0 v\u1ea5n online<\/a><\/li>\n<li><a href=\"https:\/\/ohtavn.com\/contact\/supplier\/\">D\u00e0nh cho nh\u00e0 c\u0169ng c\u1ea5p<\/a><\/li>\n<\/ul>\n<\/dd>\n<\/dl>\n<dl class=\"sitemap_list\">\n<dt>resources<\/dt>\n<dd>\n<ul class=\"sitemap_link\">\n<li><a href=\"https:\/\/ohtavn.com\/resources\/\">T\u1ea3i t\u00e0i li\u1ec7u<\/a><\/li>\n<li><a href=\"https:\/\/ohtavn.com\/resources\/corporate\/\">T\u00e0i li\u1ec7u t\u1ed5ng qu\u00e1t v\u1ec1 c\u00f4ng ty<\/a><\/li>\n<li><a href=\"https:\/\/ohtavn.com\/resources\/catalog\/\">Catalog<\/a><\/li>\n<li><a href=\"https:\/\/ohtavn.com\/resources\/white-paper\/\">T\u00e0i li\u1ec7u h\u1eefu \u00edch<\/a><\/li>\n<\/ul>\n<\/dd>\n<\/dl>\n<\/section>\n","protected":false},"excerpt":{"rendered":"<p>HOME COMPANY Th\u00f4ng tin doanh nghi\u1ec7p D\u00e0nh cho kh\u00e1ch h\u00e0ng truy c\u1eadp l\u1ea7n \u0111\u1ea7u Gi\u1edbi thi\u1ec7u v\u1ec1 nh\u00e2n s\u1ef1\/C\u01a1 s\u1edf v\u1eadt ch\u1ea5t business Gi\u1edbi thi\u1ec7u doanh nghi\u1ec7p \u1ed0c v\u00edt\/ Bulong Gia c\u00f4ng ch\u00ednh x\u00e1c C\u00f4ng c\u1ee5 chuy\u00ean nghi\u1ec7p B\u00e1n linh ki\u1ec7n strength \u0110i\u1ec3m m\u1ea1nh c\u1ee7a Ohta Qu\u1ea3n l\u00fd ch\u1ea5t l\u01b0\u1ee3ng &#038; H\u1ec7 th\u1ed1ng C\u00e1c l\u0129nh [&hellip;]<\/p>\n","protected":false},"author":2,"featured_media":0,"parent":0,"menu_order":0,"comment_status":"closed","ping_status":"closed","template":"","meta":{"_acf_changed":false,"_locale":"vi","_original_post":"http:\/\/xsbizx2023.xsrv.jp\/?page_id=1259","footnotes":""},"class_list":["post-1262","page","type-page","status-publish","hentry","vi"],"acf":[],"_links":{"self":[{"href":"https:\/\/ohtavn.com\/wp-json\/wp\/v2\/pages\/1262","targetHints":{"allow":["GET"]}}],"collection":[{"href":"https:\/\/ohtavn.com\/wp-json\/wp\/v2\/pages"}],"about":[{"href":"https:\/\/ohtavn.com\/wp-json\/wp\/v2\/types\/page"}],"author":[{"embeddable":true,"href":"https:\/\/ohtavn.com\/wp-json\/wp\/v2\/users\/2"}],"replies":[{"embeddable":true,"href":"https:\/\/ohtavn.com\/wp-json\/wp\/v2\/comments?post=1262"}],"version-history":[{"count":0,"href":"https:\/\/ohtavn.com\/wp-json\/wp\/v2\/pages\/1262\/revisions"}],"wp:attachment":[{"href":"https:\/\/ohtavn.com\/wp-json\/wp\/v2\/media?parent=1262"}],"curies":[{"name":"wp","href":"https:\/\/api.w.org\/{rel}","templated":true}]}}