
{"id":1270,"date":"2023-07-17T16:02:47","date_gmt":"2023-07-17T07:02:47","guid":{"rendered":"http:\/\/xsbizx2023.xsrv.jp\/?page_id=1270"},"modified":"2023-10-05T19:15:24","modified_gmt":"2023-10-05T10:15:24","slug":"privacy-policy","status":"publish","type":"page","link":"https:\/\/ohtavn.com\/vi\/privacy-policy\/","title":{"rendered":"Privacy Policy &#8211; VI"},"content":{"rendered":"<section>\n<ol class=\"list_number02\">\n<li>Ch\u00fang t\u00f4i \u0111ang thu th\u1eadp th\u00f4ng tin c\u00e1 nh\u00e2n m\u1ed9t c\u00e1ch h\u1ee3p ph\u00e1p v\u00e0 c\u00f4ng b\u1eb1ng.<\/li>\n<li>Ch\u00fang t\u00f4i s\u1ebd s\u1eed d\u1ee5ng th\u00f4ng tin c\u00e1 nh\u00e2n c\u1ee7a b\u1ea1n trong ph\u1ea1m vi m\u1ee5c \u0111\u00edch s\u1eed d\u1ee5ng \u0111\u01b0\u1ee3c ch\u1ec9 ra t\u1ea1i th\u1eddi \u0111i\u1ec3m mua l\u1ea1i, mi\u1ec5n l\u00e0 n\u00f3 c\u1ea7n thi\u1ebft cho vi\u1ec7c th\u1ef1c hi\u1ec7n c\u00f4ng vi\u1ec7c kinh doanh.<\/li>\n<li>Ch\u00fang t\u00f4i s\u1ebd kh\u00f4ng ti\u1ebft l\u1ed9 th\u00f4ng tin c\u00e1 nh\u00e2n c\u1ee7a b\u1ea1n cho b\u1ea5t k\u1ef3 b\u00ean th\u1ee9 ba n\u00e0o m\u00e0 kh\u00f4ng c\u00f3 s\u1ef1 \u0111\u1ed3ng \u00fd c\u1ee7a c\u00e1 nh\u00e2n tr\u1eeb khi ph\u00e1p lu\u1eadt y\u00eau c\u1ea7u.<\/li>\n<li>Ch\u00fang t\u00f4i s\u1ebd c\u1ed1 g\u1eafng \u0111\u1ea3m b\u1ea3o t\u00ednh ch\u00ednh x\u00e1c c\u1ee7a th\u00f4ng tin c\u00e1 nh\u00e2n v\u00e0 th\u1ef1c hi\u1ec7n c\u00e1c bi\u1ec7n ph\u00e1p k\u1ef9 thu\u1eadt v\u00e0 t\u1ed5 ch\u1ee9c th\u00edch h\u1ee3p \u0111\u1ec3 \u0111\u1ea3m b\u1ea3o r\u1eb1ng th\u00f4ng tin c\u00e1 nh\u00e2n c\u1ea7n \u0111\u01b0\u1ee3c b\u1ea3o v\u1ec7 ch\u1ed1ng l\u1ea1i vi\u1ec7c x\u1eed l\u00fd tr\u00e1i ph\u00e9p ho\u1eb7c b\u1ea5t h\u1ee3p ph\u00e1p v\u00e0 ch\u1ed1ng m\u1ea5t m\u00e1t, ph\u00e1 h\u1ee7y ho\u1eb7c h\u01b0 h\u1ecfng do ng\u1eabu nhi\u00ean.<\/li>\n<li>Ng\u01b0\u1eddi \u0111\u00f3 c\u00f3 quy\u1ec1n y\u00eau c\u1ea7u ti\u1ebft l\u1ed9, ch\u1ec9nh s\u1eeda, \u0111\u00ecnh ch\u1ec9 s\u1eed d\u1ee5ng v\u00e0 x\u00f3a, v.v. th\u00f4ng tin c\u00e1 nh\u00e2n c\u1ee7a h\u1ecd theo quy \u0111\u1ecbnh c\u1ee7a ph\u00e1p lu\u1eadt v\u00e0 ch\u00fang t\u00f4i s\u1ebd ph\u1ea3n h\u1ed3i nhanh nh\u1ea5t c\u00f3 th\u1ec3 khi nh\u1eadn \u0111\u01b0\u1ee3c y\u00eau c\u1ea7u \u0111\u00f3.<\/li>\n<li>Ch\u00fang t\u00f4i \u0111ang s\u1eed d\u1ee5ng \u201cC\u00f4ng c\u1ee5 ph\u00e2n t\u00edch tr\u00ean Google\u201d l\u00e0m c\u00f4ng c\u1ee5 ph\u00e2n t\u00edch l\u01b0u l\u01b0\u1ee3ng truy c\u1eadp. C\u00f4ng c\u1ee5 ph\u00e2n t\u00edch n\u00e0y s\u1ebd s\u1eed d\u1ee5ng Cookie \u0111\u1ec3 thu th\u1eadp d\u1eef li\u1ec7u l\u01b0u l\u01b0\u1ee3ng truy c\u1eadp. Nh\u01b0ng nh\u1eefng d\u1eef li\u1ec7u l\u01b0u l\u01b0\u1ee3ng n\u00e0y \u0111\u01b0\u1ee3c thu th\u1eadp \u1ea9n danh v\u00e0 kh\u00f4ng \u0111\u01b0\u1ee3c s\u1eed d\u1ee5ng \u0111\u1ec3 x\u00e1c \u0111\u1ecbnh m\u1ed9t c\u00e1 nh\u00e2n.<\/li>\n<\/ol>\n<p class=\"btn center\"><a href=\"https:\/\/ohtavn.com\/\">Tr\u1edf v\u1ec1 Trang Ch\u1ee7<span class=\"btnarr\"><\/span><\/a><\/p>\n<\/section>\n","protected":false},"excerpt":{"rendered":"<p>Ch\u00fang t\u00f4i \u0111ang thu th\u1eadp th\u00f4ng tin c\u00e1 nh\u00e2n m\u1ed9t c\u00e1ch h\u1ee3p ph\u00e1p v\u00e0 c\u00f4ng b\u1eb1ng. Ch\u00fang t\u00f4i s\u1ebd s\u1eed d\u1ee5ng th\u00f4ng tin c\u00e1 nh\u00e2n c\u1ee7a b\u1ea1n trong ph\u1ea1m vi m\u1ee5c \u0111\u00edch s\u1eed d\u1ee5ng \u0111\u01b0\u1ee3c ch\u1ec9 ra t\u1ea1i th\u1eddi \u0111i\u1ec3m mua l\u1ea1i, mi\u1ec5n l\u00e0 n\u00f3 c\u1ea7n thi\u1ebft cho vi\u1ec7c th\u1ef1c hi\u1ec7n c\u00f4ng vi\u1ec7c kinh doanh. [&hellip;]<\/p>\n","protected":false},"author":2,"featured_media":0,"parent":0,"menu_order":0,"comment_status":"closed","ping_status":"closed","template":"","meta":{"_acf_changed":false,"_locale":"vi","_original_post":"http:\/\/xsbizx2023.xsrv.jp\/?page_id=1267","footnotes":""},"class_list":["post-1270","page","type-page","status-publish","hentry","vi"],"acf":[],"_links":{"self":[{"href":"https:\/\/ohtavn.com\/wp-json\/wp\/v2\/pages\/1270","targetHints":{"allow":["GET"]}}],"collection":[{"href":"https:\/\/ohtavn.com\/wp-json\/wp\/v2\/pages"}],"about":[{"href":"https:\/\/ohtavn.com\/wp-json\/wp\/v2\/types\/page"}],"author":[{"embeddable":true,"href":"https:\/\/ohtavn.com\/wp-json\/wp\/v2\/users\/2"}],"replies":[{"embeddable":true,"href":"https:\/\/ohtavn.com\/wp-json\/wp\/v2\/comments?post=1270"}],"version-history":[{"count":0,"href":"https:\/\/ohtavn.com\/wp-json\/wp\/v2\/pages\/1270\/revisions"}],"wp:attachment":[{"href":"https:\/\/ohtavn.com\/wp-json\/wp\/v2\/media?parent=1270"}],"curies":[{"name":"wp","href":"https:\/\/api.w.org\/{rel}","templated":true}]}}