
{"id":1276,"date":"2023-07-17T12:14:09","date_gmt":"2023-07-17T03:14:09","guid":{"rendered":"http:\/\/xsbizx2023.xsrv.jp\/?page_id=1276"},"modified":"2023-10-05T18:11:48","modified_gmt":"2023-10-05T09:11:48","slug":"contact","status":"publish","type":"page","link":"https:\/\/ohtavn.com\/vi\/contact\/","title":{"rendered":"CONTACT &#8211; VI"},"content":{"rendered":"<section class=\"clearfix\">\n<ul class=\"anchor_link\">\n<li><a href=\"#contact_ttl01\">Li\u00ean h\u1ec7 t\u1eeb Website<span class=\"path_anhchor\"><\/span><\/a><\/li>\n<li><a href=\"#contact_ttl02\">Y\u00eau c\u1ea7u t\u00e0i li\u1ec7u<span class=\"path_anhchor\"><\/span><\/a><\/li>\n<\/ul>\n<\/section>\n<section id=\"contact_ttl01\" class=\"clearfix\">\n<div class=\"uttl3_01\">\n<p class=\"uttl3_en\">contact<\/p>\n<h3>Li\u00ean h\u1ec7 t\u1eeb Website<\/h3>\n<\/div>\n<p class=\"center\"><strong>Vui l\u00f2ng \u0111i\u1ec1n g\u1eedi y\u00eau c\u1ea7u li\u00ean h\u1ec7 v\u1edbi ch\u00fang t\u00f4i th\u00f4ng qua form li\u00ean h\u1ec7 d\u01b0\u1edbi \u0111\u00e2y<\/strong><\/p>\n<div class=\"contact_top\">\n<dl>\n<dt><a href=\"https:\/\/ohtavn.com\/contact\/quotation\/\">Y\u00eau c\u1ea7u b\u00e1o gi\u00e1\/ S\u1ea3n ph\u1ea9m<\/a><\/dt>\n<dd>Ch\u00fang t\u00f4i lu\u00f4n s\u1eb5n s\u00e0ng h\u1ed7 tr\u1ee3 khi nh\u1eadn \u0111\u01b0\u1ee3c y\u00eau c\u1ea7u b\u00e1o gi\u00e1 v\u00e0 c\u00e1c c\u00e2u h\u1ecfi li\u00ean quan \u0111\u1ebfn s\u1ea3n ph\u1ea9m c\u1ee7a qu\u00fd kh\u00e1ch t\u1ea1i \u0111\u00e2y<\/dd>\n<\/dl>\n<dl>\n<dt><a href=\"https:\/\/ohtavn.com\/contact\/inquiry\/\">C\u00e2u h\u1ecfi th\u01b0\u1eddng g\u1eb7p<\/a><\/dt>\n<dd>Ch\u00fang t\u00f4i r\u1ea5t s\u1eb5n l\u00f2ng ti\u1ebfp nh\u1eadn m\u1ecdi th\u1eafc m\u1eafc, v\u1ea5n \u0111\u1ec1 g\u1eb7p ph\u1ea3i, \u00fd ki\u1ebfn v\u00e0 y\u00eau c\u1ea7u t\u1eeb qu\u00fd kh\u00e1ch th\u00f4ng qua \u0111\u01b0\u1eddng link n\u00e0y.<\/dd>\n<\/dl>\n<dl>\n<dt><a href=\"https:\/\/ohtavn.com\/contact\/online-mtg\/\">\u0110\u1eb7t h\u1eb9n t\u01b0 v\u1ea5n online<\/a><\/dt>\n<dd>N\u1ebfu qu\u00fd kh\u00e1ch mu\u1ed1n h\u1eb9n g\u1eb7p tr\u1ef1c ti\u1ebfp v\u1edbi nh\u00e2n vi\u00ean c\u1ee7a ch\u00fang t\u00f4i, vui l\u00f2ng \u0111\u1eb7t l\u1ecbch t\u1ea1i \u0111\u00e2y.<\/dd>\n<\/dl>\n<dl>\n<dt><a href=\"https:\/\/ohtavn.com\/contact\/supplier\/\">D\u00e0nh cho nh\u00e0 c\u0169ng c\u1ea5p<\/a><\/dt>\n<dd>C\u00e1c nh\u00e0 cung c\u1ea5p vui l\u00f2ng li\u00ean h\u1ec7 th\u00f4ng qua \u0111\u01b0\u1eddng link n\u00e0y.<\/dd>\n<\/dl>\n<\/div>\n<\/section>\n<section class=\"clearfix\">\n<div class=\"contact_box\">\n<p class=\"contact_box_ttl\">Trong tr\u01b0\u1eddng h\u1ee3p qu\u00fd kh\u00e1ch <br \/>mu\u1ed1n li\u00ean h\u1ec7 qua \u0111i\u1ec7n tho\u1ea1i, <br \/>vui l\u00f2ng li\u00ean h\u1ec7 theo th\u00f4ng tin d\u01b0\u1edbi \u0111\u00e2y.<\/p>\n<dl>\n<dt>[Th\u1eddi gian l\u00e0m vi\u1ec7c]  <span class=\"contact_box_time\">07:30\uff5e16:30<\/span><\/dt>\n<dd><a href=\"tel:+842513936218\" class=\"sweetlink sweetlinked\" style=\"cursor: default;\">(+84) 251 393 6218 \/ 19<\/a><\/dd>\n<\/dl>\n<\/div>\n<\/section>\n<section id=\"contact_ttl02\" class=\"clearfix\">\n<div class=\"uttl3_01\">\n<p class=\"uttl3_en\">Document<\/p>\n<h3>Y\u00eau c\u1ea7u t\u00e0i li\u1ec7u<\/h3>\n<\/div>\n<p class=\"contact_title\">Qu\u00fd kh\u00e1ch c\u00f3 th\u1ec3 t\u1ea3i t\u00e0i li\u1ec7u tu\u1ef3 theo nhu c\u1ea7u t\u1ea1i \u0111\u00e2y<\/p>\n<div class=\"contact_link\">\n<div class=\"contact_detail\">\n<dl>\n<dt><img decoding=\"async\" src=\"https:\/\/ohtavn.com\/wp-content\/themes\/ohtavn\/images\/contact_img01.jpg\" width=\"340\" height=\"293\" alt=\"T\u00e0i li\u1ec7u gi\u1edbi thi\u1ec7u kh\u00e1i qu\u00e1t c\u00f4ng ty\"><\/dt>\n<dd>T\u00e0i li\u1ec7u gi\u1edbi thi\u1ec7u <br \/>kh\u00e1i qu\u00e1t c\u00f4ng ty<\/dd>\n<\/dl>\n<p class=\"btn\"><a href=\"https:\/\/ohtavn.com\/resources\/corporate\/\">T\u1ea3i v\u1ec1 t\u1ea1i \u0111\u00e2y<span class=\"btnarr\"><\/span><\/a><\/p>\n<\/div>\n<div class=\"contact_detail\">\n<dl>\n<dt><img decoding=\"async\" src=\"https:\/\/ohtavn.com\/wp-content\/themes\/ohtavn\/images\/contact_img02.jpg\" width=\"340\" height=\"293\" alt=\"Catalog\"><\/dt>\n<dd>Catalog<\/dd>\n<\/dl>\n<p class=\"btn\"><a href=\"https:\/\/ohtavn.com\/resources\/catalog\/\">T\u1ea3i v\u1ec1 t\u1ea1i \u0111\u00e2y<span class=\"btnarr\"><\/span><\/a><\/p>\n<\/div>\n<div class=\"contact_detail\">\n<dl>\n<dt><img decoding=\"async\" src=\"https:\/\/ohtavn.com\/wp-content\/themes\/ohtavn\/images\/contact_img03.jpg\" width=\"340\" height=\"293\" alt=\"T\u00e0i li\u1ec7u h\u1eefu \u00edch\"><\/dt>\n<dd>T\u00e0i li\u1ec7u h\u1eefu \u00edch<\/dd>\n<\/dl>\n<p class=\"btn\"><a href=\"https:\/\/ohtavn.com\/resources\/white-paper\/\">T\u1ea3i v\u1ec1 t\u1ea1i \u0111\u00e2y<span class=\"btnarr\"><\/span><\/a><\/p>\n<\/div>\n<\/div>\n<\/section>\n","protected":false},"excerpt":{"rendered":"<p>Li\u00ean h\u1ec7 t\u1eeb Website Y\u00eau c\u1ea7u t\u00e0i li\u1ec7u contact Li\u00ean h\u1ec7 t\u1eeb Website Vui l\u00f2ng \u0111i\u1ec1n g\u1eedi y\u00eau c\u1ea7u li\u00ean h\u1ec7 v\u1edbi ch\u00fang t\u00f4i th\u00f4ng qua form li\u00ean h\u1ec7 d\u01b0\u1edbi \u0111\u00e2y Y\u00eau c\u1ea7u b\u00e1o gi\u00e1\/ S\u1ea3n ph\u1ea9m Ch\u00fang t\u00f4i lu\u00f4n s\u1eb5n s\u00e0ng h\u1ed7 tr\u1ee3 khi nh\u1eadn \u0111\u01b0\u1ee3c y\u00eau c\u1ea7u b\u00e1o gi\u00e1 v\u00e0 c\u00e1c c\u00e2u h\u1ecfi [&hellip;]<\/p>\n","protected":false},"author":2,"featured_media":0,"parent":0,"menu_order":0,"comment_status":"closed","ping_status":"closed","template":"","meta":{"_acf_changed":false,"_locale":"vi","_original_post":"http:\/\/xsbizx2023.xsrv.jp\/?page_id=1273","footnotes":""},"class_list":["post-1276","page","type-page","status-publish","hentry","vi"],"acf":[],"_links":{"self":[{"href":"https:\/\/ohtavn.com\/wp-json\/wp\/v2\/pages\/1276","targetHints":{"allow":["GET"]}}],"collection":[{"href":"https:\/\/ohtavn.com\/wp-json\/wp\/v2\/pages"}],"about":[{"href":"https:\/\/ohtavn.com\/wp-json\/wp\/v2\/types\/page"}],"author":[{"embeddable":true,"href":"https:\/\/ohtavn.com\/wp-json\/wp\/v2\/users\/2"}],"replies":[{"embeddable":true,"href":"https:\/\/ohtavn.com\/wp-json\/wp\/v2\/comments?post=1276"}],"version-history":[{"count":0,"href":"https:\/\/ohtavn.com\/wp-json\/wp\/v2\/pages\/1276\/revisions"}],"wp:attachment":[{"href":"https:\/\/ohtavn.com\/wp-json\/wp\/v2\/media?parent=1276"}],"curies":[{"name":"wp","href":"https:\/\/api.w.org\/{rel}","templated":true}]}}