
{"id":1354,"date":"2023-07-17T16:27:16","date_gmt":"2023-07-17T07:27:16","guid":{"rendered":"http:\/\/xsbizx2023.xsrv.jp\/?page_id=1354"},"modified":"2023-10-05T19:02:23","modified_gmt":"2023-10-05T10:02:23","slug":"thanks","status":"publish","type":"page","link":"https:\/\/ohtavn.com\/vi\/contact\/supplier\/thanks\/","title":{"rendered":"Supplier \u2013 Thanks &#8211; VI"},"content":{"rendered":"<section class=\"clearfix\">\n<div class=\"contact_frame\">\n<p class=\"contact_frame_title\">Ch\u00fang t\u00f4i xin ch\u00e2n th\u00e0nh c\u1ea3m \u01a1n qu\u00fd kh\u00e1ch v\u00ec \u0111\u00e3 li\u00ean h\u1ec7 v\u1edbi ch\u00fang t\u00f4i.<br \/>\nVui l\u00f2ng ch\u1edd trong m\u1ed9t kho\u1ea3ng th\u1eddi gian ng\u1eafn. Ch\u00fang t\u00f4i s\u1ebd li\u00ean l\u1ea1c l\u1ea1i trong th\u1eddi gian s\u1edbm nh\u1ea5t c\u00f3 th\u1ec3,<br \/>\nTrong tr\u01b0\u1eddng h\u1ee3p sau v\u00e0i gi\u1edd m\u00e0 qu\u00fd kh\u00e1ch kh\u00f4ng nh\u1eadn \u0111\u01b0\u1ee3c email t\u1eeb ch\u00fang t\u00f4i, c\u00f3 th\u1ec3 email \u0111\u00e3 b\u1ecb chuy\u1ec3n v\u00e0o th\u01b0 m\u1ee5c r\u00e1c.<br \/>\nN\u1ebfu qu\u00fd kh\u00e1ch kh\u00f4ng t\u00ecm th\u1ea5y email trong th\u01b0 m\u1ee5c r\u00e1c, c\u00f3 th\u1ec3 \u0111\u00e3 nh\u1eadp sai \u0111\u1ecba ch\u1ec9 email.<br \/>\nTrong tr\u01b0\u1eddng h\u1ee3p n\u00e0y, xin vui l\u00f2ng g\u1eedi l\u1ea1i th\u00f4ng tin li\u00ean h\u1ec7 qua m\u1eabu li\u00ean h\u1ec7 ho\u1eb7c li\u00ean h\u1ec7 theo th\u00f4ng tin d\u01b0\u1edbi \u0111\u00e2y.<br \/>\nCh\u00fang t\u00f4i r\u1ea5t xin l\u1ed7i v\u00ec s\u1ef1 b\u1ea5t ti\u1ec7n n\u00e0y.<\/p>\n<div class=\"contact_frame_list\">\n<div class=\"contact_frame_info\">\n<p class=\"contact_frame_tt\">\u3010OHTA VIETNAM \u3011<\/p>\n<dl>\n<dt>Add:<\/dt>\n<dd>Lot 246, Street 12, Amata Industrial Park, Long Binh Ward,<br \/>Bien Hoa City, Dong Nai Province, Vietnam<\/dd>\n<\/dl>\n<dl>\n<dt>Tel:<\/dt>\n<dd>(+84) 251 393 6218 \/ 19<\/dd>\n<dt>Fax:<\/dt>\n<dd>+84 251 393 6220<\/dd>\n<\/dl>\n<dl>\n<dt>Email:<\/dt>\n<dd>contact@ohtavn.com<\/dd>\n<\/dl>\n<\/div>\n<div class=\"contact_frame_btn\">\n<p class=\"btn\"><a href=\"https:\/\/ohtavn.com\/\">Quay v\u1ec1 Trang Ch\u1ee7<span class=\"btnarr\"><\/span><\/a><\/p>\n<\/div>\n<\/div>\n<\/div>\n<\/section>\n","protected":false},"excerpt":{"rendered":"<p>Ch\u00fang t\u00f4i xin ch\u00e2n th\u00e0nh c\u1ea3m \u01a1n qu\u00fd kh\u00e1ch v\u00ec \u0111\u00e3 li\u00ean h\u1ec7 v\u1edbi ch\u00fang t\u00f4i. Vui l\u00f2ng ch\u1edd trong m\u1ed9t kho\u1ea3ng th\u1eddi gian ng\u1eafn. Ch\u00fang t\u00f4i s\u1ebd li\u00ean l\u1ea1c l\u1ea1i trong th\u1eddi gian s\u1edbm nh\u1ea5t c\u00f3 th\u1ec3, Trong tr\u01b0\u1eddng h\u1ee3p sau v\u00e0i gi\u1edd m\u00e0 qu\u00fd kh\u00e1ch kh\u00f4ng nh\u1eadn \u0111\u01b0\u1ee3c email t\u1eeb ch\u00fang t\u00f4i, c\u00f3 [&hellip;]<\/p>\n","protected":false},"author":2,"featured_media":0,"parent":1348,"menu_order":0,"comment_status":"closed","ping_status":"closed","template":"","meta":{"_acf_changed":false,"_locale":"vi","_original_post":"http:\/\/xsbizx2023.xsrv.jp\/?page_id=1351","footnotes":""},"class_list":["post-1354","page","type-page","status-publish","hentry","vi"],"acf":[],"_links":{"self":[{"href":"https:\/\/ohtavn.com\/wp-json\/wp\/v2\/pages\/1354","targetHints":{"allow":["GET"]}}],"collection":[{"href":"https:\/\/ohtavn.com\/wp-json\/wp\/v2\/pages"}],"about":[{"href":"https:\/\/ohtavn.com\/wp-json\/wp\/v2\/types\/page"}],"author":[{"embeddable":true,"href":"https:\/\/ohtavn.com\/wp-json\/wp\/v2\/users\/2"}],"replies":[{"embeddable":true,"href":"https:\/\/ohtavn.com\/wp-json\/wp\/v2\/comments?post=1354"}],"version-history":[{"count":0,"href":"https:\/\/ohtavn.com\/wp-json\/wp\/v2\/pages\/1354\/revisions"}],"up":[{"embeddable":true,"href":"https:\/\/ohtavn.com\/wp-json\/wp\/v2\/pages\/1348"}],"wp:attachment":[{"href":"https:\/\/ohtavn.com\/wp-json\/wp\/v2\/media?parent=1354"}],"curies":[{"name":"wp","href":"https:\/\/api.w.org\/{rel}","templated":true}]}}