
{"id":1360,"date":"2023-07-17T16:30:50","date_gmt":"2023-07-17T07:30:50","guid":{"rendered":"http:\/\/xsbizx2023.xsrv.jp\/?page_id=1360"},"modified":"2023-10-05T19:03:20","modified_gmt":"2023-10-05T10:03:20","slug":"resources","status":"publish","type":"page","link":"https:\/\/ohtavn.com\/vi\/resources\/","title":{"rendered":"RESOURCES &#8211; VI"},"content":{"rendered":"<section id=\"contact_ttl02\" class=\"clearfix\">\n<p class=\"contact_title\">Qu\u00fd kh\u00e1ch c\u00f3 th\u1ec3 t\u1ea3i xu\u1ed1ng mi\u1ec5n ph\u00ed t\u1ea1i \u0111\u00e2y.<\/p>\n<div class=\"contact_link\">\n<div class=\"contact_detail\">\n<dl>\n<dt><img decoding=\"async\" src=\"https:\/\/ohtavn.com\/wp-content\/themes\/ohtavn\/images\/contact_img01.jpg\" width=\"340\" height=\"293\" alt=\"T\u00e0i li\u1ec7u gi\u1edbi thi\u1ec7u kh\u00e1i qu\u00e1t v\u1ec1 c\u00f4ng ty\"><\/dt>\n<dd>T\u00e0i li\u1ec7u gi\u1edbi thi\u1ec7u <br \/>kh\u00e1i qu\u00e1t v\u1ec1 c\u00f4ng ty<\/dd>\n<\/dl>\n<p class=\"btn\"><a href=\"https:\/\/ohtavn.com\/resources\/corporate\/\">T\u1ea3i v\u1ec1 t\u1ea1i \u0111\u00e2y<span class=\"btnarr\"><\/span><\/a><\/p>\n<\/div>\n<div class=\"contact_detail\">\n<dl>\n<dt><img decoding=\"async\" src=\"https:\/\/ohtavn.com\/wp-content\/themes\/ohtavn\/images\/contact_img02.jpg\" width=\"340\" height=\"293\" alt=\"Catalog\u30b0\"><\/dt>\n<dd>Catalog<\/dd>\n<\/dl>\n<p class=\"btn\"><a href=\"https:\/\/ohtavn.com\/resources\/catalog\/\">T\u1ea3i v\u1ec1 t\u1ea1i \u0111\u00e2y<span class=\"btnarr\"><\/span><\/a><\/p>\n<\/div>\n<div class=\"contact_detail\">\n<dl>\n<dt><img decoding=\"async\" src=\"https:\/\/ohtavn.com\/wp-content\/themes\/ohtavn\/images\/contact_img03.jpg\" width=\"340\" height=\"293\" alt=\"T\u00e0i li\u1ec7u h\u1eefu \u00edch\"><\/dt>\n<dd>T\u00e0i li\u1ec7u h\u1eefu \u00edch<\/dd>\n<\/dl>\n<p class=\"btn\"><a href=\"https:\/\/ohtavn.com\/resources\/white-paper\/\">T\u1ea3i v\u1ec1 t\u1ea1i \u0111\u00e2y<span class=\"btnarr\"><\/span><\/a><\/p>\n<\/div>\n<\/div>\n<\/section>\n","protected":false},"excerpt":{"rendered":"<p>Qu\u00fd kh\u00e1ch c\u00f3 th\u1ec3 t\u1ea3i xu\u1ed1ng mi\u1ec5n ph\u00ed t\u1ea1i \u0111\u00e2y. T\u00e0i li\u1ec7u gi\u1edbi thi\u1ec7u kh\u00e1i qu\u00e1t v\u1ec1 c\u00f4ng ty T\u1ea3i v\u1ec1 t\u1ea1i \u0111\u00e2y Catalog T\u1ea3i v\u1ec1 t\u1ea1i \u0111\u00e2y T\u00e0i li\u1ec7u h\u1eefu \u00edch T\u1ea3i v\u1ec1 t\u1ea1i \u0111\u00e2y<\/p>\n","protected":false},"author":2,"featured_media":0,"parent":0,"menu_order":0,"comment_status":"closed","ping_status":"closed","template":"","meta":{"_acf_changed":false,"_locale":"vi","_original_post":"http:\/\/xsbizx2023.xsrv.jp\/?page_id=1357","footnotes":""},"class_list":["post-1360","page","type-page","status-publish","hentry","vi"],"acf":[],"_links":{"self":[{"href":"https:\/\/ohtavn.com\/wp-json\/wp\/v2\/pages\/1360","targetHints":{"allow":["GET"]}}],"collection":[{"href":"https:\/\/ohtavn.com\/wp-json\/wp\/v2\/pages"}],"about":[{"href":"https:\/\/ohtavn.com\/wp-json\/wp\/v2\/types\/page"}],"author":[{"embeddable":true,"href":"https:\/\/ohtavn.com\/wp-json\/wp\/v2\/users\/2"}],"replies":[{"embeddable":true,"href":"https:\/\/ohtavn.com\/wp-json\/wp\/v2\/comments?post=1360"}],"version-history":[{"count":0,"href":"https:\/\/ohtavn.com\/wp-json\/wp\/v2\/pages\/1360\/revisions"}],"wp:attachment":[{"href":"https:\/\/ohtavn.com\/wp-json\/wp\/v2\/media?parent=1360"}],"curies":[{"name":"wp","href":"https:\/\/api.w.org\/{rel}","templated":true}]}}