
{"id":1388,"date":"2023-07-17T16:38:31","date_gmt":"2023-07-17T07:38:31","guid":{"rendered":"http:\/\/xsbizx2023.xsrv.jp\/?page_id=1388"},"modified":"2023-12-14T10:58:12","modified_gmt":"2023-12-14T01:58:12","slug":"thanks","status":"publish","type":"page","link":"https:\/\/ohtavn.com\/vi\/resources\/catalog\/thanks\/","title":{"rendered":"Catalog \u2013 Thanks &#8211; VI"},"content":{"rendered":"<section class=\"clearfix\">\n<div class=\"contact_frame\">\n<p class=\"contact_frame_title\">Ch\u00fang t\u00f4i xin ch\u00e2n th\u00e0nh c\u1ea3m \u01a1n qu\u00fd kh\u00e1ch \u0111\u00e3 t\u1ea3i t\u1eadp t\u00e0i li\u1ec7u n\u00e0y.<br \/>\nB\u1eb1ng c\u00e1ch nh\u1ea5p v\u00e0o n\u00fat d\u01b0\u1edbi \u0111\u00e2y, qu\u00e1 tr\u00ecnh t\u1ea3i xu\u1ed1ng t\u00e0i li\u1ec7u s\u1ebd \u0111\u01b0\u1ee3c b\u1eaft \u0111\u1ea7u.<br \/>\nN\u1ebfu g\u1eb7p b\u1ea5t k\u1ef3 s\u1ef1 c\u1ed1 n\u00e0o, vui l\u00f2ng li\u00ean h\u1ec7 theo th\u00f4ng tin b\u00ean d\u01b0\u1edbi \u0111\u1ec3 ch\u00fang t\u00f4i c\u00f3 th\u1ec3 h\u1ed7 tr\u1ee3.<\/p>\n<div class=\"contact_frame_list\">\n<div class=\"contact_frame_info\">\n<p class=\"contact_frame_tt\">\u3010OHTA VIETNAM \u3011<\/p>\n<dl>\n<dt>Add:<\/dt>\n<dd>Lot 246, Street 12, Amata Industrial Park, Long Binh Ward,<br \/>Bien Hoa City, Dong Nai Province, Vietnam<\/dd>\n<\/dl>\n<dl>\n<dt>Tel:<\/dt>\n<dd>(+84) 251 393 6218 \/ 19<\/dd>\n<dt>Fax:<\/dt>\n<dd>+84 251 393 6220<\/dd>\n<\/dl>\n<dl>\n<dt>Email:<\/dt>\n<dd>contact@ohtavn.com<\/dd>\n<\/dl>\n<\/div>\n<div class=\"contact_frame_btn\">\n<p class=\"btn btn_down\"><a href=\"https:\/\/ohtavn.actibookone.com\/category\/list?param=eyJjYXRlZ29yeV9udW0iOjM1MjMxfQ==\" target=\"_blank\" rel=\"noopener\">T\u1ea3i t\u00e0i li\u1ec7u <span class=\"btnarr\"><\/span><\/a><\/p>\n<p class=\"btn\"><a href=\"https:\/\/ohtavn.com\/\">Quay v\u1ec1 TRANG CH\u1ee6<span class=\"btnarr\"><\/span><\/a><\/p>\n<\/div>\n<\/div>\n<\/div>\n<\/section>\n","protected":false},"excerpt":{"rendered":"<p>Ch\u00fang t\u00f4i xin ch\u00e2n th\u00e0nh c\u1ea3m \u01a1n qu\u00fd kh\u00e1ch \u0111\u00e3 t\u1ea3i t\u1eadp t\u00e0i li\u1ec7u n\u00e0y. B\u1eb1ng c\u00e1ch nh\u1ea5p v\u00e0o n\u00fat d\u01b0\u1edbi \u0111\u00e2y, qu\u00e1 tr\u00ecnh t\u1ea3i xu\u1ed1ng t\u00e0i li\u1ec7u s\u1ebd \u0111\u01b0\u1ee3c b\u1eaft \u0111\u1ea7u. N\u1ebfu g\u1eb7p b\u1ea5t k\u1ef3 s\u1ef1 c\u1ed1 n\u00e0o, vui l\u00f2ng li\u00ean h\u1ec7 theo th\u00f4ng tin b\u00ean d\u01b0\u1edbi \u0111\u1ec3 ch\u00fang t\u00f4i c\u00f3 th\u1ec3 h\u1ed7 tr\u1ee3. [&hellip;]<\/p>\n","protected":false},"author":2,"featured_media":0,"parent":1381,"menu_order":0,"comment_status":"closed","ping_status":"closed","template":"","meta":{"_acf_changed":false,"_locale":"vi","_original_post":"http:\/\/xsbizx2023.xsrv.jp\/?page_id=1384","footnotes":""},"class_list":["post-1388","page","type-page","status-publish","hentry","vi"],"acf":[],"_links":{"self":[{"href":"https:\/\/ohtavn.com\/wp-json\/wp\/v2\/pages\/1388","targetHints":{"allow":["GET"]}}],"collection":[{"href":"https:\/\/ohtavn.com\/wp-json\/wp\/v2\/pages"}],"about":[{"href":"https:\/\/ohtavn.com\/wp-json\/wp\/v2\/types\/page"}],"author":[{"embeddable":true,"href":"https:\/\/ohtavn.com\/wp-json\/wp\/v2\/users\/2"}],"replies":[{"embeddable":true,"href":"https:\/\/ohtavn.com\/wp-json\/wp\/v2\/comments?post=1388"}],"version-history":[{"count":0,"href":"https:\/\/ohtavn.com\/wp-json\/wp\/v2\/pages\/1388\/revisions"}],"up":[{"embeddable":true,"href":"https:\/\/ohtavn.com\/wp-json\/wp\/v2\/pages\/1381"}],"wp:attachment":[{"href":"https:\/\/ohtavn.com\/wp-json\/wp\/v2\/media?parent=1388"}],"curies":[{"name":"wp","href":"https:\/\/api.w.org\/{rel}","templated":true}]}}