
{"id":1394,"date":"2023-07-17T16:39:38","date_gmt":"2023-07-17T07:39:38","guid":{"rendered":"http:\/\/xsbizx2023.xsrv.jp\/?page_id=1394"},"modified":"2023-12-14T10:54:47","modified_gmt":"2023-12-14T01:54:47","slug":"white-paper","status":"publish","type":"page","link":"https:\/\/ohtavn.com\/vi\/resources\/white-paper\/","title":{"rendered":"White Paper &#8211; VI"},"content":{"rendered":"<section class=\"clearfix\">\n<div class=\"white-paper_list\">\n<div class=\"white-paper_detail\">\n<p class=\"white-paper_img\"><img decoding=\"async\" src=\"https:\/\/ohtavn.com\/wp-content\/themes\/ohtavn\/images\/white-paper_img01_vi.png\" alt=\"Th\u00f4ng tin v\u1ec1 c\u00e1c ti\u00eau chu\u1ea9n \u1ed1c v\u00edt \u0111\u01b0\u1ee3c s\u1eed d\u1ee5ng t\u1ea1i Nh\u1eadt B\u1ea3n\" width=\"340\" height=\"203\" \/><\/p>\n<dl>\n<dt>Th\u00f4ng tin v\u1ec1 c\u00e1c ti\u00eau chu\u1ea9n \u1ed1c v\u00edt \u0111\u01b0\u1ee3c s\u1eed d\u1ee5ng t\u1ea1i Nh\u1eadt B\u1ea3n<\/dt>\n<dd>Hi\u1ec7n t\u1ea1i, c\u00e1c lo\u1ea1i \u1ed1c v\u00edt \u0111\u01b0\u1ee3c ph\u00e2n ph\u1ed1i r\u1ed9ng r\u00e3i t\u1ea1i ch\u00e2u \u00c1, ch\u00fang t\u00f4i s\u1ebd gi\u1ea3i th\u00edch chi ti\u1ebft v\u1ec1 ti\u00eau chu\u1ea9n \u1ed1c v\u00edt JIS hi\u1ec7n t\u1ea1i.<\/dd>\n<\/dl>\n<\/div>\n<div class=\"white-paper_detail\">\n<p class=\"white-paper_img\"><img decoding=\"async\" src=\"https:\/\/ohtavn.com\/wp-content\/themes\/ohtavn\/images\/white-paper_img02_vi.png\" alt=\"\u0110\u1eb7c \u0111i\u1ec3m ch\u00ednh c\u1ee7a t\u1eebng lo\u1ea1i v\u1eadt li\u1ec7u \u1ed1c v\u00edt\" width=\"340\" height=\"203\" \/><\/p>\n<dl>\n<dt>\u0110\u1eb7c \u0111i\u1ec3m ch\u00ednh c\u1ee7a t\u1eebng lo\u1ea1i v\u1eadt li\u1ec7u \u1ed1c v\u00edt<\/dt>\n<dd>\u1ed0c v\u00edt \u0111\u01b0\u1ee3c s\u1eed d\u1ee5ng trong nhi\u1ec1u lo\u1ea1i s\u1ea3n ph\u1ea9m kh\u00e1c nhau. Ch\u00fang t\u00f4i s\u1ebd gi\u1edbi thi\u1ec7u v\u1ec1 c\u00e1ch l\u1ef1a ch\u1ecdn v\u1eadt li\u1ec7u ph\u00f9 h\u1ee3p v\u1edbi t\u1eebng c\u1ea5u h\u00ecnh v\u00e0 m\u1ee5c \u0111\u00edch s\u1eed d\u1ee5ng.<\/dd>\n<\/dl>\n<\/div>\n<div class=\"white-paper_detail\">\n<p class=\"white-paper_img\"><img decoding=\"async\" src=\"https:\/\/ohtavn.com\/wp-content\/themes\/ohtavn\/images\/white-paper_img03_vi.png\" alt=\"C\u00e1c ph\u01b0\u01a1ng ph\u00e1p ch\u00ednh \u0111\u1ec3 gia c\u00f4ng \u1ed1c v\u00edt\" width=\"340\" height=\"203\" \/><\/p>\n<dl>\n<dt>C\u00e1c ph\u01b0\u01a1ng ph\u00e1p ch\u00ednh \u0111\u1ec3 gia c\u00f4ng \u1ed1c v\u00edt<\/dt>\n<dd>Ch\u00fang t\u00f4i s\u1ebd gi\u1edbi thi\u1ec7u v\u1ec1 c\u00e1c \u0111\u1eb7c \u0111i\u1ec3m v\u00e0 \u01b0u \u0111i\u1ec3m c\u1ee7a c\u00e1c ph\u01b0\u01a1ng ph\u00e1p gia c\u00f4ng \u1ed1c v\u00edt. Hi v\u1ecdng th\u00f4ng tin n\u00e0y s\u1ebd gi\u00fap qu\u00fd c\u00f4ng ty xem x\u00e9t v\u00e0 l\u1ef1a ch\u1ecdn \u0111\u01b0\u1ee3c ph\u01b0\u01a1ng ph\u00e1p gia c\u00f4ng t\u1ed1i \u01b0u cho s\u1ea3n ph\u1ea9m c\u1ee7a m\u00ecnh.<\/dd>\n<\/dl>\n<\/div>\n<\/div>\n<\/section>\n<section class=\"clearfix\">\n<div class=\"contact_frame\"><script id=\"_bownow_cs_sid_e13ac57df03a054f2273\">\nvar _bownow_cs_sid_e13ac57df03a054f2273 = document.createElement('script');\n_bownow_cs_sid_e13ac57df03a054f2273.charset = 'utf-8';\n_bownow_cs_sid_e13ac57df03a054f2273.src = 'https:\/\/contents.bownow.jp\/forms\/sid_e13ac57df03a054f2273\/trace.js';\ndocument.getElementsByTagName('head')[0].appendChild(_bownow_cs_sid_e13ac57df03a054f2273);\n<\/script><\/div>\n<\/section>\n","protected":false},"excerpt":{"rendered":"<p>Th\u00f4ng tin v\u1ec1 c\u00e1c ti\u00eau chu\u1ea9n \u1ed1c v\u00edt \u0111\u01b0\u1ee3c s\u1eed d\u1ee5ng t\u1ea1i Nh\u1eadt B\u1ea3n Hi\u1ec7n t\u1ea1i, c\u00e1c lo\u1ea1i \u1ed1c v\u00edt \u0111\u01b0\u1ee3c ph\u00e2n ph\u1ed1i r\u1ed9ng r\u00e3i t\u1ea1i ch\u00e2u \u00c1, ch\u00fang t\u00f4i s\u1ebd gi\u1ea3i th\u00edch chi ti\u1ebft v\u1ec1 ti\u00eau chu\u1ea9n \u1ed1c v\u00edt JIS hi\u1ec7n t\u1ea1i. \u0110\u1eb7c \u0111i\u1ec3m ch\u00ednh c\u1ee7a t\u1eebng lo\u1ea1i v\u1eadt li\u1ec7u \u1ed1c v\u00edt \u1ed0c v\u00edt [&hellip;]<\/p>\n","protected":false},"author":2,"featured_media":0,"parent":1360,"menu_order":0,"comment_status":"closed","ping_status":"closed","template":"","meta":{"_acf_changed":false,"_locale":"vi","_original_post":"http:\/\/xsbizx2023.xsrv.jp\/?page_id=1391","footnotes":""},"class_list":["post-1394","page","type-page","status-publish","hentry","vi"],"acf":[],"_links":{"self":[{"href":"https:\/\/ohtavn.com\/wp-json\/wp\/v2\/pages\/1394","targetHints":{"allow":["GET"]}}],"collection":[{"href":"https:\/\/ohtavn.com\/wp-json\/wp\/v2\/pages"}],"about":[{"href":"https:\/\/ohtavn.com\/wp-json\/wp\/v2\/types\/page"}],"author":[{"embeddable":true,"href":"https:\/\/ohtavn.com\/wp-json\/wp\/v2\/users\/2"}],"replies":[{"embeddable":true,"href":"https:\/\/ohtavn.com\/wp-json\/wp\/v2\/comments?post=1394"}],"version-history":[{"count":0,"href":"https:\/\/ohtavn.com\/wp-json\/wp\/v2\/pages\/1394\/revisions"}],"up":[{"embeddable":true,"href":"https:\/\/ohtavn.com\/wp-json\/wp\/v2\/pages\/1360"}],"wp:attachment":[{"href":"https:\/\/ohtavn.com\/wp-json\/wp\/v2\/media?parent=1394"}],"curies":[{"name":"wp","href":"https:\/\/api.w.org\/{rel}","templated":true}]}}